{"id":16813,"date":"2023-05-24T14:44:05","date_gmt":"2023-05-24T12:44:05","guid":{"rendered":"https:\/\/swissmassage.ch\/produit\/navy-blue-massage-towel\/"},"modified":"2023-05-24T14:44:05","modified_gmt":"2023-05-24T12:44:05","slug":"navy-blue-massage-towel","status":"publish","type":"product","link":"https:\/\/swissmassage.weprocess.dev\/en\/products\/navy-blue-massage-towel\/","title":{"rendered":"Massage Towel &#8211; Navy Blue"},"content":{"rendered":"<h2>Giant massage towel of 2.2m\/1m navy blue color.<\/h2>\n<p>&nbsp;<\/p>\n<p style=\"text-align: left\"><img loading=\"lazy\" decoding=\"async\" class=\"image-gauche\" title=\"Giant massage towels navy blue 1m\/2.2m swissmassage\" src=\"https:\/\/swissmassage.weprocess.dev\/wp-content\/uploads\/content\/linge-massage-marine-swissmassage_2nd.jpg\" alt=\"Towel Massage Marine Swissmassage\" width=\"260\" height=\"142\" longdesc=\"linges de massage g\u00e9ants 1 m\u00e8tre sur 2 m\u00e8tres swissmassage\"><br \/>\n<span style=\"font-size: 10pt\"> Giant massage towel of 2.2\/1m navy blue Available throughout Switzerland. Or take it directly to our showroom. Giant sponge cotton massage cloth for massage table. Dimensions 2.2m long by 1m wide. Washable at 60\u00b0C Ideal for completely covering your massage table. Gives character and matches the colors of your institute      <\/span><\/p>\n","protected":false},"excerpt":{"rendered":"<p>Giant massage towel of 2.2m\/1m navy blue color. &nbsp; Giant massage towel of 2.2\/1m navy blue Available throughout Switzerland. Or take it directly to our showroom. Giant sponge cotton massage cloth for massage table. Dimensions 2.2m long by 1m wide. Washable at 60\u00b0C Ideal for completely covering your massage table. Gives character and matches the&hellip;<\/p>\n","protected":false},"featured_media":11386,"template":"","meta":{"_seopress_robots_primary_cat":"none","_seopress_titles_title":"","_seopress_titles_desc":"Protect your massage table with this giant cotton terry towel, 2.2 m x 1 m, navy blue color: ideal for incomparable comfort and elegance.","_seopress_robots_index":""},"pwb-brand":[],"product_brand":[],"product_cat":[1600,1595],"product_tag":[],"product_folder":[1016],"class_list":{"0":"post-16813","1":"product","2":"type-product","3":"status-publish","4":"has-post-thumbnail","6":"product_cat-all-massage-accessories","7":"product_cat-massage-towels","9":"first","10":"instock","11":"taxable","12":"shipping-taxable","13":"purchasable","14":"product-type-simple"},"exclude_global_add_ons":[],"addons":[],"brands":[],"_links":{"self":[{"href":"https:\/\/swissmassage.weprocess.dev\/en\/wp-json\/wp\/v2\/product\/16813","targetHints":{"allow":["GET"]}}],"collection":[{"href":"https:\/\/swissmassage.weprocess.dev\/en\/wp-json\/wp\/v2\/product"}],"about":[{"href":"https:\/\/swissmassage.weprocess.dev\/en\/wp-json\/wp\/v2\/types\/product"}],"wp:featuredmedia":[{"embeddable":true,"href":"https:\/\/swissmassage.weprocess.dev\/en\/wp-json\/wp\/v2\/media\/11386"}],"wp:attachment":[{"href":"https:\/\/swissmassage.weprocess.dev\/en\/wp-json\/wp\/v2\/media?parent=16813"}],"wp:term":[{"taxonomy":"pwb-brand","embeddable":true,"href":"https:\/\/swissmassage.weprocess.dev\/en\/wp-json\/wp\/v2\/pwb-brand?post=16813"},{"taxonomy":"product_brand","embeddable":true,"href":"https:\/\/swissmassage.weprocess.dev\/en\/wp-json\/wp\/v2\/product_brand?post=16813"},{"taxonomy":"product_cat","embeddable":true,"href":"https:\/\/swissmassage.weprocess.dev\/en\/wp-json\/wp\/v2\/product_cat?post=16813"},{"taxonomy":"product_tag","embeddable":true,"href":"https:\/\/swissmassage.weprocess.dev\/en\/wp-json\/wp\/v2\/product_tag?post=16813"},{"taxonomy":"product_folder","embeddable":true,"href":"https:\/\/swissmassage.weprocess.dev\/en\/wp-json\/wp\/v2\/product_folder?post=16813"}],"curies":[{"name":"wp","href":"https:\/\/api.w.org\/{rel}","templated":true}]}}