{"id":16809,"date":"2023-05-24T14:44:13","date_gmt":"2023-05-24T12:44:13","guid":{"rendered":"https:\/\/swissmassage.ch\/produit\/chocolate-massage-towel\/"},"modified":"2023-05-24T14:44:13","modified_gmt":"2023-05-24T12:44:13","slug":"chocolate-massage-towel","status":"publish","type":"product","link":"https:\/\/swissmassage.weprocess.dev\/en\/products\/chocolate-massage-towel\/","title":{"rendered":"Massage towel &#8211; Choco"},"content":{"rendered":"<h2>Giant massage towel of 2.2\/1m chocolate color<\/h2>\n<p style=\"text-align: left;\"><img loading=\"lazy\" decoding=\"async\" class=\"image-gauche\" title=\"Giant massage towels Choco Brown 1m\/2.2m Swissmassage\" src=\"https:\/\/swissmassage.weprocess.dev\/wp-content\/uploads\/content\/linge-massage-choco-swissmassage_2nd.jpg\" alt=\"Choco Swissmassage Massage Towel\" width=\"260\" height=\"139\" longdesc=\"linges de massage g\u00e9ants 1 m\u00e8tre sur 2 m\u00e8tres swissmassage\"><\/p>\n<p>  Available throughout Switzerland.<br \/>\nOr take it directly to our showroom.  Giant sponge cotton massage towel for massage table. Dimensions 2.2m long by 1m wide. Washable at 60\u00b0C Ideal for completely covering your massage table. Gives character and matches the colors of your institute   <\/p>\n","protected":false},"excerpt":{"rendered":"<p>Giant massage towel of 2.2\/1m chocolate color Available throughout Switzerland. Or take it directly to our showroom. Giant sponge cotton massage towel for massage table. Dimensions 2.2m long by 1m wide. Washable at 60\u00b0C Ideal for completely covering your massage table. Gives character and matches the colors of your institute<\/p>\n","protected":false},"featured_media":11398,"template":"","meta":{"_seopress_robots_primary_cat":"none","_seopress_titles_title":"","_seopress_titles_desc":"Giant massage towel 2.2 x 1 m, chocolate colour: covers your massage table completely, washable at 60\u00b0C for perfect hygiene.","_seopress_robots_index":""},"pwb-brand":[],"product_brand":[],"product_cat":[1600,1595],"product_tag":[],"product_folder":[1016],"class_list":{"0":"post-16809","1":"product","2":"type-product","3":"status-publish","4":"has-post-thumbnail","6":"product_cat-all-massage-accessories","7":"product_cat-massage-towels","9":"first","10":"instock","11":"taxable","12":"shipping-taxable","13":"purchasable","14":"product-type-simple"},"exclude_global_add_ons":[],"addons":[],"brands":[],"_links":{"self":[{"href":"https:\/\/swissmassage.weprocess.dev\/en\/wp-json\/wp\/v2\/product\/16809","targetHints":{"allow":["GET"]}}],"collection":[{"href":"https:\/\/swissmassage.weprocess.dev\/en\/wp-json\/wp\/v2\/product"}],"about":[{"href":"https:\/\/swissmassage.weprocess.dev\/en\/wp-json\/wp\/v2\/types\/product"}],"wp:featuredmedia":[{"embeddable":true,"href":"https:\/\/swissmassage.weprocess.dev\/en\/wp-json\/wp\/v2\/media\/11398"}],"wp:attachment":[{"href":"https:\/\/swissmassage.weprocess.dev\/en\/wp-json\/wp\/v2\/media?parent=16809"}],"wp:term":[{"taxonomy":"pwb-brand","embeddable":true,"href":"https:\/\/swissmassage.weprocess.dev\/en\/wp-json\/wp\/v2\/pwb-brand?post=16809"},{"taxonomy":"product_brand","embeddable":true,"href":"https:\/\/swissmassage.weprocess.dev\/en\/wp-json\/wp\/v2\/product_brand?post=16809"},{"taxonomy":"product_cat","embeddable":true,"href":"https:\/\/swissmassage.weprocess.dev\/en\/wp-json\/wp\/v2\/product_cat?post=16809"},{"taxonomy":"product_tag","embeddable":true,"href":"https:\/\/swissmassage.weprocess.dev\/en\/wp-json\/wp\/v2\/product_tag?post=16809"},{"taxonomy":"product_folder","embeddable":true,"href":"https:\/\/swissmassage.weprocess.dev\/en\/wp-json\/wp\/v2\/product_folder?post=16809"}],"curies":[{"name":"wp","href":"https:\/\/api.w.org\/{rel}","templated":true}]}}