{"id":16778,"date":"2023-05-24T14:44:18","date_gmt":"2023-05-24T12:44:18","guid":{"rendered":"https:\/\/swissmassage.ch\/produit\/purple-massage-towel\/"},"modified":"2024-08-23T09:06:04","modified_gmt":"2024-08-23T07:06:04","slug":"purple-massage-towel","status":"publish","type":"product","link":"https:\/\/swissmassage.weprocess.dev\/en\/products\/purple-massage-towel\/","title":{"rendered":"Massage Towel &#8211; Purple"},"content":{"rendered":"<h2>Giant massage towel of 2.2\/1m purple color<\/h2>\n<p style=\"text-align: left\"><img loading=\"lazy\" decoding=\"async\" class=\"image-gauche\" title=\"Purple Giant Massage Towels 1m\/2.2m Swissmassage\" src=\"https:\/\/swissmassage.weprocess.dev\/wp-content\/uploads\/content\/linge-massage-violet-swissmassage_2nd.jpg\" alt=\"Purple massage towel Swissmassage\" width=\"260\" height=\"148\" longdesc=\"linges de massage g\u00e9ants 1 m\u00e8tre sur 2 m\u00e8tres swissmassage\"><\/p>\n<p>  Available throughout Switzerland.<br \/>\nOr take it directly to our showroom.  Giant sponge cotton massage towel for massage table. Dimensions 2.2m long by 1m wide. Washable at 60\u00b0C Ideal for completely covering your massage table. Gives character and matches the colors of your institute Registered trademark SWISSMASSAGE, guarantee of seriousness and follow-up.   <\/p>\n","protected":false},"excerpt":{"rendered":"<p>Giant massage towel of 2.2\/1m purple color Available throughout Switzerland. Or take it directly to our showroom. Giant sponge cotton massage towel for massage table. Dimensions 2.2m long by 1m wide. Washable at 60\u00b0C Ideal for completely covering your massage table. Gives character and matches the colors of your institute Registered trademark SWISSMASSAGE, guarantee of&hellip;<\/p>\n","protected":false},"featured_media":11404,"template":"","meta":{"_seopress_robots_primary_cat":"none","_seopress_titles_title":"","_seopress_titles_desc":"Jumbo massage towel 2.2 x 1 m, purple color: completely covers your massage table for optimal protection and comfort.","_seopress_robots_index":""},"pwb-brand":[],"product_brand":[],"product_cat":[1600,1595],"product_tag":[],"product_folder":[1016],"class_list":{"0":"post-16778","1":"product","2":"type-product","3":"status-publish","4":"has-post-thumbnail","6":"product_cat-all-massage-accessories","7":"product_cat-massage-towels","9":"first","10":"instock","11":"taxable","12":"shipping-taxable","13":"purchasable","14":"product-type-simple"},"exclude_global_add_ons":[],"addons":[],"brands":[],"_links":{"self":[{"href":"https:\/\/swissmassage.weprocess.dev\/en\/wp-json\/wp\/v2\/product\/16778","targetHints":{"allow":["GET"]}}],"collection":[{"href":"https:\/\/swissmassage.weprocess.dev\/en\/wp-json\/wp\/v2\/product"}],"about":[{"href":"https:\/\/swissmassage.weprocess.dev\/en\/wp-json\/wp\/v2\/types\/product"}],"wp:featuredmedia":[{"embeddable":true,"href":"https:\/\/swissmassage.weprocess.dev\/en\/wp-json\/wp\/v2\/media\/11404"}],"wp:attachment":[{"href":"https:\/\/swissmassage.weprocess.dev\/en\/wp-json\/wp\/v2\/media?parent=16778"}],"wp:term":[{"taxonomy":"pwb-brand","embeddable":true,"href":"https:\/\/swissmassage.weprocess.dev\/en\/wp-json\/wp\/v2\/pwb-brand?post=16778"},{"taxonomy":"product_brand","embeddable":true,"href":"https:\/\/swissmassage.weprocess.dev\/en\/wp-json\/wp\/v2\/product_brand?post=16778"},{"taxonomy":"product_cat","embeddable":true,"href":"https:\/\/swissmassage.weprocess.dev\/en\/wp-json\/wp\/v2\/product_cat?post=16778"},{"taxonomy":"product_tag","embeddable":true,"href":"https:\/\/swissmassage.weprocess.dev\/en\/wp-json\/wp\/v2\/product_tag?post=16778"},{"taxonomy":"product_folder","embeddable":true,"href":"https:\/\/swissmassage.weprocess.dev\/en\/wp-json\/wp\/v2\/product_folder?post=16778"}],"curies":[{"name":"wp","href":"https:\/\/api.w.org\/{rel}","templated":true}]}}