{"id":16671,"date":"2023-05-24T14:48:51","date_gmt":"2023-05-24T14:48:51","guid":{"rendered":"https:\/\/swissmassage.ch\/produit\/electric-cart-senior-model-cross\/"},"modified":"2025-03-12T16:00:53","modified_gmt":"2025-03-12T15:00:53","slug":"electric-cart-senior-model-cross","status":"publish","type":"product","link":"https:\/\/swissmassage.weprocess.dev\/en\/products\/electric-cart-senior-model-cross\/","title":{"rendered":"Senior Electric Cart Model Cross in Clearance"},"content":{"rendered":"<h2>Description of the Cross model senior electric cart in liquidation with 3 months warranty and new batteries of the day:<\/h2>\n<p><span style=\"font-size: 10pt;\">The Cross model senior electric cart takes you where you can&#8217;t go for a while.<br \/>\nSince you no longer have the ability to move and less autonomy, due to your age or following an accident or illness.<br \/>\nThanks to the Cross electric cart, you will find the freedom to choose the time of day that suits you best to do your shopping or go for a ride without waiting on the caregivers who, despite their great wishes and the love they have for you, are available more frequently at late hours after work. <\/span><br \/>\n<span style=\"font-size: 10pt;\">You will be able to regain your mobility, your independence, the richness of encounters in the shops, make your purchases in the basket provided for this purpose detachable from the handlebars and mobile phone in hand, or walk through the streets of your city, village or district, you will be able to go to the post office or the bank quietly and discreetly without having to justify yourself to those around you.<\/span><br \/>\n<span style=\"font-size: 10pt;\">You will meet your friends at the market, for example, or at the bistro for the Valaisans:)<\/span><br \/>\n<span style=\"font-size: 10pt;\">You will go to see or accompany your grandchildren to school.<\/span><br \/>\n<span style=\"font-size: 10pt;\">As urban centres are increasingly equipped and compatible with mobility aids, you will be able to reach administrations, natural parks, museums and cultural centres.<\/span><br \/>\n<span style=\"font-size: 10pt;\">The Cross senior cart can be used on sidewalks, it behaves like a pedestrian in urban traffic with its priorities and obligations, freedom of movement is regained but without the inconveniences caused by motor vehicles, parking, traffic jams, stress, licenses.<\/span><br \/>\n<span style=\"font-size: 10pt;\">Equipped with a 350W motor, it drives at an adjustable speed from 1 to 10km\/h, it allows you to be accompanied by an able-bodied person while having a speed reserve when travelling alone.<\/span><br \/>\n<span style=\"font-size: 10pt;\">It can climb slopes of up to 12\u00b0.<\/span><br \/>\n<span style=\"font-size: 10pt;\">The Cross Senior electric cart can travel 25 to 30km on a full charge, offering an autonomy of several hours, beautiful rides in sight, and travel in rural areas.<\/span><br \/>\n<span style=\"font-size: 10pt;\">Its reverse gear is very practical when manoeuvring or parking.<\/span><br \/>\n<span style=\"font-size: 10pt;\">It is equipped with a self-locking engine brake that activates as soon as the accelerator is released.<\/span><br \/>\n<span style=\"font-size: 10pt;\">It supports the weight of a person of up to 120kg, its solid wheels have a diameter of 25cm giving it a ground clearance of 15cm.<\/span><br \/>\n<span style=\"font-size: 10pt;\">Its seat shock absorber gives very good comfort by smoothing out the roughness of the road.<\/span><br \/>\n<span style=\"font-size: 10pt;\">The Cross Senior 4-wheel electric cart can be switched to freewheels in order to easily move it around the house or garage.<\/span><br \/>\n<span style=\"font-size: 10pt;\">It has a cold light LED headlight, rear reflectors and an ignition key.<\/span><br \/>\n<span style=\"font-size: 10pt;\">The Cross Senior electric cart being very quiet, it is equipped with a &#8220;tut-tut&#8221; or &#8220;beep-beep&#8221; horn that looks nothing like the horn of a car but effective in signaling its presence on the sidewalks.<\/span><br \/>\n<span style=\"font-size: 10pt;\">It can be easily dismantled when transporting by car for travel and can be easily reassembled in 1 minute at the destination to practice a family activity such as a walk by the lake, or during a vacation.<\/span><\/p>\n<p><span style=\"font-size: 10pt;\"> <strong>Copyright \u00a9 Swissmassage S\u00e0rl<\/strong><\/span> Technical summary of the Senior Cross electric cart:<span style=\"font-size: 10pt;\"><span style=\"font-size: 10pt;\">Motor power 24V 350W.<br \/>\nBatteries 2x 12V 45A.<br \/>\nMaximum charging time 8h-10h.<br \/>\nDistance covered per charge 25 to 30km.<br \/>\nMaximum adjustable speed 10km\/h.<br \/>\nReverse gear with adjustable speed.<br \/>\nSelf-locking motor brake.<br \/>\nMaximum load supported 120kg.<br \/>\nDiameter of the solid wheels 25cm.<br \/>\nTacking radius 150cm.<br \/>\nGround clearance 15cm.<br \/>\nMaximum slope 12\u00b0.<br \/>\nSeat damper.<br \/>\nFreewheel switch.<br \/>\nReddish colour.<br \/>\nFront LED lamp.<br \/>\nRear reflectors.<br \/>\nWeight 75kg.<br \/>\nDimensions 120 x 56 x 98cm. <\/span><\/span><\/p>\n","protected":false},"excerpt":{"rendered":"<p>Cross Senior electric cart.<br \/>\nElectric cart for reduced mobility Senior.<\/p>\n","protected":false},"featured_media":11560,"template":"","meta":{"_seopress_robots_primary_cat":"none","_seopress_titles_title":"Voiturette \u00e9lectrique Senior Mod\u00e8le Cross en liquidation","_seopress_titles_desc":"La voiturette \u00e9lectrique pour senior mod\u00e8le Cross vous emm\u00e8ne l\u00e0 o\u00f9 vous ne pouvez plus aller depuis un certain temps.","_seopress_robots_index":""},"pwb-brand":[],"product_brand":[],"product_cat":[1655,1656,1629],"product_tag":[1830,1832,1831,1829],"product_folder":[1027],"class_list":{"0":"post-16671","1":"product","2":"type-product","3":"status-publish","4":"has-post-thumbnail","6":"product_cat-all-senior-products","7":"product_cat-mobility-for-senior","8":"product_cat-our-outlet","9":"product_tag-mobility","10":"product_tag-motor-scooter","11":"product_tag-senior-en","12":"product_tag-small-car","14":"first","15":"outofstock","16":"sale","17":"taxable","18":"shipping-taxable","19":"purchasable","20":"product-type-simple"},"exclude_global_add_ons":[],"addons":[],"brands":[],"_links":{"self":[{"href":"https:\/\/swissmassage.weprocess.dev\/en\/wp-json\/wp\/v2\/product\/16671","targetHints":{"allow":["GET"]}}],"collection":[{"href":"https:\/\/swissmassage.weprocess.dev\/en\/wp-json\/wp\/v2\/product"}],"about":[{"href":"https:\/\/swissmassage.weprocess.dev\/en\/wp-json\/wp\/v2\/types\/product"}],"wp:featuredmedia":[{"embeddable":true,"href":"https:\/\/swissmassage.weprocess.dev\/en\/wp-json\/wp\/v2\/media\/11560"}],"wp:attachment":[{"href":"https:\/\/swissmassage.weprocess.dev\/en\/wp-json\/wp\/v2\/media?parent=16671"}],"wp:term":[{"taxonomy":"pwb-brand","embeddable":true,"href":"https:\/\/swissmassage.weprocess.dev\/en\/wp-json\/wp\/v2\/pwb-brand?post=16671"},{"taxonomy":"product_brand","embeddable":true,"href":"https:\/\/swissmassage.weprocess.dev\/en\/wp-json\/wp\/v2\/product_brand?post=16671"},{"taxonomy":"product_cat","embeddable":true,"href":"https:\/\/swissmassage.weprocess.dev\/en\/wp-json\/wp\/v2\/product_cat?post=16671"},{"taxonomy":"product_tag","embeddable":true,"href":"https:\/\/swissmassage.weprocess.dev\/en\/wp-json\/wp\/v2\/product_tag?post=16671"},{"taxonomy":"product_folder","embeddable":true,"href":"https:\/\/swissmassage.weprocess.dev\/en\/wp-json\/wp\/v2\/product_folder?post=16671"}],"curies":[{"name":"wp","href":"https:\/\/api.w.org\/{rel}","templated":true}]}}