{"id":16153,"date":"2023-05-24T15:02:39","date_gmt":"2023-05-24T15:02:39","guid":{"rendered":"https:\/\/swissmassage.ch\/produit\/5-plane-physiotherapy-table-model-ce-2359-abrpc\/"},"modified":"2025-11-19T09:02:31","modified_gmt":"2025-11-19T08:02:31","slug":"5-plane-physiotherapy-table-model-ce-2359-abrpc","status":"publish","type":"product","link":"https:\/\/swissmassage.weprocess.dev\/en\/products\/5-plane-physiotherapy-table-model-ce-2359-abrpc\/","title":{"rendered":"5-plane Physiotherapy Table model CE-2359-ABRPC"},"content":{"rendered":"<h2>5-plane Physiotherapy Table model CE-2359-ABRPC.<\/h2>\n<p>Headrest Type Headrest with Hole and Face Cap<br \/>\nFile type Position pro\/declivation in negative<br \/>\nLegs Adjustable footrest (third plane)<br \/>\nFoldable flat armrests<br \/>\nHeight and width adjustable backrest armrests<br \/>\nCommande \u00e0 main 3 moteurs<br \/>\nPositions sp\u00e9ciales Trendelenburg, cyphose<br \/>\nType de structure chassis h\u00e9lico\u00efdal<br \/>\nPoids support\u00e9 180 kg<br \/>\nMat\u00e9riaux, ch\u00e2ssis m\u00e9cano soud\u00e9 en acier. Finish: Epoxy powder paint baked at 210\u00baC<br \/>\nWhite Paint<br \/>\nMotor Type: Electric<br \/>\nNumber of Motors 3<br \/>\nMotorized features Height from 50 cm to 90 cm<br \/>\nFunctions by a gas spring for the backrest<br \/>\nRetractable and reclining<br \/>\nFeatures by two gas valves for the tilting jam cushion<br \/>\nVertical climbing without lateral movement<br \/>\nLength 193 cm, width of your choice: 62 cm or 70 cm<br \/>\n5 cm foam for 30 kg\/m\u00b3 or on request, 3 or 8 cm foam up to 60 kg\/m\u00b3<br \/>\nPaper<br \/>\nroll holders Castor system Retractable by a single pedal<br \/>\nType of castors Double castors of \u00d8 50 mm<br \/>\nStandards and safety, the motor complies with European<br \/>\nsafety standards CE product. Made in Europe<\/p>\n<h2>Characteristics of the Spradling coating.<\/h2>\n<p>The coating, which meets medical standards, has a very high level of properties that positions it with certification to medical standards.<br \/>\nIt is antimicrobial, antibacterial, anti-fungal. It is resistant to abrasion, withstands contact with the human body, saliva, perspiration, urine, blood.<br \/>\nThis waterproof and fireproof coating is recommended and recognized for all uses in medical environments. <\/p>\n<h2>Choice of coating colours.<\/h2>\n<p><img loading=\"lazy\" decoding=\"async\" class=\"alignnone size-full wp-image-8278\" src=\"https:\/\/swissmassage.weprocess.dev\/wp-content\/uploads\/Palette-de-couleur-tables-physio-2.webp\" alt=\"\" width=\"1000\" height=\"600\" srcset=\"https:\/\/swissmassage.weprocess.dev\/wp-content\/uploads\/Palette-de-couleur-tables-physio-2.webp 1000w, https:\/\/swissmassage.weprocess.dev\/wp-content\/uploads\/Palette-de-couleur-tables-physio-2-600x360.webp 600w, https:\/\/swissmassage.weprocess.dev\/wp-content\/uploads\/Palette-de-couleur-tables-physio-2-300x180.webp 300w, https:\/\/swissmassage.weprocess.dev\/wp-content\/uploads\/Palette-de-couleur-tables-physio-2-768x461.webp 768w, https:\/\/swissmassage.weprocess.dev\/wp-content\/uploads\/Palette-de-couleur-tables-physio-2-20x12.webp 20w\" sizes=\"auto, (max-width: 1000px) 100vw, 1000px\" \/> <img loading=\"lazy\" decoding=\"async\" class=\"alignnone size-full wp-image-8279\" src=\"https:\/\/swissmassage.weprocess.dev\/wp-content\/uploads\/Palette-de-couleur-tables-physio-1.webp\" alt=\"\" width=\"1000\" height=\"600\" srcset=\"https:\/\/swissmassage.weprocess.dev\/wp-content\/uploads\/Palette-de-couleur-tables-physio-1.webp 1000w, https:\/\/swissmassage.weprocess.dev\/wp-content\/uploads\/Palette-de-couleur-tables-physio-1-600x360.webp 600w, https:\/\/swissmassage.weprocess.dev\/wp-content\/uploads\/Palette-de-couleur-tables-physio-1-300x180.webp 300w, https:\/\/swissmassage.weprocess.dev\/wp-content\/uploads\/Palette-de-couleur-tables-physio-1-768x461.webp 768w, https:\/\/swissmassage.weprocess.dev\/wp-content\/uploads\/Palette-de-couleur-tables-physio-1-20x12.webp 20w\" sizes=\"auto, (max-width: 1000px) 100vw, 1000px\" \/><\/p>\n","protected":false},"excerpt":{"rendered":"<p>5-plane Physiotherapy Table model CE-2359-ABRPC. Headrest Type Headrest with Hole and Face Cap File type Position pro\/declivation in negative Legs Adjustable footrest (third plane) Foldable flat armrests Height and width adjustable backrest armrests Commande \u00e0 main 3 moteurs Positions sp\u00e9ciales Trendelenburg, cyphose Type de structure chassis h\u00e9lico\u00efdal Poids support\u00e9 180 kg Mat\u00e9riaux, ch\u00e2ssis m\u00e9cano soud\u00e9&hellip;<\/p>\n","protected":false},"featured_media":21465,"template":"","meta":{"_seopress_robots_primary_cat":"none","_seopress_titles_title":"5-plane Physiotherapy Table model CE-2359-ABRPC","_seopress_titles_desc":"5-plane physiotherapy table: length 193 cm, width 62 cm or 70 cm, 5 cm foam (30 kg\/m\u00b3) or on request, 3 or 8 cm foam (up to 60 kg\/m\u00b3).","_seopress_robots_index":""},"pwb-brand":[],"product_brand":[],"product_cat":[1644,1642],"product_tag":[1758,1755,1759],"product_folder":[1003],"class_list":{"0":"post-16153","1":"product","2":"type-product","3":"status-publish","4":"has-post-thumbnail","6":"product_cat-all-physiotherapy-and-medical-items","7":"product_cat-physiotherapy-and-medical-beds","8":"product_tag-electrical-physio-table","9":"product_tag-physio-en","10":"product_tag-physio-table","12":"first","13":"instock","14":"taxable","15":"shipping-taxable","16":"purchasable","17":"product-type-simple"},"exclude_global_add_ons":false,"addons":[{"name":"Choice of Width, mandatory","type":"multiple_choice","position":0,"required":true,"title_format":"label","description_enable":false,"description":null,"placeholder_enable":false,"placeholder":null,"display":"radiobutton","restrictions_type":"any_text","adjust_price":false,"price":"","price_type":"flat_fee","restrictions":false,"min":0,"max":0,"options":[{"label":"62 cm","price":"","price_type":"flat_fee","image":0},{"label":"70 cm","price":"140","price_type":"flat_fee","image":0}],"id":1704302308},{"name":"Choice of type of foam, mandatory","type":"multiple_choice","position":1,"required":true,"title_format":"label","description_enable":false,"description":null,"placeholder_enable":false,"placeholder":null,"display":"images","restrictions_type":"any_text","adjust_price":false,"price":"","price_type":"flat_fee","restrictions":false,"min":0,"max":0,"options":[{"label":"Standard 5 cm 30Kg\/m\u00b3","price":"","price_type":"flat_fee","image":8387},{"label":"Soft Memory 8 cm i.e. 4 cm 30Kg\/m\u00b3 + 4 cm memory","price":"220","price_type":"flat_fee","image":8385},{"label":"Medium Memory 7 cm i.e. 5 cm 30Kg\/m\u00b3 + 2 cm memory","price":"220","price_type":"flat_fee","image":8388},{"label":"Strong osteo 3 cm 60Kg\/m\u00b3","price":"220","price_type":"flat_fee","image":8386}],"id":1704302309},{"name":"Choice of coating colour, mandatory","type":"multiple_choice","position":2,"required":true,"title_format":"label","description_enable":false,"description":null,"placeholder_enable":false,"placeholder":null,"display":"images","restrictions_type":"any_text","adjust_price":false,"price":"","price_type":"flat_fee","restrictions":false,"min":0,"max":0,"options":[{"label":"White","price":"","price_type":"flat_fee","image":8361},{"label":"Pearl","price":"","price_type":"flat_fee","image":8357},{"label":"Ashgrey","price":"","price_type":"flat_fee","image":8351},{"label":"Birch","price":"","price_type":"flat_fee","image":8353},{"label":"Cherry","price":"","price_type":"flat_fee","image":8355},{"label":"Rose","price":"","price_type":"flat_fee","image":8358},{"label":"Slate-grey","price":"","price_type":"flat_fee","image":8359},{"label":"Black","price":"","price_type":"flat_fee","image":8354},{"label":"Stone-blue","price":"","price_type":"flat_fee","image":8360},{"label":"Deep-sea","price":"","price_type":"flat_fee","image":8356},{"label":"Atoll","price":"","price_type":"flat_fee","image":8352},{"label":"Wise","price":"","price_type":"flat_fee","image":8350},{"label":"Cappuccino","price":"","price_type":"flat_fee","image":8370},{"label":"Chestnut","price":"","price_type":"flat_fee","image":8369},{"label":"Cashmere","price":"","price_type":"flat_fee","image":8368},{"label":"Carob","price":"","price_type":"flat_fee","image":8367},{"label":"Mocca","price":"","price_type":"flat_fee","image":8366},{"label":"Anthracite","price":"","price_type":"flat_fee","image":8365},{"label":"Olive","price":"","price_type":"flat_fee","image":8364},{"label":"File","price":"","price_type":"flat_fee","image":8363},{"label":"Corn","price":"","price_type":"flat_fee","image":8374},{"label":"Sun","price":"","price_type":"flat_fee","image":8373},{"label":"Orange","price":"","price_type":"flat_fee","image":8372},{"label":"Fire","price":"","price_type":"flat_fee","image":8371}],"id":1704302310},{"name":"Remote control option","type":"multiple_choice","position":3,"required":true,"title_format":"label","description_enable":false,"description":null,"placeholder_enable":false,"placeholder":null,"display":"images","restrictions_type":"any_text","adjust_price":false,"price":"","price_type":"flat_fee","restrictions":false,"min":0,"max":0,"options":[{"label":"Hand control included","price":"","price_type":"flat_fee","image":8421},{"label":"Ground foot control","price":"190","price_type":"flat_fee","image":8420},{"label":"Peripheral bar foot control","price":"290","price_type":"flat_fee","image":8418}],"id":1704302311},{"name":"Exam Paper Dispenser Option","type":"multiple_choice","position":4,"required":true,"title_format":"label","description_enable":false,"description":null,"placeholder_enable":false,"placeholder":null,"display":"images","restrictions_type":"any_text","adjust_price":false,"price":"","price_type":"flat_fee","restrictions":false,"min":0,"max":0,"options":[{"label":"With examination paper dispenser","price":"80","price_type":"flat_fee","image":8384},{"label":"Without an examination paper dispenser","price":"","price_type":"flat_fee","image":8396}],"id":1704302312}],"brands":[],"_links":{"self":[{"href":"https:\/\/swissmassage.weprocess.dev\/en\/wp-json\/wp\/v2\/product\/16153","targetHints":{"allow":["GET"]}}],"collection":[{"href":"https:\/\/swissmassage.weprocess.dev\/en\/wp-json\/wp\/v2\/product"}],"about":[{"href":"https:\/\/swissmassage.weprocess.dev\/en\/wp-json\/wp\/v2\/types\/product"}],"wp:featuredmedia":[{"embeddable":true,"href":"https:\/\/swissmassage.weprocess.dev\/en\/wp-json\/wp\/v2\/media\/21465"}],"wp:attachment":[{"href":"https:\/\/swissmassage.weprocess.dev\/en\/wp-json\/wp\/v2\/media?parent=16153"}],"wp:term":[{"taxonomy":"pwb-brand","embeddable":true,"href":"https:\/\/swissmassage.weprocess.dev\/en\/wp-json\/wp\/v2\/pwb-brand?post=16153"},{"taxonomy":"product_brand","embeddable":true,"href":"https:\/\/swissmassage.weprocess.dev\/en\/wp-json\/wp\/v2\/product_brand?post=16153"},{"taxonomy":"product_cat","embeddable":true,"href":"https:\/\/swissmassage.weprocess.dev\/en\/wp-json\/wp\/v2\/product_cat?post=16153"},{"taxonomy":"product_tag","embeddable":true,"href":"https:\/\/swissmassage.weprocess.dev\/en\/wp-json\/wp\/v2\/product_tag?post=16153"},{"taxonomy":"product_folder","embeddable":true,"href":"https:\/\/swissmassage.weprocess.dev\/en\/wp-json\/wp\/v2\/product_folder?post=16153"}],"curies":[{"name":"wp","href":"https:\/\/api.w.org\/{rel}","templated":true}]}}