{"id":16083,"date":"2023-05-24T15:26:45","date_gmt":"2023-05-24T13:26:45","guid":{"rendered":"https:\/\/swissmassage.ch\/produit\/washable-non-woven-examination-sheet-80x210-cm-box-10-pieces\/"},"modified":"2023-05-24T15:26:45","modified_gmt":"2023-05-24T13:26:45","slug":"washable-non-woven-examination-sheet-80x210-cm-box-10-pieces","status":"publish","type":"product","link":"https:\/\/swissmassage.weprocess.dev\/en\/products\/washable-non-woven-examination-sheet-80x210-cm-box-10-pieces\/","title":{"rendered":"Washable medical examination sheets 80&#215;200 cm box of 10 pcs 50g."},"content":{"rendered":"<h2>Sheet for medical examination table in sheet by sheet quality PP 50g, resistant and pleasant to the touch and washable 200x.<\/h2>\n<p><span style=\"font-size: 10pt;\">Washable more than 200 times without losing its shape For convenient and long-lasting use Wrinkle and tear resistant, 4 x more space in the machine Cost savings of 90% compared to traditional covers Skin-friendly, recyclable Dimensions: 200 x 80 cm, contents 10 pieces<\/span><\/p>\n<h2>Some tips for washing and drying.<\/h2>\n<p><span style=\"font-size: 10pt;\"><span style=\"font-size: 10pt;\">We recommend that you wash the sheets at 60\u00b0 and unfold them or even wrinkle them, so that they do not have corners or wrinkles, especially when they are new, and recommend the use of a washing net.<br \/>\nAfter a few washes, their texture becomes more supple and softer <\/span>.<br \/>\nPour le s\u00e9chage, quelques minutes dans le s\u00e8che- linge suffisent.<br \/>\nVous pouvez \u00e9galement \u00e9tendre les draps normalement apr\u00e8s essorage.<br \/>\nConseil : 1 drap par patient pour un cycle de traitement.<br \/>\nDonnez au patient une feuille de fibres de lavage \u00e0 emporter chez lui et \u00e0 ramener \u00e0 chaque traitement.    <\/span><\/p>\n<p style=\"text-align: left;\"><span style=\"font-size: 10pt;\">Available throughout Switzerland.<br \/>\nOr take it directly to our workshop.  Registered trademark SWISSMASSAGE, guarantee of seriousness and follow-up.<\/span><\/p>\n","protected":false},"excerpt":{"rendered":"<p>Sheet for medical examination table in sheet by sheet quality PP 50g, resistant and pleasant to the touch and washable 200x. Washable more than 200 times without losing its shape For convenient and long-lasting use Wrinkle and tear resistant, 4 x more space in the machine Cost savings of 90% compared to traditional covers Skin-friendly,&hellip;<\/p>\n","protected":false},"featured_media":11710,"template":"","meta":{"_seopress_robots_primary_cat":"none","_seopress_titles_title":"Washable medical examination sheets 80x200 cm box of 10 pcs 50g","_seopress_titles_desc":"Sheet for medical examination table in sheet by sheet quality PP 50g, resistant and pleasant to the touch and washable 200x.","_seopress_robots_index":""},"pwb-brand":[],"product_brand":[],"product_cat":[1600,1598],"product_tag":[1694,1692,1693],"product_folder":[1017],"class_list":{"0":"post-16083","1":"product","2":"type-product","3":"status-publish","4":"has-post-thumbnail","6":"product_cat-all-massage-accessories","7":"product_cat-massage-table-protection","8":"product_tag-medical-drapes","9":"product_tag-sheet","10":"product_tag-washable-sheet","12":"first","13":"instock","14":"taxable","15":"shipping-taxable","16":"purchasable","17":"product-type-simple"},"exclude_global_add_ons":[],"addons":[],"brands":[],"_links":{"self":[{"href":"https:\/\/swissmassage.weprocess.dev\/en\/wp-json\/wp\/v2\/product\/16083","targetHints":{"allow":["GET"]}}],"collection":[{"href":"https:\/\/swissmassage.weprocess.dev\/en\/wp-json\/wp\/v2\/product"}],"about":[{"href":"https:\/\/swissmassage.weprocess.dev\/en\/wp-json\/wp\/v2\/types\/product"}],"wp:featuredmedia":[{"embeddable":true,"href":"https:\/\/swissmassage.weprocess.dev\/en\/wp-json\/wp\/v2\/media\/11710"}],"wp:attachment":[{"href":"https:\/\/swissmassage.weprocess.dev\/en\/wp-json\/wp\/v2\/media?parent=16083"}],"wp:term":[{"taxonomy":"pwb-brand","embeddable":true,"href":"https:\/\/swissmassage.weprocess.dev\/en\/wp-json\/wp\/v2\/pwb-brand?post=16083"},{"taxonomy":"product_brand","embeddable":true,"href":"https:\/\/swissmassage.weprocess.dev\/en\/wp-json\/wp\/v2\/product_brand?post=16083"},{"taxonomy":"product_cat","embeddable":true,"href":"https:\/\/swissmassage.weprocess.dev\/en\/wp-json\/wp\/v2\/product_cat?post=16083"},{"taxonomy":"product_tag","embeddable":true,"href":"https:\/\/swissmassage.weprocess.dev\/en\/wp-json\/wp\/v2\/product_tag?post=16083"},{"taxonomy":"product_folder","embeddable":true,"href":"https:\/\/swissmassage.weprocess.dev\/en\/wp-json\/wp\/v2\/product_folder?post=16083"}],"curies":[{"name":"wp","href":"https:\/\/api.w.org\/{rel}","templated":true}]}}