{"id":16082,"date":"2023-05-24T15:26:56","date_gmt":"2023-05-24T13:26:56","guid":{"rendered":"https:\/\/swissmassage.ch\/produit\/massage-hot-stones-kit-45-and-stones-warmer\/"},"modified":"2023-05-24T15:26:56","modified_gmt":"2023-05-24T13:26:56","slug":"massage-hot-stones-kit-45-and-stones-warmer","status":"publish","type":"product","link":"https:\/\/swissmassage.weprocess.dev\/en\/products\/massage-hot-stones-kit-45-and-stones-warmer\/","title":{"rendered":"Hot Stone Massage Kit 45 and Stone Heater"},"content":{"rendered":"<h2>Kit 45 Hot Stones for Hot Stone Massages with Medium 6 Litre Oven.<\/h2>\n<p><span style=\"font-size: 10pt;\">Set of 45 basalt stones.<br \/>\nThe set includes oval and flat stones of several sizes: 1 extra-large (solar plexus), 10 large (back, thighs and sacrum), 14 medium (arms, calves and feet), 6 small (forehead, skull and posterior part of the head), 8 for the toes, 2 mini-stones (pressure points back and neck), 2 for facial contours and 2 cold stones in white marble. <\/span><\/p>\n<p><span style=\"font-size: 10pt;\">Hot stones for massage Ref.<br \/>\nWKS014 Size: 35,5x20x7cm Weight: 5,7Kg <\/span><\/p>\n<p><span style=\"font-size: 10pt;\">Extra-large stones : 1(solar plexus) Large stones:10 (back thighs and sacrum) Small stones: 6 (forehead, top and back of the head) Toe stones: 8 Deep tissue stones: 2 Contour stones: 2 (for the eyes) Marble stones: 2 (for cold therapy)<\/span><\/p>\n<p><span style=\"font-size: 10pt;\">PACKING SIZE cm 38x21x8 N.W. kg 5,7 G.W. kg 6<\/span><\/p>\n<h2>Medium stone heater oven.<\/h2>\n<p>  Has<span dir=\"ltr\" role=\"presentation\">with digital screen.<br \/>\nIt maintains a <\/span><br role=\"presentation\"><span dir=\"ltr\" role=\"presentation\">constant temperature between 40\u00baC and 50\u00baC.<br \/>\nSpoon <\/span><br role=\"presentation\"><span dir=\"ltr\" role=\"presentation\">Understood.<br \/>\nCapacity: 6 liters. <\/span><\/p>\n<p><g id=\"gid_0\"><g id=\"gid_1\">input voltage:<\/g> <g id=\"gid_2\">220~240V<\/g><br role=\"presentation\"><g id=\"gid_3\">Input frequency:<\/g> <g id=\"gid_4\">50Hz\/60Hz<\/g><br role=\"presentation\"><g id=\"gid_5\">Power:<\/g> <g id=\"gid_6\">750W<\/g><g id=\"gid_7\">Working temperature:<\/g> <g id=\"gid_8\">40-50\u00baC<\/g><\/g><note from=\"otgs-segmenter\"><\/note><\/p>\n<p>ltrltrpresentationpresentationpresentationpresentationltrltrpresentationpresentationltrltrpresentationpresentationpresentationpresentationltrltrpresentationpresentationltrltrpresentationpresentationltrltrpresentationpresentationltrltrpresentationpresentationpresentationpresentationltrltrpresentationpresentation<span dir=\"ltr\" role=\"presentation\">Capacity:<\/span> <span dir=\"ltr\" role=\"presentation\">6l.<\/span><span dir=\"ltr\" role=\"presentation\">Size: 47&#215;29,5&#215;25 cm<\/span><span dir=\"ltr\" role=\"presentation\">Capacity:<\/span> <span dir=\"ltr\" role=\"presentation\">6l.Size<\/span><span dir=\"ltr\" role=\"presentation\">: 47&#215;29,5&#215;25 cm<\/span>ltrltrpresentationpresentationltrltrpresentationpresentationpresentationpresentationltrltrpresentationpresentation<span dir=\"ltr\" role=\"presentation\">Weight: 3,7 Kg<\/span>. <span dir=\"ltr\" role=\"presentation\">Weight: 3.7 Kg<\/span>. Utilisation conseill\u00e9e du kit de massage aux pierres chaudes .Recommended use of the hot stone massage kit.font-size: 10pt;font-size: 10pt;Enlevez le bac de r\u00e9cup\u00e9ration et travaillez directement dans la cuve principale, remplie d\u2019eau jusqu\u2019\u00e0 la moiti\u00e9 de la hauteur, et y d\u00e9poser les pierres.<br \/>\nR\u00e9glez votre temp\u00e9rature de travail sachant qu\u2019au-dessus de 50\u00b0 la sensation peut \u00eatre d\u00e9sagr\u00e9able, il faudra dialoguer avec le patient afin de trouver la temp\u00e9rature id\u00e9ale.<br \/>\nUtilisez la spatule pour prendre les pierres dans l\u2019eau.<br \/>\nApr\u00e8s l\u2019utilisation, vous pouvez laver les pierres et la cuve avec de l\u2019eau et du produit de vaisselle.<br \/>\nLaissez s\u00e9cher les \u00e9quipements et les pierres avant de les ranger.Remove the drip tray and work directly in the main tub, filled with water up to half the height, and place the stones there.<br \/>\nAdjust your working temperature, knowing that above 50\u00b0 the sensation can be unpleasant, you will have to talk to the patient to find the ideal temperature.<br \/>\nUse the spatula to take the stones from the water.<br \/>\nAfter use, you can wash the stones and the tub with water and dishwashing liquid.<br \/>\nAllow equipment and stones to dry before storing.massage-pierres-chaudes-kit-45-et-chauffe-pierres-2massage-hot-stones-kit-45-and-stones-warmerHot stones massageHot stones massageMassage pierres chaudesHot stone massagePierresStonesHot Stones Massages Kit 45 pierresHot Stones Massages Kit 45 StonesHot Stones Massages Kit 45 pierresHot Stones Massages Kit 45 StonesHot Stones Massages Kit 45 pierresHot Stones Massages Kit 45 StonesHot Stones Massages Kit 45 pierresHot Stones Massages Kit 45 StonesMassages Stones set 45 pierresMassages Stones set 45 stonesMassages Stones set 45 pierresMassages Stones set 45 stonesMassages Stones set 45 pierresMassages Stones set 45 stonesMassages Stones set 45 pierresMassages Stones set 45 stonesMassages Stones coffret 45 pierresMassages Stones 45 Stone SetMassages Stones coffret 45 pierresMassages Stones 45 Stone SetMassages Stones coffret 45 pierresMassages Stones 45 Stone SetMassages Stones coffret 45 pierresMassages Stones 45 Stone Set<br role=\"presentation\"><span dir=\"ltr\" role=\"presentation\">Capacity:<\/span> <span dir=\"ltr\" role=\"presentation\">6l.Size<\/span><span dir=\"ltr\" role=\"presentation\">: 47&#215;29,5&#215;25 cm<\/span><br role=\"presentation\"><span dir=\"ltr\" role=\"presentation\">Weight: 3.7 Kg<\/span>.  <\/p>\n<h2>Recommended use of the hot stone massage kit.<\/h2>\n<p><span style=\"font-size: 10pt;\">Remove the drip tray and work directly in the main tub, filled with water up to half the height, and place the stones there.<br \/>\nAdjust your working temperature, knowing that above 50\u00b0 the sensation can be unpleasant, you will have to talk to the patient to find the ideal temperature.<br \/>\nUse the spatula to take the stones from the water.<br \/>\nAfter use, you can wash the stones and the tub with water and dishwashing liquid.<br \/>\nAllow equipment and stones to dry before storing.    <\/span><\/p>\n","protected":false},"excerpt":{"rendered":"<p>Kit 45 Hot Stones for Hot Stone Massages with Medium 6 Litre Oven. Set of 45 basalt stones. The set includes oval and flat stones of several sizes: 1 extra-large (solar plexus), 10 large (back, thighs and sacrum), 14 medium (arms, calves and feet), 6 small (forehead, skull and posterior part of the head), 8&hellip;<\/p>\n","protected":false},"featured_media":12919,"template":"","meta":{"_seopress_robots_primary_cat":"none","_seopress_titles_title":"Hot Stone Massage Kit 45 and Stone Heater","_seopress_titles_desc":"Kit 45 Hot Stones for Hot Stone Massages with Medium 6 Litre Oven.\nThe box includes oval and flat stones of various sizes. ","_seopress_robots_index":""},"pwb-brand":[],"product_brand":[],"product_cat":[1600,1597],"product_tag":[1737,1738,1736],"product_folder":[1002,1121],"class_list":{"0":"post-16082","1":"product","2":"type-product","3":"status-publish","4":"has-post-thumbnail","6":"product_cat-all-massage-accessories","7":"product_cat-hot-stones","8":"product_tag-hot-stone-massage-en","9":"product_tag-hot-stones-massage-en","10":"product_tag-stones","12":"first","13":"instock","14":"taxable","15":"shipping-taxable","16":"purchasable","17":"product-type-simple"},"exclude_global_add_ons":[],"addons":[],"brands":[],"_links":{"self":[{"href":"https:\/\/swissmassage.weprocess.dev\/en\/wp-json\/wp\/v2\/product\/16082","targetHints":{"allow":["GET"]}}],"collection":[{"href":"https:\/\/swissmassage.weprocess.dev\/en\/wp-json\/wp\/v2\/product"}],"about":[{"href":"https:\/\/swissmassage.weprocess.dev\/en\/wp-json\/wp\/v2\/types\/product"}],"wp:featuredmedia":[{"embeddable":true,"href":"https:\/\/swissmassage.weprocess.dev\/en\/wp-json\/wp\/v2\/media\/12919"}],"wp:attachment":[{"href":"https:\/\/swissmassage.weprocess.dev\/en\/wp-json\/wp\/v2\/media?parent=16082"}],"wp:term":[{"taxonomy":"pwb-brand","embeddable":true,"href":"https:\/\/swissmassage.weprocess.dev\/en\/wp-json\/wp\/v2\/pwb-brand?post=16082"},{"taxonomy":"product_brand","embeddable":true,"href":"https:\/\/swissmassage.weprocess.dev\/en\/wp-json\/wp\/v2\/product_brand?post=16082"},{"taxonomy":"product_cat","embeddable":true,"href":"https:\/\/swissmassage.weprocess.dev\/en\/wp-json\/wp\/v2\/product_cat?post=16082"},{"taxonomy":"product_tag","embeddable":true,"href":"https:\/\/swissmassage.weprocess.dev\/en\/wp-json\/wp\/v2\/product_tag?post=16082"},{"taxonomy":"product_folder","embeddable":true,"href":"https:\/\/swissmassage.weprocess.dev\/en\/wp-json\/wp\/v2\/product_folder?post=16082"}],"curies":[{"name":"wp","href":"https:\/\/api.w.org\/{rel}","templated":true}]}}