{"id":15765,"date":"2023-12-07T07:58:58","date_gmt":"2023-12-07T06:58:58","guid":{"rendered":"https:\/\/swissmassage.ch\/produit\/medical-ergonomic-stool-model-perinee\/"},"modified":"2025-03-14T13:53:40","modified_gmt":"2025-03-14T12:53:40","slug":"medical-ergonomic-stool-model-perinee","status":"publish","type":"product","link":"https:\/\/swissmassage.weprocess.dev\/en\/products\/medical-ergonomic-stool-model-perinee\/","title":{"rendered":"Ergonomic medical stool P\u00e9rin\u00e9e"},"content":{"rendered":"<h1>P\u00e9rin\u00e9e Medical Stool.<\/h1>\n<p>Ergonomic seat stool with perineal opening.<br \/>\nHeight adjustment from 54 cm to 72 cm.<br \/>\nSeat 44 cm wide by 40 cm Seat tilt adjustment.<br \/>\nWeighs 12 kg, supports 180 kg.<br \/>\nIdeal for people with perineal sensitivity.<br \/>\nPlease note that due to the morphological differences of each person, we strongly recommend trying the stools in our exhibition in Aigle before finalizing your purchase. In case of a purchasing error, the stools cannot be returned or exchanged.<\/p>\n","protected":false},"excerpt":{"rendered":"<p>P\u00e9rin\u00e9e Medical Stool. Ergonomic seat stool with perineal opening. Height adjustment from 54 cm to 72 cm. Seat 44 cm wide by 40 cm Seat tilt adjustment. Weighs 12 kg, supports 180 kg. Ideal for people with perineal sensitivity. Please note that due to the morphological differences of each person, we strongly recommend trying the&hellip;<\/p>\n","protected":false},"featured_media":15766,"template":"","meta":{"_seopress_robots_primary_cat":"none","_seopress_titles_title":"","_seopress_titles_desc":"P\u00e9rin\u00e9e Medical Stool: ergonomic seat with perineal opening, height adjustable from 54 to 72 cm. Seat 44 cm wide by 40 cm for optimal comfort.","_seopress_robots_index":""},"pwb-brand":[],"product_brand":[],"product_cat":[1613,1600,1627,1644,1650,1602,1643,1599,1649,1626],"product_tag":[1683,1686,1684,1685,1682,1687],"product_folder":[],"class_list":{"0":"post-15765","1":"product","2":"type-product","3":"status-publish","4":"has-post-thumbnail","6":"product_cat-all-aesthetic-items","7":"product_cat-all-massage-accessories","8":"product_cat-all-massage-tables","9":"product_cat-all-physiotherapy-and-medical-items","10":"product_cat-all-spa-beauty-items","11":"product_cat-chairs-for-estheticians","12":"product_cat-medical-stools","13":"product_cat-stools-and-comfort","14":"product_cat-stools-for-spa","15":"product_cat-stools-for-therapists","16":"product_tag-ergonomic-stool","17":"product_tag-medical-stool","18":"product_tag-medical-stools","19":"product_tag-saddle-shaped-stool","20":"product_tag-stool","21":"product_tag-stool-wheels","23":"first","24":"instock","25":"sale","26":"taxable","27":"shipping-taxable","28":"purchasable","29":"product-type-simple"},"exclude_global_add_ons":false,"addons":[{"name":"Footrest Circle Option","type":"multiple_choice","position":0,"required":false,"title_format":"label","description_enable":false,"description":"","placeholder_enable":false,"placeholder":"","display":"images","restrictions_type":"any_text","adjust_price":false,"price":"","price_type":"flat_fee","restrictions":false,"min":0,"max":0,"options":[{"label":"With footrest hoop option","price":"38","price_type":"flat_fee","image":9017}],"id":1720451325}],"brands":[],"_links":{"self":[{"href":"https:\/\/swissmassage.weprocess.dev\/en\/wp-json\/wp\/v2\/product\/15765","targetHints":{"allow":["GET"]}}],"collection":[{"href":"https:\/\/swissmassage.weprocess.dev\/en\/wp-json\/wp\/v2\/product"}],"about":[{"href":"https:\/\/swissmassage.weprocess.dev\/en\/wp-json\/wp\/v2\/types\/product"}],"wp:featuredmedia":[{"embeddable":true,"href":"https:\/\/swissmassage.weprocess.dev\/en\/wp-json\/wp\/v2\/media\/15766"}],"wp:attachment":[{"href":"https:\/\/swissmassage.weprocess.dev\/en\/wp-json\/wp\/v2\/media?parent=15765"}],"wp:term":[{"taxonomy":"pwb-brand","embeddable":true,"href":"https:\/\/swissmassage.weprocess.dev\/en\/wp-json\/wp\/v2\/pwb-brand?post=15765"},{"taxonomy":"product_brand","embeddable":true,"href":"https:\/\/swissmassage.weprocess.dev\/en\/wp-json\/wp\/v2\/product_brand?post=15765"},{"taxonomy":"product_cat","embeddable":true,"href":"https:\/\/swissmassage.weprocess.dev\/en\/wp-json\/wp\/v2\/product_cat?post=15765"},{"taxonomy":"product_tag","embeddable":true,"href":"https:\/\/swissmassage.weprocess.dev\/en\/wp-json\/wp\/v2\/product_tag?post=15765"},{"taxonomy":"product_folder","embeddable":true,"href":"https:\/\/swissmassage.weprocess.dev\/en\/wp-json\/wp\/v2\/product_folder?post=15765"}],"curies":[{"name":"wp","href":"https:\/\/api.w.org\/{rel}","templated":true}]}}