{"id":14639,"date":"2020-07-20T08:26:41","date_gmt":"2020-07-20T06:26:41","guid":{"rendered":"https:\/\/swissmassage.ch\/contact\/"},"modified":"2025-01-16T15:54:04","modified_gmt":"2025-01-16T14:54:04","slug":"contact","status":"publish","type":"page","link":"https:\/\/swissmassage.weprocess.dev\/en\/contact\/","title":{"rendered":"Contact"},"content":{"rendered":"\n<p>Have a question? At Swissmassage, we are always ready to help you. Whether it&#8217;s for information on our equipment or personal advice, our team is at your disposal.<\/p>\n\n\n\n<p>We welcome you by appointment from Monday to Friday, from 8 a.m. to 12 p.m. and from 1:30 p.m. to 5 p.m., in our showroom in Aigle. Come and discover our massage tables and talk directly with our specialists.<\/p>\n\n\n\n<p>If you are unable to come or if you have a specific question, do not hesitate to use our contact form or call us on <a href=\"tel:0245644646\">024 564 46 46<\/a>.<\/p>\n\n\n\n<div style=\"height:50px\" aria-hidden=\"true\" class=\"wp-block-spacer\"><\/div>\n\n\n\n<div class=\"wp-block-columns is-layout-flex wp-container-core-columns-is-layout-9d6595d7 wp-block-columns-is-layout-flex\">\n<div class=\"wp-block-column is-layout-flow wp-block-column-is-layout-flow\" style=\"flex-basis:60%\">\n<h2 class=\"wp-block-heading\">Write<\/h2>\n\n\n<div class=\"wpforms-container wpforms-container-full wpforms-block wpforms-block-2d321103-739d-4b2b-ba23-b134327d8bac wpforms-render-modern\" id=\"wpforms-10383\"><form id=\"wpforms-form-10383\" class=\"wpforms-validate wpforms-form wpforms-ajax-form\" data-formid=\"10383\" method=\"post\" enctype=\"multipart\/form-data\" action=\"\/en\/wp-json\/wp\/v2\/pages\/14639\" data-token=\"64cd4a68b677d2ee61692bfbaffca2fe\" data-token-time=\"1775602547\"><noscript class=\"wpforms-error-noscript\">Please enable JavaScript in your browser to complete this form.<\/noscript><div id=\"wpforms-error-noscript\" style=\"display: none;\">Please enable JavaScript in your browser to complete this form.<\/div><div class=\"wpforms-field-container\"><div id=\"wpforms-10383-field_0-container\" class=\"wpforms-field wpforms-field-name\" data-field-id=\"0\"><label class=\"wpforms-field-label\" for=\"wpforms-10383-field_0\">Nom et Pr\u00e9nom <span class=\"wpforms-required-label\" aria-hidden=\"true\">*<\/span><\/label><input type=\"text\" id=\"wpforms-10383-field_0\" class=\"wpforms-field-medium wpforms-field-required\" name=\"wpforms[fields][0]\" aria-errormessage=\"wpforms-10383-field_0-error\" required><\/div><div id=\"wpforms-10383-field_1-container\" class=\"wpforms-field wpforms-field-email\" data-field-id=\"1\"><label class=\"wpforms-field-label\" for=\"wpforms-10383-field_1\">E-mail <span class=\"wpforms-required-label\" aria-hidden=\"true\">*<\/span><\/label><input type=\"email\" id=\"wpforms-10383-field_1\" class=\"wpforms-field-medium wpforms-field-required\" name=\"wpforms[fields][1]\" spellcheck=\"false\" aria-errormessage=\"wpforms-10383-field_1-error\" required><\/div><div id=\"wpforms-10383-field_8-container\" class=\"wpforms-field wpforms-field-text\" data-field-id=\"8\"><label class=\"wpforms-field-label\" for=\"wpforms-10383-field_8\">Code postal <span class=\"wpforms-required-label\" aria-hidden=\"true\">*<\/span><\/label><input type=\"text\" id=\"wpforms-10383-field_8\" class=\"wpforms-field-medium wpforms-field-required\" name=\"wpforms[fields][8]\" aria-errormessage=\"wpforms-10383-field_8-error\" required><\/div><div id=\"wpforms-10383-field_7-container\" class=\"wpforms-field wpforms-field-text\" data-field-id=\"7\"><label class=\"wpforms-field-label\" for=\"wpforms-10383-field_7\">Num\u00e9ro de t\u00e9l\u00e9phone <span class=\"wpforms-required-label\" aria-hidden=\"true\">*<\/span><\/label><input type=\"text\" id=\"wpforms-10383-field_7\" class=\"wpforms-field-medium wpforms-field-required\" name=\"wpforms[fields][7]\" placeholder=\"079 111 22 33\" aria-errormessage=\"wpforms-10383-field_7-error\" required><\/div><div id=\"wpforms-10383-field_2-container\" class=\"wpforms-field wpforms-field-textarea\" data-field-id=\"2\"><label class=\"wpforms-field-label\" for=\"wpforms-10383-field_2\">Des questions pr\u00e9cises ? <span class=\"wpforms-required-label\" aria-hidden=\"true\">*<\/span><\/label><textarea id=\"wpforms-10383-field_2\" class=\"wpforms-field-small wpforms-field-required\" name=\"wpforms[fields][2]\" placeholder=\"Des questions sur nos \u00e9quipements, nos d\u00e9lais de livraison, ...\" aria-errormessage=\"wpforms-10383-field_2-error\" required><\/textarea><\/div><\/div><!-- .wpforms-field-container --><div class=\"wpforms-recaptcha-container wpforms-is-recaptcha wpforms-is-recaptcha-type-v2\" ><div class=\"g-recaptcha\" data-sitekey=\"6Lcv7NEpAAAAAJbhRavDv-G2eU0F3zAcwKx0w7K3\"><\/div><input type=\"text\" name=\"g-recaptcha-hidden\" class=\"wpforms-recaptcha-hidden\" style=\"position:absolute!important;clip:rect(0,0,0,0)!important;height:1px!important;width:1px!important;border:0!important;overflow:hidden!important;padding:0!important;margin:0!important;\" data-rule-recaptcha=\"1\"><\/div><div class=\"wpforms-submit-container\" ><input type=\"hidden\" name=\"wpforms[id]\" value=\"10383\"><input type=\"hidden\" name=\"page_title\" value=\"\"><input type=\"hidden\" name=\"page_url\" value=\"https:\/\/swissmassage.weprocess.dev\/en\/wp-json\/wp\/v2\/pages\/14639\"><input type=\"hidden\" name=\"url_referer\" value=\"\"><button type=\"submit\" name=\"wpforms[submit]\" id=\"wpforms-submit-10383\" class=\"wpforms-submit\" data-alt-text=\"Envoi...\" data-submit-text=\"Envoyer\" aria-live=\"assertive\" value=\"wpforms-submit\">Envoyer<\/button><img loading=\"lazy\" decoding=\"async\" src=\"https:\/\/swissmassage.weprocess.dev\/wp-content\/plugins\/wpforms-lite\/assets\/images\/submit-spin.svg\" class=\"wpforms-submit-spinner\" style=\"display: none;\" width=\"26\" height=\"26\" alt=\"Loading\"><\/div><\/form><\/div>  <!-- .wpforms-container --><\/div>\n\n\n\n<div class=\"wp-block-column is-layout-flow wp-block-column-is-layout-flow\">\n<p><strong>Swissmassage S\u00e0rl<\/strong><\/p>\n\n\n\n<p>Chemin des \u00celes 16<br>1860 Aigle<br><br>Phone : <a href=\"tel:0245644646\" data-type=\"tel\" data-id=\"tel:0245644646\">024 564 46 46<\/a><br>E-mail: <a href=\"mailto:info@swissmassage.ch\">info@swissmassage.ch<\/a><\/p>\n\n\n\n<p><strong>Our opening hours<\/strong><\/p>\n\n\n\n<p>Monday to Friday:<\/p>\n\n\n\n<p><strong>08:00 &#8211; 12:00 | 13:30 &#8211; 17:00<\/strong><\/p>\n<\/div>\n<\/div>\n","protected":false},"excerpt":{"rendered":"<p>Have a question? At Swissmassage, we are always ready to help you. Whether it&#8217;s for information on our equipment or personal advice, our team is at your disposal. We welcome you by appointment from Monday to Friday, from 8 a.m. to 12 p.m. and from 1:30 p.m. to 5 p.m., in our showroom in Aigle.&hellip;<\/p>\n","protected":false},"author":1,"featured_media":0,"parent":0,"menu_order":0,"comment_status":"closed","ping_status":"closed","template":"template-pagetitle.php","meta":{"_seopress_robots_primary_cat":"","_seopress_titles_title":"Contact us %%sep%% %%sitename%%","_seopress_titles_desc":"A question? Our team will be happy to help you. Email, phone, contact form, choose your contact method.","_seopress_robots_index":"","footnotes":""},"folder":[],"class_list":["post-14639","page","type-page","status-publish","hentry"],"_links":{"self":[{"href":"https:\/\/swissmassage.weprocess.dev\/en\/wp-json\/wp\/v2\/pages\/14639","targetHints":{"allow":["GET"]}}],"collection":[{"href":"https:\/\/swissmassage.weprocess.dev\/en\/wp-json\/wp\/v2\/pages"}],"about":[{"href":"https:\/\/swissmassage.weprocess.dev\/en\/wp-json\/wp\/v2\/types\/page"}],"author":[{"embeddable":true,"href":"https:\/\/swissmassage.weprocess.dev\/en\/wp-json\/wp\/v2\/users\/1"}],"replies":[{"embeddable":true,"href":"https:\/\/swissmassage.weprocess.dev\/en\/wp-json\/wp\/v2\/comments?post=14639"}],"version-history":[{"count":4,"href":"https:\/\/swissmassage.weprocess.dev\/en\/wp-json\/wp\/v2\/pages\/14639\/revisions"}],"predecessor-version":[{"id":18131,"href":"https:\/\/swissmassage.weprocess.dev\/en\/wp-json\/wp\/v2\/pages\/14639\/revisions\/18131"}],"wp:attachment":[{"href":"https:\/\/swissmassage.weprocess.dev\/en\/wp-json\/wp\/v2\/media?parent=14639"}],"wp:term":[{"taxonomy":"folder","embeddable":true,"href":"https:\/\/swissmassage.weprocess.dev\/en\/wp-json\/wp\/v2\/folder?post=14639"}],"curies":[{"name":"wp","href":"https:\/\/api.w.org\/{rel}","templated":true}]}}