{"id":7846,"date":"2023-11-02T16:14:07","date_gmt":"2023-11-02T15:14:07","guid":{"rendered":"https:\/\/suissemassage.digichablais.ch\/?post_type=product&#038;p=7846"},"modified":"2024-07-09T13:39:25","modified_gmt":"2024-07-09T11:39:25","slug":"gueridon-esthetique-noe-noir","status":"publish","type":"product","link":"https:\/\/swissmassage.weprocess.dev\/de\/produits\/gueridon-esthetique-noe-noir\/","title":{"rendered":"Gu\u00e9ridon esth\u00e9tique No\u00e9 Noir"},"content":{"rendered":"<h2>Gu\u00e9ridon Esth\u00e9tique mod\u00e8le No\u00e9 noir avec deux tiroirs<\/h2>\n<p>Design No\u00e9, id\u00e9al pour les instituts esth\u00e9tiques et tr\u00e8s appr\u00e9ci\u00e9 dans les centres SPA et Wellness.<br \/>\n\u00c9quip\u00e9 de deux tiroirs et de quatre roulettes.<br \/>\nDimensions:<br \/>\nEncombrement,\u00a0 hauteur 85.5 cm, largeur 56.5 cm, profondeur 41.5 cm.<\/p>\n","protected":false},"excerpt":{"rendered":"<p>Gu\u00e9ridon Esth\u00e9tique mod\u00e8le No\u00e9 noir avec deux tiroirs Design No\u00e9, id\u00e9al pour les instituts esth\u00e9tiques et tr\u00e8s appr\u00e9ci\u00e9 dans les centres SPA et Wellness. \u00c9quip\u00e9 de deux tiroirs et de quatre roulettes. Dimensions: Encombrement,\u00a0 hauteur 85.5 cm, largeur 56.5 cm, profondeur 41.5 cm.<\/p>\n","protected":false},"featured_media":7834,"template":"","meta":{"_seopress_robots_primary_cat":"none","_seopress_titles_title":"","_seopress_titles_desc":"Gu\u00e9ridon Esth\u00e9tique mod\u00e8le No\u00e9 noir avec deux tiroirs. Design No\u00e9, id\u00e9al pour les instituts esth\u00e9tiques et tr\u00e8s appr\u00e9ci\u00e9 dans les centres SPA et Wellness.","_seopress_robots_index":""},"pwb-brand":[],"product_brand":[],"product_cat":[234,1223,1077,1078],"product_tag":[1134,1163,1139],"product_folder":[1022],"class_list":{"0":"post-7846","1":"product","2":"type-product","3":"status-publish","4":"has-post-thumbnail","6":"product_cat-esthetique-gueridons","7":"product_cat-service-boy-spa","8":"product_cat-tous-les-articles-esthetiques","9":"product_cat-tous-les-articles-spa-beaute","10":"product_tag-esthetique","11":"product_tag-gueridon","12":"product_tag-spa","13":"product_shipping_class-swisspost-encombrant","15":"first","16":"instock","17":"taxable","18":"shipping-taxable","19":"purchasable","20":"product-type-simple"},"exclude_global_add_ons":[],"addons":[],"brands":[],"_links":{"self":[{"href":"https:\/\/swissmassage.weprocess.dev\/de\/wp-json\/wp\/v2\/product\/7846","targetHints":{"allow":["GET"]}}],"collection":[{"href":"https:\/\/swissmassage.weprocess.dev\/de\/wp-json\/wp\/v2\/product"}],"about":[{"href":"https:\/\/swissmassage.weprocess.dev\/de\/wp-json\/wp\/v2\/types\/product"}],"wp:featuredmedia":[{"embeddable":true,"href":"https:\/\/swissmassage.weprocess.dev\/de\/wp-json\/wp\/v2\/media\/7834"}],"wp:attachment":[{"href":"https:\/\/swissmassage.weprocess.dev\/de\/wp-json\/wp\/v2\/media?parent=7846"}],"wp:term":[{"taxonomy":"pwb-brand","embeddable":true,"href":"https:\/\/swissmassage.weprocess.dev\/de\/wp-json\/wp\/v2\/pwb-brand?post=7846"},{"taxonomy":"product_brand","embeddable":true,"href":"https:\/\/swissmassage.weprocess.dev\/de\/wp-json\/wp\/v2\/product_brand?post=7846"},{"taxonomy":"product_cat","embeddable":true,"href":"https:\/\/swissmassage.weprocess.dev\/de\/wp-json\/wp\/v2\/product_cat?post=7846"},{"taxonomy":"product_tag","embeddable":true,"href":"https:\/\/swissmassage.weprocess.dev\/de\/wp-json\/wp\/v2\/product_tag?post=7846"},{"taxonomy":"product_folder","embeddable":true,"href":"https:\/\/swissmassage.weprocess.dev\/de\/wp-json\/wp\/v2\/product_folder?post=7846"}],"curies":[{"name":"wp","href":"https:\/\/api.w.org\/{rel}","templated":true}]}}