{"id":21268,"date":"2025-11-04T10:13:49","date_gmt":"2025-11-04T09:13:49","guid":{"rendered":"https:\/\/swissmassage.ch\/?post_type=product&#038;p=21268"},"modified":"2025-12-02T11:27:28","modified_gmt":"2025-12-02T10:27:28","slug":"table-de-spa-modele-harmony","status":"publish","type":"product","link":"https:\/\/swissmassage.weprocess.dev\/de\/produits\/table-de-spa-modele-harmony\/","title":{"rendered":"Harmony-Modell\u00e4sthetik und Spa-Bett"},"content":{"rendered":"<h2>Harmony-Modell\u00e4sthetik und Spa-Bett<\/h2>\n<p>3 leise Motoren mit wasserdichter Handfernbedienung.<br \/>\nDer 1. Motor stellt die H\u00f6he der Massageliege von 69 cm bis 88 cm ein.<br \/>\nDer 2. Motor hebt die R\u00fcckenlehne der Massageliege in eine sitzende Position.<br \/>\nMit dem 3. Motor k\u00f6nnen Sie die Beine anheben, um die Lendenwirbels\u00e4ule zu entlasten.<br \/>\nWeicher und weicher wei\u00dfer Polyurethanbezug.<br \/>\nR\u00fcckenlehne mit Gesichtsloch, Kappe und verstellbaren Armlehnen.<br \/>\nErgonomisches Nackenkissen.<br \/>\n12 cm mehrschichtiger Schaumstoff, sehr bequem und effektiv.<br \/>\nInklusive beheizter Matte.<br \/>\nIdeales Design f\u00fcr Hotels, Spas sowie Wellnesszentren und Sch\u00f6nheitszentren.<br \/>\nBreite der Massageliege 78 cm.<br \/>\nL\u00e4nge der Massageliege 200 cm.<br \/>\nH\u00f6he der Massageliege 69 bis 88 cm.<br \/>\nGewicht der Massageliege 100 kg<\/p>\n<h3>Philosophie der SPA-Liege \u2013 Modell Harmony<\/h3>\n<p>Die Harmony SPA-Liege verk\u00f6rpert die perfekte Balance zwischen Technologie, Komfort und Eleganz.<br \/>\nAusgestattet mit drei leisen und pr\u00e4zisen Motoren erm\u00f6glicht es dank einer wasserdichten Fernbedienung eine reibungslose und intuitive Einstellung.<br \/>\nDer erste Motor stellt die H\u00f6he der Liege ein und bietet so eine ideale Amplitude f\u00fcr alle Arten von Behandlungen.<br \/>\nDer zweite Motor hebt die R\u00fcckenlehne f\u00fcr eine bequeme Sitzposition an.<br \/>\nDer dritte Motor hebt den Beinteil an und f\u00f6rdert so die Entspannung des R\u00fcckens und der Lendenwirbels\u00e4ule.<br \/>\nDie wei\u00dfe Polyurethanbeschichtung, die sowohl weich als auch widerstandsf\u00e4hig ist, ist leicht zu reinigen und beh\u00e4lt ihren Glanz im Laufe der Zeit.<br \/>\nDas Gesichtsloch mit Stopper und das ergonomische Nackenkissen sorgen f\u00fcr eine optimale Haltung des Kunden, w\u00e4hrend der 12 cm lange mehrlagige Schaumstoff au\u00dfergew\u00f6hnlichen Halt und lang anhaltenden Komfort bietet.<br \/>\nMit seinem raffinierten und funktionalen Design f\u00fcgt sich die Harmony Liege harmonisch in Hotels, Spas und Wellnesszentren ein und schafft einen ger\u00e4umigen und beruhigenden Behandlungsraum.<br \/>\nEs l\u00e4dt Sie zu einem umfassenden sensorischen Erlebnis ein, bei dem jedes Detail zum Wohle des Praktikers und des Klienten durchdacht ist.<\/p>\n","protected":false},"excerpt":{"rendered":"<p>Harmony-Modell\u00e4sthetik und Spa-Bett 3 leise Motoren mit wasserdichter Handfernbedienung. Der 1. Motor stellt die H\u00f6he der Massageliege von 69 cm bis 88 cm ein. Der 2. Motor hebt die R\u00fcckenlehne der Massageliege in eine sitzende Position. Mit dem 3. Motor k\u00f6nnen Sie die Beine anheben, um die Lendenwirbels\u00e4ule zu entlasten. Weicher und weicher wei\u00dfer Polyurethanbezug.&hellip;<\/p>\n","protected":false},"featured_media":21221,"template":"","meta":{"_seopress_robots_primary_cat":"none","_seopress_titles_title":"","_seopress_titles_desc":"Paramedizinischer Stuhl f\u00fcr Podologie oder Pedik\u00fcre. Es verf\u00fcgt \u00fcber 3 sehr schnelle und leise Motoren mit Handfernbedienung. ","_seopress_robots_index":""},"pwb-brand":[],"product_brand":[],"product_cat":[1333,1384,1346,1350,1356,1387],"product_tag":[1435,1443,1441,1444],"product_folder":[],"class_list":{"0":"post-21268","1":"product","2":"type-product","3":"status-publish","4":"has-post-thumbnail","6":"product_cat-alle-spa-beauty-produkte","7":"product_cat-angebote","8":"product_cat-asthetik","9":"product_cat-asthetik-behandlungsstuhle","10":"product_cat-asthetikliegen","11":"product_cat-spa-liegen","12":"product_tag-massage-de","13":"product_tag-massageliege","14":"product_tag-spa-de","15":"product_tag-spa-massageliege","17":"first","18":"instock","19":"sale","20":"taxable","21":"shipping-taxable","22":"purchasable","23":"product-type-simple"},"exclude_global_add_ons":false,"addons":[{"name":"Optionen:","type":"checkbox","position":0,"required":false,"title_format":"label","description_enable":false,"description":null,"placeholder_enable":false,"placeholder":null,"display":"select","restrictions_type":"any_text","adjust_price":false,"price":"","price_type":"flat_fee","restrictions":false,"min":0,"max":0,"options":[{"label":"Boden-Fu\u00dfsteuerung","price":"250","price_type":"flat_fee","image":0},{"label":"Filzunterschenkel, erleichtern das Bewegen","price":"24","price_type":"flat_fee","image":0},{"label":"Papierspender f\u00fcr Untersuchungen","price":"50","price_type":"flat_fee","image":0},{"label":"Sch\u00fctzender Matratzenschoner","price":"68","price_type":"flat_fee","image":0},{"label":"Antrag auf 24-monatige Finanzierung","price":"","price_type":"flat_fee","image":0}],"id":1704368111}],"brands":[],"_links":{"self":[{"href":"https:\/\/swissmassage.weprocess.dev\/de\/wp-json\/wp\/v2\/product\/21268","targetHints":{"allow":["GET"]}}],"collection":[{"href":"https:\/\/swissmassage.weprocess.dev\/de\/wp-json\/wp\/v2\/product"}],"about":[{"href":"https:\/\/swissmassage.weprocess.dev\/de\/wp-json\/wp\/v2\/types\/product"}],"wp:featuredmedia":[{"embeddable":true,"href":"https:\/\/swissmassage.weprocess.dev\/de\/wp-json\/wp\/v2\/media\/21221"}],"wp:attachment":[{"href":"https:\/\/swissmassage.weprocess.dev\/de\/wp-json\/wp\/v2\/media?parent=21268"}],"wp:term":[{"taxonomy":"pwb-brand","embeddable":true,"href":"https:\/\/swissmassage.weprocess.dev\/de\/wp-json\/wp\/v2\/pwb-brand?post=21268"},{"taxonomy":"product_brand","embeddable":true,"href":"https:\/\/swissmassage.weprocess.dev\/de\/wp-json\/wp\/v2\/product_brand?post=21268"},{"taxonomy":"product_cat","embeddable":true,"href":"https:\/\/swissmassage.weprocess.dev\/de\/wp-json\/wp\/v2\/product_cat?post=21268"},{"taxonomy":"product_tag","embeddable":true,"href":"https:\/\/swissmassage.weprocess.dev\/de\/wp-json\/wp\/v2\/product_tag?post=21268"},{"taxonomy":"product_folder","embeddable":true,"href":"https:\/\/swissmassage.weprocess.dev\/de\/wp-json\/wp\/v2\/product_folder?post=21268"}],"curies":[{"name":"wp","href":"https:\/\/api.w.org\/{rel}","templated":true}]}}