{"id":21153,"date":"2025-11-01T17:22:36","date_gmt":"2025-11-01T16:22:36","guid":{"rendered":"https:\/\/swissmassage.ch\/?post_type=product&#038;p=21153"},"modified":"2026-01-06T10:23:24","modified_gmt":"2026-01-06T09:23:24","slug":"podologie-stuhl-modell-beautyfeet","status":"publish","type":"product","link":"https:\/\/swissmassage.weprocess.dev\/de\/produits\/podologie-stuhl-modell-beautyfeet\/","title":{"rendered":"Podologiestuhl Modell BeautyFeet"},"content":{"rendered":"<h2>Podologiestuhl Modell BeautyFeet<\/h2>\n<p>Erm\u00f6glicht es Ihnen, podologische Behandlungen mit einem beheizten Sitz durchzuf\u00fchren.<br \/>\nEs verf\u00fcgt \u00fcber 3 leise Motoren mit Steuertasten.<br \/>\nEin Motor stellt die H\u00f6he mit einer gro\u00dfen Amplitude von 67 cm bis 100 cm ein.<br \/>\nEin Motor hebt die R\u00fcckenlehne in eine Sitzposition.<br \/>\nEin Motor erm\u00f6glicht es Ihnen, die Beine anzuheben und die Neigung des Massagesessels zu \u00e4ndern.<br \/>\nPr\u00e4zise verstellbare Kopfst\u00fctzen f\u00fcr maximalen Komfort.<br \/>\nSehr komfortabler und effektiver 8,5 cm Schaumstoff mit hoher Dichte.<br \/>\nBreite 66 cm + 10 cm auf jeder Seite mit den versenkbaren Armlehnen, d.h. 86 cm.<br \/>\nBeindrehung von 0 bis 90\u00b0<br \/>\nL\u00e4nge 190 cm.<br \/>\nGewicht 90 kg.<br \/>\nGest\u00fctztes Gewicht 180 kg.<\/p>\n<p>&nbsp;<\/p>\n","protected":false},"excerpt":{"rendered":"<p>Podologiestuhl Modell BeautyFeet Erm\u00f6glicht es Ihnen, podologische Behandlungen mit einem beheizten Sitz durchzuf\u00fchren. Es verf\u00fcgt \u00fcber 3 leise Motoren mit Steuertasten. Ein Motor stellt die H\u00f6he mit einer gro\u00dfen Amplitude von 67 cm bis 100 cm ein. Ein Motor hebt die R\u00fcckenlehne in eine Sitzposition. Ein Motor erm\u00f6glicht es Ihnen, die Beine anzuheben und die&hellip;<\/p>\n","protected":false},"featured_media":21150,"template":"","meta":{"_seopress_robots_primary_cat":"none","_seopress_titles_title":"","_seopress_titles_desc":"Paramedizinischer Stuhl f\u00fcr Podologie oder Pedik\u00fcre. Es verf\u00fcgt \u00fcber 3 sehr schnelle und leise Motoren mit Handfernbedienung.","_seopress_robots_index":""},"pwb-brand":[],"product_brand":[],"product_cat":[1332,1331,1392,1349,1390,1376],"product_tag":[1454,1466,1457,1456],"product_folder":[],"class_list":{"0":"post-21153","1":"product","2":"type-product","3":"status-publish","4":"has-post-thumbnail","6":"product_cat-alle-asthetischen-artikel","7":"product_cat-alle-physio-medizinischen-artikel","8":"product_cat-alle-seniorenartikel","9":"product_cat-ausstattungen-fur-pedikure-und-fuspflege","10":"product_cat-podologie-in-seniorenheimen-ems","11":"product_cat-podologie-und-pedikuere","12":"product_tag-fusorthopadie","13":"product_tag-fuspfleger","14":"product_tag-pedikure-stuhl","15":"product_tag-podologie-stuhl","17":"first","18":"instock","19":"sale","20":"taxable","21":"shipping-taxable","22":"purchasable","23":"product-type-simple"},"exclude_global_add_ons":false,"addons":[{"name":"Optionen:","type":"checkbox","position":0,"required":false,"title_format":"label","description_enable":false,"description":"","placeholder_enable":false,"placeholder":"","display":"select","restrictions_type":"any_text","adjust_price":false,"price":"","price_type":"flat_fee","restrictions":false,"min":0,"max":0,"options":[{"label":"Boden-Fu\u00dfsteuerung","price":"250","price_type":"flat_fee","image":0},{"label":"Filzunterschenkel, erleichtern das Bewegen","price":"24","price_type":"flat_fee","image":0},{"label":"Papierspender f\u00fcr Untersuchungen","price":"50","price_type":"flat_fee","image":0},{"label":"Sch\u00fctzender Matratzenschoner","price":"68","price_type":"flat_fee","image":0}],"id":1704368111}],"brands":[],"_links":{"self":[{"href":"https:\/\/swissmassage.weprocess.dev\/de\/wp-json\/wp\/v2\/product\/21153","targetHints":{"allow":["GET"]}}],"collection":[{"href":"https:\/\/swissmassage.weprocess.dev\/de\/wp-json\/wp\/v2\/product"}],"about":[{"href":"https:\/\/swissmassage.weprocess.dev\/de\/wp-json\/wp\/v2\/types\/product"}],"wp:featuredmedia":[{"embeddable":true,"href":"https:\/\/swissmassage.weprocess.dev\/de\/wp-json\/wp\/v2\/media\/21150"}],"wp:attachment":[{"href":"https:\/\/swissmassage.weprocess.dev\/de\/wp-json\/wp\/v2\/media?parent=21153"}],"wp:term":[{"taxonomy":"pwb-brand","embeddable":true,"href":"https:\/\/swissmassage.weprocess.dev\/de\/wp-json\/wp\/v2\/pwb-brand?post=21153"},{"taxonomy":"product_brand","embeddable":true,"href":"https:\/\/swissmassage.weprocess.dev\/de\/wp-json\/wp\/v2\/product_brand?post=21153"},{"taxonomy":"product_cat","embeddable":true,"href":"https:\/\/swissmassage.weprocess.dev\/de\/wp-json\/wp\/v2\/product_cat?post=21153"},{"taxonomy":"product_tag","embeddable":true,"href":"https:\/\/swissmassage.weprocess.dev\/de\/wp-json\/wp\/v2\/product_tag?post=21153"},{"taxonomy":"product_folder","embeddable":true,"href":"https:\/\/swissmassage.weprocess.dev\/de\/wp-json\/wp\/v2\/product_folder?post=21153"}],"curies":[{"name":"wp","href":"https:\/\/api.w.org\/{rel}","templated":true}]}}