{"id":21113,"date":"2025-10-31T11:14:33","date_gmt":"2025-10-31T10:14:33","guid":{"rendered":"https:\/\/swissmassage.ch\/?post_type=product&#038;p=21113"},"modified":"2026-02-25T16:52:34","modified_gmt":"2026-02-25T15:52:34","slug":"table-massage-modele-sweet-blanche","status":"publish","type":"product","link":"https:\/\/swissmassage.weprocess.dev\/de\/produits\/table-massage-modele-sweet-blanche\/","title":{"rendered":"Wei\u00dfes Modell Sweet Massageliege"},"content":{"rendered":"<h2><strong>S\u00fc\u00dfe wei\u00dfe elektrische Massageliege mit Heizung.<\/strong><\/h2>\n<p>Er ist mit vier leisen Motoren mit Handfernbedienung ausgestattet.<br \/>\nZwei Motoren zum Einstellen der H\u00f6he der Massageliege von 68 cm bis 88 cm.<br \/>\nUnd die Neigung der SPA-Liege.<br \/>\nEin Motor zum Verstellen der R\u00fcckenlehne des SPA-Bettes in sitzender Position.<br \/>\nEin Motor erm\u00f6glicht es Ihnen, die Beine anzuheben, um den unteren R\u00fccken zu entlasten.<br \/>\nWeiche Komfortbeschichtung aus wei\u00dfem Polyurethan.<br \/>\nR\u00fcckenlehne mit Gesichtsloch und Kappe.<br \/>\nVerstellbare Armlehnen f\u00fcr besseren Komfort in Bauchlage.<br \/>\nSpezieller mehrschichtiger Schaumstoff mit extra Komfort 9 + 3 cm Memory, sehr bequem und effektiv f\u00fcr Massagen.<br \/>\nIntegrierte Heizmatte.<br \/>\nIndirekte LED-Beleuchtung erm\u00f6glicht es Ihnen, die gew\u00fcnschte Atmosph\u00e4re zu schaffen.<br \/>\nIdeales Design f\u00fcr Hotels, SPAs und Wellnesszentren.<br \/>\nBreite der Massageliege 79 cm,<br \/>\nL\u00e4nge der Massageliege 200 cm.<br \/>\nH\u00f6he der Massageliege 68 bis 88 cm.<br \/>\nGewicht Massageliege 106 kg.<\/p>\n<p><span style=\"font-size: 10pt;\">(!)<br \/>\nDie Heizmatte dient dazu, die Matratze zu erw\u00e4rmen. Von den Patienten sehr gesch\u00e4tzt, gibt es ein Gef\u00fchl des Wohlbefindens. Die bereitgestellte W\u00e4rme ist diffus und hat keinen therapeutischen Zweck.<br \/>\nF\u00fcr den therapeutischen Einsatz empfehlen wir den Kauf unserer <a href=\"https:\/\/swissmassage.weprocess.dev\/produit\/couverture-chauffante-table-de-massage\/\"><span style=\"color: #993366;\">Heizdecke<\/span><\/a>, die auf 10 Temperaturstufen einstellbar und mit einem programmierbaren Timer von einer bis zehn Stunden ausgestattet ist, der sich nach Gebrauch automatisch abschaltet. <\/span><\/p>\n","protected":false},"excerpt":{"rendered":"<p>S\u00fc\u00dfe wei\u00dfe elektrische Massageliege mit Heizung. Er ist mit vier leisen Motoren mit Handfernbedienung ausgestattet. Zwei Motoren zum Einstellen der H\u00f6he der Massageliege von 68 cm bis 88 cm. Und die Neigung der SPA-Liege. Ein Motor zum Verstellen der R\u00fcckenlehne des SPA-Bettes in sitzender Position. Ein Motor erm\u00f6glicht es Ihnen, die Beine anzuheben, um den&hellip;<\/p>\n","protected":false},"featured_media":20481,"template":"","meta":{"_seopress_robots_primary_cat":"none","_seopress_titles_title":"","_seopress_titles_desc":"Die elektrische Massageliege Excellence ist die ideale Wahl f\u00fcr Wellnesszentren. Ausgestattet mit vier leisen und schnellen Motoren bietet er eine pr\u00e4zise Steuerung.","_seopress_robots_index":""},"pwb-brand":[],"product_brand":[],"product_cat":[1330,1368],"product_tag":[1445,1435,1443],"product_folder":[],"class_list":{"0":"post-21113","1":"product","2":"type-product","3":"status-publish","4":"has-post-thumbnail","6":"product_cat-alle-massageliegen-massage-ausstattungen","7":"product_cat-elektrische-massageliegen","8":"product_tag-elektrische-massageliege","9":"product_tag-massage-de","10":"product_tag-massageliege","11":"product_shipping_class-versandkosten-inklusive-paket","13":"first","14":"instock","15":"taxable","16":"shipping-taxable","17":"purchasable","18":"product-type-simple"},"exclude_global_add_ons":false,"addons":{"0":{"name":"Filzoption unter den F\u00fc\u00dfen, macht es leicht zu bewegen","type":"multiple_choice","position":0,"required":false,"title_format":"label","description_enable":false,"description":"","placeholder_enable":false,"placeholder":"","display":"images","restrictions_type":"any_text","adjust_price":false,"price":"","price_type":"flat_fee","restrictions":false,"min":0,"max":0,"options":[{"label":"Mit Filzunterbeinen","price":"24","price_type":"flat_fee","image":8612}],"id":1720449559},"1":{"name":"Option Kopfst\u00fctzen-Kit","type":"multiple_choice","position":1,"required":false,"title_format":"label","description_enable":false,"description":"","placeholder_enable":false,"placeholder":"","display":"images","restrictions_type":"any_text","adjust_price":false,"price":"","price_type":"flat_fee","restrictions":false,"min":0,"max":0,"options":[{"label":"Mit kippbarer Kopfst\u00fctze","price":"180","price_type":"flat_fee","image":8713}],"id":1720449560},"5":{"name":"Option f\u00fcr Fu\u00dfschalter","type":"multiple_choice","position":2,"required":false,"title_format":"label","description_enable":false,"description":"","placeholder_enable":false,"placeholder":"","display":"images","restrictions_type":"any_text","adjust_price":false,"price":"","price_type":"flat_fee","restrictions":false,"min":0,"max":0,"options":[{"label":"Mit Fu\u00dfschalter","price":"290","price_type":"flat_fee","image":15206}],"id":1772038354},"2":{"name":"Option f\u00fcr sch\u00fctzenden Papierhalter","type":"multiple_choice","position":3,"required":false,"title_format":"label","description_enable":false,"description":"","placeholder_enable":false,"placeholder":"","display":"images","restrictions_type":"any_text","adjust_price":false,"price":"","price_type":"flat_fee","restrictions":false,"min":0,"max":0,"options":[{"label":"Mit sch\u00fctzendem Papierspender","price":"80","price_type":"flat_fee","image":8726}],"id":1720449561},"3":{"name":"Verl\u00e4ngerungsm\u00f6glichkeit +16 cm","type":"multiple_choice","position":4,"required":false,"title_format":"label","description_enable":false,"description":"","placeholder_enable":false,"placeholder":"","display":"images","restrictions_type":"any_text","adjust_price":false,"price":"","price_type":"flat_fee","restrictions":false,"min":0,"max":0,"options":[{"label":"Verl\u00e4ngerungsm\u00f6glichkeit +16 cm","price":"260","price_type":"flat_fee","image":19778}],"id":1756912400},"4":{"name":"Finanzierungsm\u00f6glichkeiten","type":"checkbox","position":5,"required":false,"title_format":"label","description_enable":false,"description":"","placeholder_enable":false,"placeholder":"","display":"select","restrictions_type":"any_text","adjust_price":false,"price":"","price_type":"flat_fee","restrictions":false,"min":0,"max":0,"options":[{"label":"F\u00fcr Gewerbetreibende besteht die M\u00f6glichkeit einer Finanzierung \u00fcber 24 Monate","price":"","price_type":"flat_fee","image":0}],"id":1720449562}},"brands":[],"_links":{"self":[{"href":"https:\/\/swissmassage.weprocess.dev\/de\/wp-json\/wp\/v2\/product\/21113","targetHints":{"allow":["GET"]}}],"collection":[{"href":"https:\/\/swissmassage.weprocess.dev\/de\/wp-json\/wp\/v2\/product"}],"about":[{"href":"https:\/\/swissmassage.weprocess.dev\/de\/wp-json\/wp\/v2\/types\/product"}],"wp:featuredmedia":[{"embeddable":true,"href":"https:\/\/swissmassage.weprocess.dev\/de\/wp-json\/wp\/v2\/media\/20481"}],"wp:attachment":[{"href":"https:\/\/swissmassage.weprocess.dev\/de\/wp-json\/wp\/v2\/media?parent=21113"}],"wp:term":[{"taxonomy":"pwb-brand","embeddable":true,"href":"https:\/\/swissmassage.weprocess.dev\/de\/wp-json\/wp\/v2\/pwb-brand?post=21113"},{"taxonomy":"product_brand","embeddable":true,"href":"https:\/\/swissmassage.weprocess.dev\/de\/wp-json\/wp\/v2\/product_brand?post=21113"},{"taxonomy":"product_cat","embeddable":true,"href":"https:\/\/swissmassage.weprocess.dev\/de\/wp-json\/wp\/v2\/product_cat?post=21113"},{"taxonomy":"product_tag","embeddable":true,"href":"https:\/\/swissmassage.weprocess.dev\/de\/wp-json\/wp\/v2\/product_tag?post=21113"},{"taxonomy":"product_folder","embeddable":true,"href":"https:\/\/swissmassage.weprocess.dev\/de\/wp-json\/wp\/v2\/product_folder?post=21113"}],"curies":[{"name":"wp","href":"https:\/\/api.w.org\/{rel}","templated":true}]}}