{"id":20102,"date":"2024-03-04T16:16:31","date_gmt":"2024-03-04T15:16:31","guid":{"rendered":"https:\/\/swissmassage.ch\/produits\/table-de-chiropratique-modele-bhal\/"},"modified":"2024-03-04T16:16:31","modified_gmt":"2024-03-04T15:16:31","slug":"table-de-chiropratique-modele-bhal","status":"publish","type":"product","link":"https:\/\/swissmassage.weprocess.dev\/de\/produits\/table-de-chiropratique-modele-bhal\/","title":{"rendered":"Chiropraktik-Tisch Modell Scall"},"content":{"rendered":"<h2>Chiropraktik-Tisch Modell Scall<\/h2>\n<p><strong>Motorisierte Funktionen:<\/strong><br \/>\nH\u00f6he 48,5-66 cm. Per Fu\u00dfauftrag. <\/p>\n<p><strong>Manuelle Funktionen:<\/strong><br \/>\nVerstellbare Kopfst\u00fctze (-15\u00ba bis +20\u00ba). Gaskolben<x id=\"gid_2\"><\/x>Verstellbares Brustteil (-18\u00ba bis +20\u00ba). Gaskolben<br \/>\nVerstellbarer Beckenbereich (0\u00ba bis +20\u00ba). Manuell<x id=\"gid_4\"><\/x>verstellbare Fu\u00dfst\u00fctze (0\u00ba bis +50\u00ba). Manuell    <\/p>\n<p><strong>Inklusive:<\/strong><br \/>\nZwei einziehbare Schwenkr\u00e4der und 2 feste R\u00e4der f\u00fcr eine einfache<br \/>\nBewegung Drei Fallabschnitte: Hals-, Brust- und Lendenwirbels\u00e4ule<br \/>\nGeteiltes Bauchdesign &#8211; Brustteil kann angehoben oder abgesenkt werden<\/p>\n<p><strong>Technische Merkmale:<\/strong><br \/>\nL\u00e4nge: 183 cm Breite: 51 cm H\u00f6he: 48,5-66 cm<br \/>\nGewicht: 110 kg<br \/>\nMaximale Belastung 250 kg<br \/>\nMotoren: 1<br \/>\nSchaumstoffst\u00e4rke 7 cm<br \/>\nDichte: 36 kg\/m3<br \/>\nPolsterung: MED PVC<br \/>\n7-teiliger Tisch<\/p>\n<p><span style=\"font-size: 10pt;\"><strong>Zertifizierung:<\/strong><br \/>\nMedizinprodukt der Klasse I. Europ\u00e4ische<br \/>\nMedizinprodukteverordnung CE, FDA, ISO13485-2016, EN60601<br \/>\n<\/span><\/p>\n<p><strong>Video Scall Modell Chiro Tisch:<br \/>\n<\/strong><\/p>\n<div style=\"width: 640px;\" class=\"wp-video\"><video class=\"wp-video-shortcode\" id=\"video-20102-1\" width=\"640\" height=\"368\" preload=\"metadata\" controls=\"controls\"><source type=\"video\/mp4\" src=\"https:\/\/swissmassage.weprocess.dev\/wp-content\/uploads\/Video-table-de-Chiro-modele-Coinfycare-Bhal.mp4?_=1\" \/><a href=\"https:\/\/swissmassage.weprocess.dev\/wp-content\/uploads\/Video-table-de-Chiro-modele-Coinfycare-Bhal.mp4\">https:\/\/swissmassage.weprocess.dev\/wp-content\/uploads\/Video-table-de-Chiro-modele-Coinfycare-Bhal.mp4<\/a><\/video><\/div>\n<p><strong> <\/strong><\/p>\n","protected":false},"excerpt":{"rendered":"<p>Chiropraktik-Tisch Modell Scall Motorisierte Funktionen: H\u00f6he 48,5-66 cm. Per Fu\u00dfauftrag. Manuelle Funktionen: Verstellbare Kopfst\u00fctze (-15\u00ba bis +20\u00ba). GaskolbenVerstellbares Brustteil (-18\u00ba bis +20\u00ba). Gaskolben Verstellbarer Beckenbereich (0\u00ba bis +20\u00ba). Manuellverstellbare Fu\u00dfst\u00fctze (0\u00ba bis +50\u00ba). Manuell Inklusive: Zwei einziehbare Schwenkr\u00e4der und 2 feste R\u00e4der f\u00fcr eine einfache Bewegung Drei Fallabschnitte: Hals-, Brust- und Lendenwirbels\u00e4ule Geteiltes Bauchdesign &#8211;&hellip;<\/p>\n","protected":false},"featured_media":20110,"template":"","meta":{"_seopress_robots_primary_cat":"none","_seopress_titles_title":"","_seopress_titles_desc":"Die Chiropraktikliege Modell Bhal bietet optimale Unterst\u00fctzung und \u00fcberlegenen Komfort f\u00fcr effektive chiropraktische Behandlungen.","_seopress_robots_index":""},"pwb-brand":[],"product_brand":[],"product_cat":[1331,1378],"product_tag":[1412,1413,1411],"product_folder":[],"class_list":{"0":"post-20102","1":"product","2":"type-product","3":"status-publish","4":"has-post-thumbnail","6":"product_cat-alle-physio-medizinischen-artikel","7":"product_cat-chiropraktik-liegen","8":"product_tag-chiro-de","9":"product_tag-chiro-liege","10":"product_tag-medizinisch","12":"first","13":"instock","14":"taxable","15":"shipping-taxable","16":"purchasable","17":"product-type-simple"},"exclude_global_add_ons":[],"addons":[],"brands":[],"_links":{"self":[{"href":"https:\/\/swissmassage.weprocess.dev\/de\/wp-json\/wp\/v2\/product\/20102","targetHints":{"allow":["GET"]}}],"collection":[{"href":"https:\/\/swissmassage.weprocess.dev\/de\/wp-json\/wp\/v2\/product"}],"about":[{"href":"https:\/\/swissmassage.weprocess.dev\/de\/wp-json\/wp\/v2\/types\/product"}],"wp:featuredmedia":[{"embeddable":true,"href":"https:\/\/swissmassage.weprocess.dev\/de\/wp-json\/wp\/v2\/media\/20110"}],"wp:attachment":[{"href":"https:\/\/swissmassage.weprocess.dev\/de\/wp-json\/wp\/v2\/media?parent=20102"}],"wp:term":[{"taxonomy":"pwb-brand","embeddable":true,"href":"https:\/\/swissmassage.weprocess.dev\/de\/wp-json\/wp\/v2\/pwb-brand?post=20102"},{"taxonomy":"product_brand","embeddable":true,"href":"https:\/\/swissmassage.weprocess.dev\/de\/wp-json\/wp\/v2\/product_brand?post=20102"},{"taxonomy":"product_cat","embeddable":true,"href":"https:\/\/swissmassage.weprocess.dev\/de\/wp-json\/wp\/v2\/product_cat?post=20102"},{"taxonomy":"product_tag","embeddable":true,"href":"https:\/\/swissmassage.weprocess.dev\/de\/wp-json\/wp\/v2\/product_tag?post=20102"},{"taxonomy":"product_folder","embeddable":true,"href":"https:\/\/swissmassage.weprocess.dev\/de\/wp-json\/wp\/v2\/product_folder?post=20102"}],"curies":[{"name":"wp","href":"https:\/\/api.w.org\/{rel}","templated":true}]}}