{"id":19988,"date":"2025-09-19T08:47:15","date_gmt":"2025-09-19T06:47:15","guid":{"rendered":"https:\/\/swissmassage.ch\/?post_type=product&#038;p=19988"},"modified":"2025-11-22T17:23:09","modified_gmt":"2025-11-22T16:23:09","slug":"chariot-medical-en-acier-avec-plateau-amovible","status":"publish","type":"product","link":"https:\/\/swissmassage.weprocess.dev\/de\/produits\/chariot-medical-en-acier-avec-plateau-amovible\/","title":{"rendered":"Medizinischer Wagen aus Stahl mit abnehmbarem Tablett"},"content":{"rendered":"<h2>Medizinischer Wagen aus Stahl auf R\u00e4dern mit herausnehmbarem Tablett<\/h2>\n<p>Dieser Edelstahlwagen wurde f\u00fcr medizinische und paramedizinische Umgebungen entwickelt und ist der perfekte Verb\u00fcndete, um Ihre Instrumente immer griffbereit zu haben. Seine robuste Struktur garantiert eine hohe Stabilit\u00e4t, w\u00e4hrend sein herausnehmbares Tablett mit erh\u00f6hten Kanten die Reinigung und Hygiene im Alltag erleichtert. <\/p>\n<p>Montiert auf 4 x 75 mm Lenkrollen ist er leicht zu bewegen und auf engstem Raum leicht zu handhaben. Dank des teleskopierbaren Verstellsystems kann die H\u00f6he des Tabletts an Ihre Bed\u00fcrfnisse angepasst werden, was Komfort und Praktikabilit\u00e4t w\u00e4hrend der Behandlungen gew\u00e4hrleistet. <\/p>\n<h2>Technische Beschreibung:<\/h2>\n<p>Rahmen aus Edelstahl 304<br \/>\nHerausnehmbares Tablett mit erh\u00f6hten Kanten: 60 x 40 x 2 cm<br \/>\nH\u00f6henverstellbar von 85 bis 140 cm<br \/>\n4 Lenkrollen \u00d8 75 mm<\/p>\n<h2>Gr\u00f6\u00dfe:<\/h2>\n<p>Breite: 60 cm<br \/>\nTiefe: 40 cm<br \/>\nVerstellbare H\u00f6he: 85 \u2013 140 cm<\/p>\n","protected":false},"excerpt":{"rendered":"<p>Medizinischer Wagen aus Stahl auf R\u00e4dern mit herausnehmbarem Tablett Dieser Edelstahlwagen wurde f\u00fcr medizinische und paramedizinische Umgebungen entwickelt und ist der perfekte Verb\u00fcndete, um Ihre Instrumente immer griffbereit zu haben. Seine robuste Struktur garantiert eine hohe Stabilit\u00e4t, w\u00e4hrend sein herausnehmbares Tablett mit erh\u00f6hten Kanten die Reinigung und Hygiene im Alltag erleichtert. Montiert auf 4 x&hellip;<\/p>\n","protected":false},"featured_media":19992,"template":"","meta":{"_seopress_robots_primary_cat":"none","_seopress_titles_title":"Medizinischer Wagen aus Stahl mit abnehmbarem Tablett - Swisssmassage","_seopress_titles_desc":"Medizinischer Wagen aus Edelstahl mit herausnehmbarem Tablett, h\u00f6henverstellbar und dank seiner 4 schwenkbaren R\u00e4der leicht zu bewegen.","_seopress_robots_index":""},"pwb-brand":[],"product_brand":[],"product_cat":[1331,1372],"product_tag":[1411,1452],"product_folder":[],"class_list":{"0":"post-19988","1":"product","2":"type-product","3":"status-publish","4":"has-post-thumbnail","6":"product_cat-alle-physio-medizinischen-artikel","7":"product_cat-medizinische-wagen","8":"product_tag-medizinisch","9":"product_tag-medizinische-wagen","11":"first","12":"instock","13":"taxable","14":"shipping-taxable","15":"purchasable","16":"product-type-simple"},"exclude_global_add_ons":[],"addons":[],"brands":[],"_links":{"self":[{"href":"https:\/\/swissmassage.weprocess.dev\/de\/wp-json\/wp\/v2\/product\/19988","targetHints":{"allow":["GET"]}}],"collection":[{"href":"https:\/\/swissmassage.weprocess.dev\/de\/wp-json\/wp\/v2\/product"}],"about":[{"href":"https:\/\/swissmassage.weprocess.dev\/de\/wp-json\/wp\/v2\/types\/product"}],"wp:featuredmedia":[{"embeddable":true,"href":"https:\/\/swissmassage.weprocess.dev\/de\/wp-json\/wp\/v2\/media\/19992"}],"wp:attachment":[{"href":"https:\/\/swissmassage.weprocess.dev\/de\/wp-json\/wp\/v2\/media?parent=19988"}],"wp:term":[{"taxonomy":"pwb-brand","embeddable":true,"href":"https:\/\/swissmassage.weprocess.dev\/de\/wp-json\/wp\/v2\/pwb-brand?post=19988"},{"taxonomy":"product_brand","embeddable":true,"href":"https:\/\/swissmassage.weprocess.dev\/de\/wp-json\/wp\/v2\/product_brand?post=19988"},{"taxonomy":"product_cat","embeddable":true,"href":"https:\/\/swissmassage.weprocess.dev\/de\/wp-json\/wp\/v2\/product_cat?post=19988"},{"taxonomy":"product_tag","embeddable":true,"href":"https:\/\/swissmassage.weprocess.dev\/de\/wp-json\/wp\/v2\/product_tag?post=19988"},{"taxonomy":"product_folder","embeddable":true,"href":"https:\/\/swissmassage.weprocess.dev\/de\/wp-json\/wp\/v2\/product_folder?post=19988"}],"curies":[{"name":"wp","href":"https:\/\/api.w.org\/{rel}","templated":true}]}}