{"id":19783,"date":"2025-08-29T08:49:45","date_gmt":"2025-08-29T06:49:45","guid":{"rendered":"https:\/\/swissmassage.ch\/?post_type=product&#038;p=19783"},"modified":"2025-08-29T11:22:18","modified_gmt":"2025-08-29T09:22:18","slug":"verlaengerungsset-elektrische-massageliege","status":"publish","type":"product","link":"https:\/\/swissmassage.weprocess.dev\/de\/produits\/verlaengerungsset-elektrische-massageliege\/","title":{"rendered":"Elektrisches Massageliege Verl\u00e4ngerungsset"},"content":{"rendered":"<h2 style=\"text-align: left;\">Erweiterungsset f\u00fcr elektrische Massageliege.<\/h2>\n<p><span style=\"font-size: 10pt;\">15 cm L\u00e4ngenzunahme.<\/span><br \/>\n<span style=\"font-size: 10pt;\">Standardbreite 69 cm.<\/span><br \/>\n<span style=\"font-size: 10pt;\">Schaumst\u00e4rke 8 cm.<br \/>\nH\u00f6henverstellbar an der Massageliege.<\/span><br \/>\n<span style=\"font-size: 10pt;\">Einfache Montage.<\/span><\/p>\n<h3>Objektiv:<\/h3>\n<p data-start=\"103\" data-end=\"358\">Bieten Sie Ihren Kunden mehr Komfort mit dem <strong data-start=\"149\" data-end=\"187\">Massageliege-Erweiterungsset<\/strong>.<br data-start=\"188\" data-end=\"191\">Es wurde in Zusammenarbeit mit Therapeuten entwickelt und eignet sich besonders f\u00fcr die Bed\u00fcrfnisse von Sportmassagen, die mit gro\u00dfen Sportlern arbeiten.<br \/>\nDieses System ist einfach zu installieren, passt auf die meisten Massageliegen und f\u00fcgt <strong data-start=\"446\" data-end=\"471\">weitere 15 cm<\/strong> hinzu, wodurch ihre Gesamtl\u00e4nge auf <strong data-start=\"510\" data-end=\"520\">215 cm<\/strong> steigt.<br \/>\nDas Ergebnis: eine ger\u00e4umigere Behandlungsliege, die an alle K\u00f6rpertypen angepasst ist, und eine optimale Pflegequalit\u00e4t.<\/p>\n<p><span style=\"font-size: 10pt;\">Verf\u00fcgbar in der ganzen Schweiz. Oder bringen Sie es direkt in unsere Werkstatt. <\/span><\/p>\n","protected":false},"excerpt":{"rendered":"<p>Erweiterungsset f\u00fcr elektrische Massageliege. 15 cm L\u00e4ngenzunahme. Standardbreite 69 cm. Schaumst\u00e4rke 8 cm. H\u00f6henverstellbar an der Massageliege. Einfache Montage. Objektiv: Bieten Sie Ihren Kunden mehr Komfort mit dem Massageliege-Erweiterungsset.Es wurde in Zusammenarbeit mit Therapeuten entwickelt und eignet sich besonders f\u00fcr die Bed\u00fcrfnisse von Sportmassagen, die mit gro\u00dfen Sportlern arbeiten. Dieses System ist einfach zu installieren,&hellip;<\/p>\n","protected":false},"featured_media":19772,"template":"","meta":{"_seopress_robots_primary_cat":"none","_seopress_titles_title":"Verl\u00e4ngerung f\u00fcr Massageliege - Swissmassage","_seopress_titles_desc":"Massageliege Extender: Verl\u00e4ngert die L\u00e4nge Ihrer Liege f\u00fcr zus\u00e4tzlichen Komfort, ideal f\u00fcr die Unterbringung von Kunden unterschiedlicher Gr\u00f6\u00dfe.","_seopress_robots_index":""},"pwb-brand":[],"product_brand":[],"product_cat":[1345,1336],"product_tag":[],"product_folder":[],"class_list":{"0":"post-19783","1":"product","2":"type-product","3":"status-publish","4":"has-post-thumbnail","6":"product_cat-alles-massagezubehor","7":"product_cat-zubehor-fur-massageliegen","9":"first","10":"instock","11":"taxable","12":"shipping-taxable","13":"purchasable","14":"product-type-simple"},"exclude_global_add_ons":[],"addons":[],"brands":[],"_links":{"self":[{"href":"https:\/\/swissmassage.weprocess.dev\/de\/wp-json\/wp\/v2\/product\/19783","targetHints":{"allow":["GET"]}}],"collection":[{"href":"https:\/\/swissmassage.weprocess.dev\/de\/wp-json\/wp\/v2\/product"}],"about":[{"href":"https:\/\/swissmassage.weprocess.dev\/de\/wp-json\/wp\/v2\/types\/product"}],"wp:featuredmedia":[{"embeddable":true,"href":"https:\/\/swissmassage.weprocess.dev\/de\/wp-json\/wp\/v2\/media\/19772"}],"wp:attachment":[{"href":"https:\/\/swissmassage.weprocess.dev\/de\/wp-json\/wp\/v2\/media?parent=19783"}],"wp:term":[{"taxonomy":"pwb-brand","embeddable":true,"href":"https:\/\/swissmassage.weprocess.dev\/de\/wp-json\/wp\/v2\/pwb-brand?post=19783"},{"taxonomy":"product_brand","embeddable":true,"href":"https:\/\/swissmassage.weprocess.dev\/de\/wp-json\/wp\/v2\/product_brand?post=19783"},{"taxonomy":"product_cat","embeddable":true,"href":"https:\/\/swissmassage.weprocess.dev\/de\/wp-json\/wp\/v2\/product_cat?post=19783"},{"taxonomy":"product_tag","embeddable":true,"href":"https:\/\/swissmassage.weprocess.dev\/de\/wp-json\/wp\/v2\/product_tag?post=19783"},{"taxonomy":"product_folder","embeddable":true,"href":"https:\/\/swissmassage.weprocess.dev\/de\/wp-json\/wp\/v2\/product_folder?post=19783"}],"curies":[{"name":"wp","href":"https:\/\/api.w.org\/{rel}","templated":true}]}}