{"id":19728,"date":"2025-08-27T07:48:54","date_gmt":"2025-08-27T05:48:54","guid":{"rendered":"https:\/\/swissmassage.ch\/?post_type=product&#038;p=19728"},"modified":"2025-12-17T14:19:16","modified_gmt":"2025-12-17T13:19:16","slug":"physiotherapie-liege-modell-ellipse-plus","status":"publish","type":"product","link":"https:\/\/swissmassage.weprocess.dev\/de\/produits\/physiotherapie-liege-modell-ellipse-plus\/","title":{"rendered":"Physiotherapieliege Modell Ellipse Plus"},"content":{"rendered":"<h2>Ellipse Plus elektrische Physioliege mit 3 Motoren in Anthrazit.<\/h2>\n<p>Die Liege Ellipse Plus wurde speziell f\u00fcr die Anforderungen von Physiotherapeuten entwickelt und ist eine optimierte Version des Modells Ellipse. Mit seinen gro\u00dfz\u00fcgigen Abmessungen (210 cm lang und 70 cm breit) bietet er einen idealen Arbeitsplatz f\u00fcr physiotherapeutische Behandlungen und Behandlungen, die Komfort, Stabilit\u00e4t und Pr\u00e4zision erfordern.<\/p>\n<h3>Highlights der Physiotherapieliege:<\/h3>\n<p>Seine L\u00e4nge von 210 cm und seine Breite von 70 cm bieten eine Arbeitsfl\u00e4che, die sich perfekt f\u00fcr spezifische Mobilisationen, Dehnungen und Behandlungen eignet.<br \/>\nErweiterter H\u00f6henweg: 60 bis 92 cm, elektrisch verstellbar.<br \/>\n3 schnelle und leise Motoren (H\u00f6he \/ R\u00fcckenlehne \/ Beinteil), Handsteuerung.<br \/>\nDie R\u00fcckenlehne kann bis in die Sitzposition angehoben werden, mit Umkehrfunktion.<br \/>\nVerstellbares Beinteil zur Entlastung der Lendenwirbels\u00e4ule (positive Pause\/Kyphose).<br \/>\nGesichtsloch + verstellbare Kappe und Armlehne f\u00fcr Bauchbeatmung.<br \/>\n8,5 cm Schaumstoff \u2013 Dichte 35 kg\/m\u00b3: effektive Unterst\u00fctzung f\u00fcr starke Man\u00f6ver.<br \/>\nVersenkbare Armlehnen (10 \u00d7 70 cm), die als Verbreiterungen oder Armlehnen verwendet werden k\u00f6nnen.<br \/>\nHandhabungsr\u00e4der f\u00fcr eine einfache Bewegung in der Praxis.<span style=\"color: #bc0f4d;\"><br \/>\n<\/span><\/p>\n<h3>Beschreibung der Behandlungsliege:<\/h3>\n<p>Dank des <strong>schnellen und leisen<\/strong> elektrischen Systems mit 3 Motoren erm\u00f6glicht die Ellipse Plus-Liege die sofortige und m\u00fchelose Einstellung der H\u00f6he, der R\u00fcckenlehne und des Beinteils. Die R\u00fcckenlehne kann in die Sitzposition angehoben, aber auch negativ gekippt werden; Eine sehr gesch\u00e4tzte Eigenschaft f\u00fcr verschiedene therapeutische \u00dcbungen und Haltungen. Das Beinteil bietet zudem eine gro\u00dfe Einstellfreiheit, die sowohl eine Lendenwirbelentlastung als auch eine Kyphosearbeit erm\u00f6glicht.<\/p>\n<p>Der Patientenkomfort wird durch <strong>einen 8,5 cm dicken<\/strong> Schaumstoff gew\u00e4hrleistet, der sowohl weich als auch reaktionsfreudig ist, sowie ein <strong>Gesichtsloch mit Kappe<\/strong>, <strong>verstellbare Armlehnen<\/strong> und <strong>zwei einziehbare Armlehnen<\/strong> , die als Verbreiterungen verwendet werden k\u00f6nnen. Diese Elemente garantieren eine entspannte Position, auch bei langen Sitzungen oder intensiven Mobilisationen.<\/p>\n<p>F\u00fcr den Behandler vereint die Ellipse Plus Ergonomie und Funktionalit\u00e4t: Ihre verstellbare H\u00f6he von <strong>60 bis 92 cm<\/strong> erleichtert alle Arbeitsans\u00e4tze, w\u00e4hrend ihre <strong>Polyurethanbeschichtung<\/strong> schnell zu reinigen ist und einer intensiven Nutzung standh\u00e4lt. Das integrierte Rollensystem erm\u00f6glicht ein einfaches und sicheres Bewegen.<\/p>\n<p>Robust und zuverl\u00e4ssig unterst\u00fctzt <strong>es bis zu 200 kg Wirkstoffe<\/strong> und eignet sich damit f\u00fcr den intensiven Einsatz in Kliniken und Physiotherapiepraxen. Mit seinen vielf\u00e4ltigen Einstellm\u00f6glichkeiten, dem \u00fcberragenden Komfort und dem langlebigen Design ist der Ellipse Plus eine unverzichtbare L\u00f6sung f\u00fcr Physiotherapeuten.<\/p>\n","protected":false},"excerpt":{"rendered":"<p>Ellipse Plus elektrische Physioliege mit 3 Motoren in Anthrazit. Die Liege Ellipse Plus wurde speziell f\u00fcr die Anforderungen von Physiotherapeuten entwickelt und ist eine optimierte Version des Modells Ellipse. Mit seinen gro\u00dfz\u00fcgigen Abmessungen (210 cm lang und 70 cm breit) bietet er einen idealen Arbeitsplatz f\u00fcr physiotherapeutische Behandlungen und Behandlungen, die Komfort, Stabilit\u00e4t und Pr\u00e4zision&hellip;<\/p>\n","protected":false},"featured_media":19743,"template":"","meta":{"_seopress_robots_primary_cat":"none","_seopress_titles_title":"Physiotherapie-Liege Modell Ellipse Plus - Swissmassage","_seopress_titles_desc":"Ellipse Plus Elektrische Physiotherapieliege 3 Motoren. Pr\u00e4zise Justierungen, optimaler Komfort und Robustheit f\u00fcr die Pflege in B\u00fcro und Klinik.","_seopress_robots_index":""},"pwb-brand":[],"product_brand":[],"product_cat":[1331,1383],"product_tag":[1445,1435,1443],"product_folder":[],"class_list":{"0":"post-19728","1":"product","2":"type-product","3":"status-publish","4":"has-post-thumbnail","6":"product_cat-alle-physio-medizinischen-artikel","7":"product_cat-physio-und-therapieliege-physio-medizinisch","8":"product_tag-elektrische-massageliege","9":"product_tag-massage-de","10":"product_tag-massageliege","12":"first","13":"instock","14":"taxable","15":"shipping-taxable","16":"purchasable","17":"product-type-simple"},"exclude_global_add_ons":false,"addons":[{"name":"Option f\u00fcr Fu\u00dfschalter","type":"multiple_choice","position":1,"required":false,"title_format":"label","description_enable":false,"description":"","placeholder_enable":false,"placeholder":"","display":"images","restrictions_type":"any_text","adjust_price":false,"price":"","price_type":"flat_fee","restrictions":false,"min":0,"max":0,"options":[{"label":"Mit Fu\u00dfschalter","price":"250","price_type":"flat_fee","image":8624}],"id":1720449316},{"name":"Finanzierungsm\u00f6glichkeit:","type":"checkbox","position":2,"required":false,"title_format":"label","description_enable":false,"description":"","placeholder_enable":false,"placeholder":"","display":"select","restrictions_type":"any_text","adjust_price":false,"price":"","price_type":"flat_fee","restrictions":false,"min":0,"max":0,"options":[{"label":"F\u00fcr Gewerbetreibende besteht die M\u00f6glichkeit einer Finanzierung \u00fcber 24 Monate","price":"","price_type":"flat_fee","image":0}],"id":1720449317}],"brands":[],"_links":{"self":[{"href":"https:\/\/swissmassage.weprocess.dev\/de\/wp-json\/wp\/v2\/product\/19728","targetHints":{"allow":["GET"]}}],"collection":[{"href":"https:\/\/swissmassage.weprocess.dev\/de\/wp-json\/wp\/v2\/product"}],"about":[{"href":"https:\/\/swissmassage.weprocess.dev\/de\/wp-json\/wp\/v2\/types\/product"}],"wp:featuredmedia":[{"embeddable":true,"href":"https:\/\/swissmassage.weprocess.dev\/de\/wp-json\/wp\/v2\/media\/19743"}],"wp:attachment":[{"href":"https:\/\/swissmassage.weprocess.dev\/de\/wp-json\/wp\/v2\/media?parent=19728"}],"wp:term":[{"taxonomy":"pwb-brand","embeddable":true,"href":"https:\/\/swissmassage.weprocess.dev\/de\/wp-json\/wp\/v2\/pwb-brand?post=19728"},{"taxonomy":"product_brand","embeddable":true,"href":"https:\/\/swissmassage.weprocess.dev\/de\/wp-json\/wp\/v2\/product_brand?post=19728"},{"taxonomy":"product_cat","embeddable":true,"href":"https:\/\/swissmassage.weprocess.dev\/de\/wp-json\/wp\/v2\/product_cat?post=19728"},{"taxonomy":"product_tag","embeddable":true,"href":"https:\/\/swissmassage.weprocess.dev\/de\/wp-json\/wp\/v2\/product_tag?post=19728"},{"taxonomy":"product_folder","embeddable":true,"href":"https:\/\/swissmassage.weprocess.dev\/de\/wp-json\/wp\/v2\/product_folder?post=19728"}],"curies":[{"name":"wp","href":"https:\/\/api.w.org\/{rel}","templated":true}]}}