{"id":19666,"date":"2025-08-15T09:59:33","date_gmt":"2025-08-15T07:59:33","guid":{"rendered":"https:\/\/swissmassage.ch\/?post_type=product&#038;p=19666"},"modified":"2025-10-23T15:58:32","modified_gmt":"2025-10-23T13:58:32","slug":"table-de-physio-modele-energy-plus","status":"publish","type":"product","link":"https:\/\/swissmassage.weprocess.dev\/de\/produits\/table-de-physio-modele-energy-plus\/","title":{"rendered":"Physio Liege Energy Plus Modell"},"content":{"rendered":"<h2>Energy Plus Physiotherapieliege.<\/h2>\n<p><span style=\"font-size: 10pt;\">Energy Plus elektrische Physioliege mit 1 Motor f\u00fcr die H\u00f6he mit peripherem Steuerrahmen zu den F\u00fc\u00dfen.<\/span><\/p>\n<h2>Beschreibung der Energy Plus Physioliege:<\/h2>\n<p><span style=\"font-size: 10pt;\">Der Markenmotor regelt die H\u00f6he der Liege.<\/span><br \/>\n<span style=\"font-size: 10pt;\">H\u00f6henverstellung mit einer Rahmenperipheriesteuerung.<\/span><br \/>\n<span style=\"font-size: 10pt;\">Einstellung der Steigung durch Gaskolben.<\/span><br \/>\n<span style=\"font-size: 10pt;\">Verstellbare Kopfst\u00fctze durch Gasfeder, verstellbarer Winkel von -20\u00b0 bis + 55\u00b0.<\/span><br \/>\n<span style=\"font-size: 10pt;\">Beinauflage durch Gasfeder verstellbar, Winkel einstellbar von 0\u00b0 bis + 90\u00b0.<\/span><br \/>\n<span style=\"font-size: 10pt;\">Tr\u00e4gt bis zu 225 kg.<\/span><br \/>\n<span style=\"font-size: 10pt;\">75 mm 360\u00b0 drehbare Rollen f\u00fcr hervorragende Mobilit\u00e4t und Sicherheit.<\/span><br \/>\n<span style=\"font-size: 10pt;\">Polsterfarbe: Graphitgrau<\/span><br \/>\n<span style=\"font-size: 10pt;\">Zementgraue PVC-Beschichtung, <\/span><span style=\"font-size: 10pt;\">best\u00e4ndig gegen Feuer, Flecken, Pilze, \u00d6l und Wasser.<\/span><br \/>\n<span style=\"font-size: 10pt;\">Zertifizierungen: CE, FDA, ISO 9001-2008, ISO13485-2007.<\/span><br \/>\n<span style=\"font-size: 10pt;\">Zertifiziert gem\u00e4\u00df der Richtlinie 93\/42\/EWG \u2013 \u00e4rztliche Bescheinigung.<\/span><br \/>\n<span style=\"font-size: 10pt;\">L\u00e4nge der Beinauflage: 96 cm<\/span><br \/>\n<span style=\"font-size: 10pt;\">L\u00e4nge der zentralen Platte: 51 cm<\/span><br \/>\n<span style=\"font-size: 10pt;\">L\u00e4nge der Kopfst\u00fctze: 43 cm<\/span><br \/>\n<span style=\"font-size: 10pt;\">Gesamtl\u00e4nge des Tisches: 195 cm<\/span><br \/>\nTischbreite: 66 cm und einziehbare Armlehnen + 2&#215;10 cm x 46 cm lang.<br \/>\n<span style=\"font-size: 10pt;\">Verstellbare H\u00f6he: 45 cm \u2013 95 cm<\/span><br \/>\n<span style=\"font-size: 10pt;\">Dicke der Matratze: 5 cm<\/span><br \/>\n<span style=\"font-size: 10pt;\">Schaumdichte: 36 kg\/m\u00b3  <\/span><\/p>\n<h3>Philosophie der Energy Plus Physiotherapeuten-Behandlungsliege:<\/h3>\n<p>Kompetenz im Dienste der Rehabilitation.<br \/>\nDie Physiotherapieliege Energy Plus verk\u00f6rpert den H\u00f6hepunkt der Innovation im Bereich der Rehabilitation. Entwickelt, um die h\u00f6chsten Anspr\u00fcche von \u00c4rzten zu erf\u00fcllen und optimalen Patientenkomfort zu bieten, verf\u00fcgt es \u00fcber fortschrittliche Funktionen und modernste Ergonomie.<br \/>\nEs erm\u00f6glicht eine pr\u00e4zise H\u00f6henverstellung und sorgt so f\u00fcr eine perfekte Passform bei jeder Sitzung. Der Motor sorgt f\u00fcr eine stufenlose H\u00f6henverstellung. Die Steigung hingegen wird \u00fcber einen Gaskolben eingestellt, was eine optimale Vielseitigkeit f\u00fcr verschiedene Behandlungsprotokolle bietet.<br \/>\nDie Kopfst\u00fctze und die Armlehnen sind vollst\u00e4ndig verstellbar, um sich jedem K\u00f6rpertyp anzupassen, sie sind mit einer Gasfeder verstellbar, bieten einen Winkel von -20\u00b0 bis +55\u00b0, w\u00e4hrend die Armlehnen eine Anpassung erm\u00f6glichen, um maximalen Komfort w\u00e4hrend der gesamten Sitzung zu gew\u00e4hrleisten.<br \/>\nDer auf Robustheit und Sicherheit ausgelegte Tisch tr\u00e4gt bis zu 225 kg und verf\u00fcgt \u00fcber 75 mm 360\u00b0-Lenkrollen, die eine einfache Mobilit\u00e4t garantieren. Die graue PVC-Beschichtung, die gegen Feuer, Flecken, Pilze, \u00d6l und Wasser best\u00e4ndig ist, gew\u00e4hrleistet eine au\u00dfergew\u00f6hnliche Haltbarkeit auch in den anspruchsvollsten Arbeitsumgebungen.<br \/>\nZertifiziert nach den strengsten internationalen Normen (CE, FDA, ISO 9001:2008, ISO 13485:2007) und konform mit der Medizinprodukterichtlinie 93\/42\/EWG, garantiert die Energy Plus-Tabelle einwandfreie Qualit\u00e4t und Sicherheit.<br \/>\nMit seinen versenkbaren Armlehnen, die seine Breite von 66 cm auf 86 cm vergr\u00f6\u00dfern, bietet er zus\u00e4tzlichen Komfort sowohl f\u00fcr den Behandler als auch f\u00fcr den Patienten.<br \/>\nDie Energy Plus Physiotherapieliege von Coinfycare ist die bevorzugte Wahl f\u00fcr Profis, die Pr\u00e4zision, Komfort und Zuverl\u00e4ssigkeit f\u00fcr die Physiotherapie und Rehabilitationspflege kombinieren m\u00f6chten.<\/p>\n","protected":false},"excerpt":{"rendered":"<p>Energy Plus Physiotherapieliege. Energy Plus elektrische Physioliege mit 1 Motor f\u00fcr die H\u00f6he mit peripherem Steuerrahmen zu den F\u00fc\u00dfen. Beschreibung der Energy Plus Physioliege: Der Markenmotor regelt die H\u00f6he der Liege. H\u00f6henverstellung mit einer Rahmenperipheriesteuerung. Einstellung der Steigung durch Gaskolben. Verstellbare Kopfst\u00fctze durch Gasfeder, verstellbarer Winkel von -20\u00b0 bis + 55\u00b0. Beinauflage durch Gasfeder verstellbar,&hellip;<\/p>\n","protected":false},"featured_media":19673,"template":"","meta":{"_seopress_robots_primary_cat":"none","_seopress_titles_title":"Reduca Plus Elektrische Physiotherapieliege 2 Motoren","_seopress_titles_desc":"Die Physiotherapieliege Reduca Plus stellt den H\u00f6hepunkt der Innovation im Bereich der Rehabilitation dar. Motorische Kyphoseverstellung mit Fu\u00dfschalter. ","_seopress_robots_index":""},"pwb-brand":[],"product_brand":[],"product_cat":[1331,1383,1321],"product_tag":[1493,1486],"product_folder":[],"class_list":{"0":"post-19666","1":"product","2":"type-product","3":"status-publish","4":"has-post-thumbnail","6":"product_cat-alle-physio-medizinischen-artikel","7":"product_cat-physio-und-therapieliege-physio-medizinisch","8":"product_cat-unkategorisiert","9":"product_tag-physio-liege","10":"product_tag-physiotherapeut","12":"first","13":"instock","14":"taxable","15":"shipping-taxable","16":"purchasable","17":"product-type-simple"},"exclude_global_add_ons":false,"addons":[{"name":"Optionen:","type":"checkbox","position":0,"required":false,"title_format":"label","description_enable":false,"description":null,"placeholder_enable":false,"placeholder":null,"display":"select","restrictions_type":"any_text","adjust_price":false,"price":"","price_type":"flat_fee","restrictions":false,"min":0,"max":0,"options":[{"label":"Papierspender f\u00fcr Untersuchungen","price":"80","price_type":"flat_fee","image":0}],"id":1718011505}],"brands":[],"_links":{"self":[{"href":"https:\/\/swissmassage.weprocess.dev\/de\/wp-json\/wp\/v2\/product\/19666","targetHints":{"allow":["GET"]}}],"collection":[{"href":"https:\/\/swissmassage.weprocess.dev\/de\/wp-json\/wp\/v2\/product"}],"about":[{"href":"https:\/\/swissmassage.weprocess.dev\/de\/wp-json\/wp\/v2\/types\/product"}],"wp:featuredmedia":[{"embeddable":true,"href":"https:\/\/swissmassage.weprocess.dev\/de\/wp-json\/wp\/v2\/media\/19673"}],"wp:attachment":[{"href":"https:\/\/swissmassage.weprocess.dev\/de\/wp-json\/wp\/v2\/media?parent=19666"}],"wp:term":[{"taxonomy":"pwb-brand","embeddable":true,"href":"https:\/\/swissmassage.weprocess.dev\/de\/wp-json\/wp\/v2\/pwb-brand?post=19666"},{"taxonomy":"product_brand","embeddable":true,"href":"https:\/\/swissmassage.weprocess.dev\/de\/wp-json\/wp\/v2\/product_brand?post=19666"},{"taxonomy":"product_cat","embeddable":true,"href":"https:\/\/swissmassage.weprocess.dev\/de\/wp-json\/wp\/v2\/product_cat?post=19666"},{"taxonomy":"product_tag","embeddable":true,"href":"https:\/\/swissmassage.weprocess.dev\/de\/wp-json\/wp\/v2\/product_tag?post=19666"},{"taxonomy":"product_folder","embeddable":true,"href":"https:\/\/swissmassage.weprocess.dev\/de\/wp-json\/wp\/v2\/product_folder?post=19666"}],"curies":[{"name":"wp","href":"https:\/\/api.w.org\/{rel}","templated":true}]}}