{"id":19378,"date":"2025-07-22T11:28:07","date_gmt":"2025-07-22T09:28:07","guid":{"rendered":"https:\/\/swissmassage.ch\/?post_type=product&#038;p=19378"},"modified":"2025-11-13T08:39:51","modified_gmt":"2025-11-13T07:39:51","slug":"stein-und-oel-waermer-professionell-multifunktion","status":"publish","type":"product","link":"https:\/\/swissmassage.weprocess.dev\/de\/produits\/stein-und-oel-waermer-professionell-multifunktion\/","title":{"rendered":"Multifunktionale Profi-Stein- und \u00d6lheizungen"},"content":{"rendered":"<h2 style=\"text-align: left;\">Professionelle elektrische Rock- und \u00d6lheizung mit Halterung f\u00fcr 3 Flaschen<\/h2>\n<h3>Technische Beschreibung<\/h3>\n<p>Zwei Heizzonen f\u00fcr Massagesteine, mit je 500W Heizplatten<br \/>\nDrei Heizzonen f\u00fcr Massage\u00f6le oder Lotionen mit Heizr\u00f6hren von je 50 W<br \/>\nInklusive Silikoneinsatz zum D\u00e4mpfen von Kr\u00e4uterpads<br \/>\nUnabh\u00e4ngige Steuerung der Heizzonen (Steine und \u00d6le getrennt)<br \/>\nSchnelles Aufheizen in 15 Minuten (von 25\u00b0C auf 46\u00b0C), in 20 Minuten (53\u00b0C), in 30 Minuten (62\u00b0C f\u00fcr \u00d6le und 68\u00b0C f\u00fcr Steine)<br \/>\nDigitale Temperaturanzeige: aktuelle und programmierte Temperatur<br \/>\nUmrechnung zwischen Celsius (\u00b0C) und Fahrenheit (\u00b0F) m\u00f6glich<br \/>\nMa\u00dfe: 61 x 38 x 20 cm<br \/>\nGeh\u00e4use aus Edelstahl 304, interner Tank aus emailliertem Kohlenstoffstahl<br \/>\nPraktisches Design mit Wippendeckel<\/p>\n<h3>Produktbeschreibung<\/h3>\n<p>Dieser All-in-One-Heizer aus Stein und Massage\u00f6l wurde f\u00fcr anspruchsvolle Profis entwickelt und ist der ideale Verb\u00fcndete, um Zeit zu sparen und Ihren Kunden optimalen Komfort zu bieten.<\/p>\n<p>Keine langen Wartezeiten mehr: Dank seiner Zonenheiztechnologie heizt dieses Ger\u00e4t schnell auf und erm\u00f6glicht es Ihnen, Ihr Zubeh\u00f6r im Handumdrehen vorzubereiten. Die Massagesteine werden getrennt von den \u00d6len erhitzt, um eine vollst\u00e4ndige Kontrolle \u00fcber Ihre Sitzung zu gew\u00e4hrleisten. <\/p>\n<p>Jede Zone hat ihre eigene Einstellung, die in Echtzeit auf dem digitalen Bildschirm angezeigt wird. So l\u00e4sst sich die Temperatur ganz einfach an Ihre Vorlieben anpassen. <\/p>\n<p>Aus robusten Materialien (Edelstahl, Aluminium und emaillierter Kohlenstoffstahl) gefertigt, vereint dieses Ger\u00e4t Leistung, Langlebigkeit und Sicherheit. Sein cleveres Design mit Klappdeckel erm\u00f6glicht eine einfache Handhabung der Steine, auch w\u00e4hrend der Pflege. <\/p>\n<p>Ein Muss f\u00fcr jede Massagepraxis oder jeden Salon, der ein erstklassiges Erlebnis bieten m\u00f6chte.<\/p>\n","protected":false},"excerpt":{"rendered":"<p>Professionelle elektrische Rock- und \u00d6lheizung mit Halterung f\u00fcr 3 Flaschen Technische Beschreibung Zwei Heizzonen f\u00fcr Massagesteine, mit je 500W Heizplatten Drei Heizzonen f\u00fcr Massage\u00f6le oder Lotionen mit Heizr\u00f6hren von je 50 W Inklusive Silikoneinsatz zum D\u00e4mpfen von Kr\u00e4uterpads Unabh\u00e4ngige Steuerung der Heizzonen (Steine und \u00d6le getrennt) Schnelles Aufheizen in 15 Minuten (von 25\u00b0C auf 46\u00b0C),&hellip;<\/p>\n","protected":false},"featured_media":19656,"template":"","meta":{"_seopress_robots_primary_cat":"none","_seopress_titles_title":"","_seopress_titles_desc":"2-in-1 Stein- und \u00d6lheizungen f\u00fcr Profis, mit 3 \u00d6lheizzonen und Dampfeinsatz. Ideal f\u00fcr Ihre Wellness-Behandlungen. ","_seopress_robots_index":""},"pwb-brand":[],"product_brand":[],"product_cat":[1345,1343,1339,1360],"product_tag":[],"product_folder":[],"class_list":{"0":"post-19378","1":"product","2":"type-product","3":"status-publish","4":"has-post-thumbnail","6":"product_cat-alles-massagezubehor","7":"product_cat-heisse-steine","8":"product_cat-massageole","9":"product_cat-schweizer-massageole","11":"first","12":"instock","13":"taxable","14":"shipping-taxable","15":"purchasable","16":"product-type-simple"},"exclude_global_add_ons":[],"addons":[],"brands":[],"_links":{"self":[{"href":"https:\/\/swissmassage.weprocess.dev\/de\/wp-json\/wp\/v2\/product\/19378","targetHints":{"allow":["GET"]}}],"collection":[{"href":"https:\/\/swissmassage.weprocess.dev\/de\/wp-json\/wp\/v2\/product"}],"about":[{"href":"https:\/\/swissmassage.weprocess.dev\/de\/wp-json\/wp\/v2\/types\/product"}],"wp:featuredmedia":[{"embeddable":true,"href":"https:\/\/swissmassage.weprocess.dev\/de\/wp-json\/wp\/v2\/media\/19656"}],"wp:attachment":[{"href":"https:\/\/swissmassage.weprocess.dev\/de\/wp-json\/wp\/v2\/media?parent=19378"}],"wp:term":[{"taxonomy":"pwb-brand","embeddable":true,"href":"https:\/\/swissmassage.weprocess.dev\/de\/wp-json\/wp\/v2\/pwb-brand?post=19378"},{"taxonomy":"product_brand","embeddable":true,"href":"https:\/\/swissmassage.weprocess.dev\/de\/wp-json\/wp\/v2\/product_brand?post=19378"},{"taxonomy":"product_cat","embeddable":true,"href":"https:\/\/swissmassage.weprocess.dev\/de\/wp-json\/wp\/v2\/product_cat?post=19378"},{"taxonomy":"product_tag","embeddable":true,"href":"https:\/\/swissmassage.weprocess.dev\/de\/wp-json\/wp\/v2\/product_tag?post=19378"},{"taxonomy":"product_folder","embeddable":true,"href":"https:\/\/swissmassage.weprocess.dev\/de\/wp-json\/wp\/v2\/product_folder?post=19378"}],"curies":[{"name":"wp","href":"https:\/\/api.w.org\/{rel}","templated":true}]}}