{"id":18733,"date":"2025-04-15T16:47:38","date_gmt":"2025-04-15T14:47:38","guid":{"rendered":"https:\/\/swissmassage.ch\/?post_type=product&#038;p=18733"},"modified":"2025-11-01T17:56:35","modified_gmt":"2025-11-01T16:56:35","slug":"fauteuil-podologie-modele-galea","status":"publish","type":"product","link":"https:\/\/swissmassage.weprocess.dev\/de\/produits\/fauteuil-podologie-modele-galea\/","title":{"rendered":"Podologie-Sessel Gal\u00e9a Modell in Liquidation"},"content":{"rendered":"<h2>Gal\u00e9a Liquidation elektrischer Podologiestuhl mit 1 Jahr Garantie<\/h2>\n<p>Gal\u00e9a wurde f\u00fcr den Komfort des Patienten und die flie\u00dfenden Gesten des Arztes entwickelt und vereint funktionales Design, Ergonomie und Zuverl\u00e4ssigkeit. Seine n\u00fcchterne Eleganz und seine gepflegten Oberfl\u00e4chen machen ihn zur idealen Wahl f\u00fcr anspruchsvolle Profis. <\/p>\n<p>Ausgestattet mit 3 Elektromotoren zur einfachen Einstellung der H\u00f6he, der R\u00fcckenlehnenneigung und der Sitzneigung<br \/>\n.Umklappbare Armlehnen sorgen f\u00fcr einen einfachen Zugang zum Stuhl und optimieren den Patientenkomfort.<br \/>\nVerstellbares Kopfst\u00fctzenkissen mit mehreren festen Positionen, um sich an jede Morphologie anzupassen.<br \/>\nDie Beinlinge k\u00f6nnen mit einer Gasfeder unabh\u00e4ngig voneinander verstellt werden, um eine pr\u00e4zise Positionierung w\u00e4hrend der Behandlungen zu gew\u00e4hrleisten.<br \/>\nDie Beinlinge k\u00f6nnen bis zu 90\u00b0 gespreizt werden und bieten so eine optimale Zug\u00e4nglichkeit.<br \/>\nHochwertige graue PU-Beschichtung, weich im Griff, langlebig und leicht zu reinigen.<\/p>\n<p>Der Gal\u00e9a-Stuhl ist so konzipiert, dass er sowohl f\u00fcr den Behandler als auch f\u00fcr den Patienten ein reibungsloses und komfortables Erlebnis bietet. Es findet seinen Platz perfekt in einer Podologiepraxis, einem Pflegezentrum oder einem medizinischen Institut. <\/p>\n<p>Gr\u00f6\u00dfe: 168 x 81,5 x 54\/128 cm<br \/>\nGewicht: 75 kg<br \/>\nMatratzenst\u00e4rke: 8 cm<\/p>\n","protected":false},"excerpt":{"rendered":"<p>Gal\u00e9a Liquidation elektrischer Podologiestuhl mit 1 Jahr Garantie Gal\u00e9a wurde f\u00fcr den Komfort des Patienten und die flie\u00dfenden Gesten des Arztes entwickelt und vereint funktionales Design, Ergonomie und Zuverl\u00e4ssigkeit. Seine n\u00fcchterne Eleganz und seine gepflegten Oberfl\u00e4chen machen ihn zur idealen Wahl f\u00fcr anspruchsvolle Profis. Ausgestattet mit 3 Elektromotoren zur einfachen Einstellung der H\u00f6he, der R\u00fcckenlehnenneigung&hellip;<\/p>\n","protected":false},"featured_media":18737,"template":"","meta":{"_seopress_robots_primary_cat":"1053","_seopress_titles_title":"Podologiestuhl Modell Gal\u00e9a - Swissmassage","_seopress_titles_desc":"Gal\u00e9a Podologiestuhl: professionelles Design, 3 Motoren, verstellbare Beinlinge, leicht zu reinigende Polsterung. Komfort und Pr\u00e4zision f\u00fcr Ihre Pflege. ","_seopress_robots_index":""},"pwb-brand":[],"product_brand":[],"product_cat":[1332,1331,1392,1384,1349,1370,1390,1376],"product_tag":[1454,1466,1457,1456],"product_folder":[],"class_list":{"0":"post-18733","1":"product","2":"type-product","3":"status-publish","4":"has-post-thumbnail","6":"product_cat-alle-asthetischen-artikel","7":"product_cat-alle-physio-medizinischen-artikel","8":"product_cat-alle-seniorenartikel","9":"product_cat-angebote","10":"product_cat-ausstattungen-fur-pedikure-und-fuspflege","11":"product_cat-outlet-de","12":"product_cat-podologie-in-seniorenheimen-ems","13":"product_cat-podologie-und-pedikuere","14":"product_tag-fusorthopadie","15":"product_tag-fuspfleger","16":"product_tag-pedikure-stuhl","17":"product_tag-podologie-stuhl","19":"first","20":"instock","21":"sale","22":"taxable","23":"shipping-taxable","24":"purchasable","25":"product-type-simple"},"exclude_global_add_ons":false,"addons":[{"name":"Optionen:","type":"checkbox","position":0,"required":false,"title_format":"label","description_enable":false,"description":null,"placeholder_enable":false,"placeholder":null,"display":"select","restrictions_type":"any_text","adjust_price":false,"price":"","price_type":"flat_fee","restrictions":false,"min":0,"max":0,"options":[{"label":"Boden-Fu\u00dfsteuerung","price":"250","price_type":"flat_fee","image":0},{"label":"Filzunterschenkel, erleichtern das Bewegen","price":"20","price_type":"flat_fee","image":0}],"id":1704368111}],"brands":[],"_links":{"self":[{"href":"https:\/\/swissmassage.weprocess.dev\/de\/wp-json\/wp\/v2\/product\/18733","targetHints":{"allow":["GET"]}}],"collection":[{"href":"https:\/\/swissmassage.weprocess.dev\/de\/wp-json\/wp\/v2\/product"}],"about":[{"href":"https:\/\/swissmassage.weprocess.dev\/de\/wp-json\/wp\/v2\/types\/product"}],"wp:featuredmedia":[{"embeddable":true,"href":"https:\/\/swissmassage.weprocess.dev\/de\/wp-json\/wp\/v2\/media\/18737"}],"wp:attachment":[{"href":"https:\/\/swissmassage.weprocess.dev\/de\/wp-json\/wp\/v2\/media?parent=18733"}],"wp:term":[{"taxonomy":"pwb-brand","embeddable":true,"href":"https:\/\/swissmassage.weprocess.dev\/de\/wp-json\/wp\/v2\/pwb-brand?post=18733"},{"taxonomy":"product_brand","embeddable":true,"href":"https:\/\/swissmassage.weprocess.dev\/de\/wp-json\/wp\/v2\/product_brand?post=18733"},{"taxonomy":"product_cat","embeddable":true,"href":"https:\/\/swissmassage.weprocess.dev\/de\/wp-json\/wp\/v2\/product_cat?post=18733"},{"taxonomy":"product_tag","embeddable":true,"href":"https:\/\/swissmassage.weprocess.dev\/de\/wp-json\/wp\/v2\/product_tag?post=18733"},{"taxonomy":"product_folder","embeddable":true,"href":"https:\/\/swissmassage.weprocess.dev\/de\/wp-json\/wp\/v2\/product_folder?post=18733"}],"curies":[{"name":"wp","href":"https:\/\/api.w.org\/{rel}","templated":true}]}}