{"id":17605,"date":"2023-11-12T08:37:23","date_gmt":"2023-11-12T07:37:23","guid":{"rendered":"https:\/\/swissmassage.ch\/produits\/osteopathie-tisch-modell-nebel\/"},"modified":"2025-10-20T20:36:12","modified_gmt":"2025-10-20T18:36:12","slug":"osteopathie-tisch-modell-nebel","status":"publish","type":"product","link":"https:\/\/swissmassage.weprocess.dev\/de\/produits\/osteopathie-tisch-modell-nebel\/","title":{"rendered":"Osteopathie Liege Modell Brume"},"content":{"rendered":"<h2>Osteopathie-Liege Modell Brume.<\/h2>\n<p>Elektrischer 4-Ebenen-Osteotisch mit verstellbarer R\u00fcckenlehne in positiver und negativer Position.<br \/>\nDie Armlehnen sind versenkbar und f\u00fcgen auf jeder Seite +10 cm Breite und 50 cm L\u00e4nge hinzu.<br \/>\nMit der Perimeterrahmensteuerung l\u00e4sst sich die H\u00f6he von 46 cm bis 90 cm einstellen.<br \/>\nDie Kopfst\u00fctze mit Gesichtsloch und Stecker kann mit einer Gasfeder von (-45\u00ba und +40\u00ba) verstellt werden, sie ist mit einem Handlenker ausgestattet.<br \/>\nDas einziehbare Rollensystem erm\u00f6glicht eine schnelle und leichte Bewegung, die die Wartung erleichtert.<br \/>\nDer 5 cm hohe Dichteschaum, 70 kg \/ m3, entspricht den Osteo-Normen.<br \/>\nDie zementgraue Vinylbeschichtung erm\u00f6glicht den Einsatz im medizinischen Bereich.<br \/>\nDie Ma\u00dfe, L\u00e4nge 195 cm, Breite 55 cm, ideal f\u00fcr die klassische Praxis der Osteopathie.<br \/>\nDie Osteoliege tr\u00e4gt maximal 250 kg und wiegt 65 kg.<br \/>\nDas Ger\u00e4t ist zertifiziert (EU) 2017\/745. Medizinprodukt der Klasse I.<br \/>\nEntspricht der europ\u00e4ischen Medizinprodukteverordnung. <\/p>\n<h3>Video des Mist Osteo Tisches:<\/h3>\n<div style=\"width: 1170px;\" class=\"wp-video\"><video class=\"wp-video-shortcode\" id=\"video-17605-1\" width=\"1170\" height=\"658\" preload=\"metadata\" controls=\"controls\"><source type=\"video\/mp4\" src=\"https:\/\/swissmassage.weprocess.dev\/wp-content\/uploads\/Video-Table-Osteo-Swissmassage-Brume.mp4?_=1\" \/><a href=\"https:\/\/swissmassage.weprocess.dev\/wp-content\/uploads\/Video-Table-Osteo-Swissmassage-Brume.mp4\">https:\/\/swissmassage.weprocess.dev\/wp-content\/uploads\/Video-Table-Osteo-Swissmassage-Brume.mp4<\/a><\/video><\/div>\n","protected":false},"excerpt":{"rendered":"<p>Osteopathie-Liege Modell Brume. Elektrischer 4-Ebenen-Osteotisch mit verstellbarer R\u00fcckenlehne in positiver und negativer Position. Die Armlehnen sind versenkbar und f\u00fcgen auf jeder Seite +10 cm Breite und 50 cm L\u00e4nge hinzu. Mit der Perimeterrahmensteuerung l\u00e4sst sich die H\u00f6he von 46 cm bis 90 cm einstellen. Die Kopfst\u00fctze mit Gesichtsloch und Stecker kann mit einer Gasfeder von&hellip;<\/p>\n","protected":false},"featured_media":17606,"template":"","meta":{"_seopress_robots_primary_cat":"none","_seopress_titles_title":"","_seopress_titles_desc":"4-teiliger elektrischer Osteotisch mit verstellbarer R\u00fcckenlehne in positiver und negativer Position. Die Armlehnen sind versenkbar und f\u00fcgen auf jeder Seite eine Breite von +10 cm hinzu. ","_seopress_robots_index":""},"pwb-brand":[],"product_brand":[],"product_cat":[1331,1377],"product_tag":[1411,1494,1495],"product_folder":[],"class_list":{"0":"post-17605","1":"product","2":"type-product","3":"status-publish","4":"has-post-thumbnail","6":"product_cat-alle-physio-medizinischen-artikel","7":"product_cat-osteopathie-liegen","8":"product_tag-medizinisch","9":"product_tag-osteo-de","10":"product_tag-osteo-liege","12":"first","13":"instock","14":"taxable","15":"shipping-taxable","16":"purchasable","17":"product-type-simple"},"exclude_global_add_ons":false,"addons":[{"name":"Halter f\u00fcr Untersuchungspapierspender","type":"multiple_choice","position":0,"required":false,"title_format":"label","description_enable":false,"description":null,"placeholder_enable":false,"placeholder":null,"display":"images","restrictions_type":"any_text","adjust_price":false,"price":"","price_type":"flat_fee","restrictions":false,"min":0,"max":0,"options":[{"label":"Mit Papierspender","price":"80","price_type":"flat_fee","image":8384}],"id":1717423779}],"brands":[],"_links":{"self":[{"href":"https:\/\/swissmassage.weprocess.dev\/de\/wp-json\/wp\/v2\/product\/17605","targetHints":{"allow":["GET"]}}],"collection":[{"href":"https:\/\/swissmassage.weprocess.dev\/de\/wp-json\/wp\/v2\/product"}],"about":[{"href":"https:\/\/swissmassage.weprocess.dev\/de\/wp-json\/wp\/v2\/types\/product"}],"wp:featuredmedia":[{"embeddable":true,"href":"https:\/\/swissmassage.weprocess.dev\/de\/wp-json\/wp\/v2\/media\/17606"}],"wp:attachment":[{"href":"https:\/\/swissmassage.weprocess.dev\/de\/wp-json\/wp\/v2\/media?parent=17605"}],"wp:term":[{"taxonomy":"pwb-brand","embeddable":true,"href":"https:\/\/swissmassage.weprocess.dev\/de\/wp-json\/wp\/v2\/pwb-brand?post=17605"},{"taxonomy":"product_brand","embeddable":true,"href":"https:\/\/swissmassage.weprocess.dev\/de\/wp-json\/wp\/v2\/product_brand?post=17605"},{"taxonomy":"product_cat","embeddable":true,"href":"https:\/\/swissmassage.weprocess.dev\/de\/wp-json\/wp\/v2\/product_cat?post=17605"},{"taxonomy":"product_tag","embeddable":true,"href":"https:\/\/swissmassage.weprocess.dev\/de\/wp-json\/wp\/v2\/product_tag?post=17605"},{"taxonomy":"product_folder","embeddable":true,"href":"https:\/\/swissmassage.weprocess.dev\/de\/wp-json\/wp\/v2\/product_folder?post=17605"}],"curies":[{"name":"wp","href":"https:\/\/api.w.org\/{rel}","templated":true}]}}