{"id":15409,"date":"2023-05-24T14:41:31","date_gmt":"2023-05-24T12:41:31","guid":{"rendered":"https:\/\/swissmassage.ch\/produit\/massage-heisse-steine-kit-64-und-steinwarmer\/"},"modified":"2023-05-24T14:41:31","modified_gmt":"2023-05-24T12:41:31","slug":"massage-heisse-steine-kit-64-und-steinwarmer","status":"publish","type":"product","link":"https:\/\/swissmassage.weprocess.dev\/de\/produits\/massage-heisse-steine-kit-64-und-steinwarmer\/","title":{"rendered":"Hot Stone Massage Kit 64 und Steinw\u00e4rmer"},"content":{"rendered":"<h2>Kit 64 Hot Stones f\u00fcr Hot-Stone-Massagen mit Ofen mit gro\u00dfem Fassungsverm\u00f6gen.<\/h2>\n<p><span style=\"font-size: 10pt;\">Set mit 64 Basaltsteinen.<br \/>\nDas Set enth\u00e4lt ovale und flache Steine in verschiedenen Gr\u00f6\u00dfen: 2 extragro\u00dfe Steine (Kreuzbein und Solarplexus), 14 gro\u00dfe (R\u00fccken und Oberschenkel), 14 mittlere (H\u00e4nde, Arme, Waden, F\u00fc\u00dfe und Nacken), 7 kleine (Stirn, Sch\u00e4del und hinterer Teil des Kopfes), 8 f\u00fcr die Zehen, 4 Mini-Steine (tiefe Gewebedruckpunkte), 2 f\u00fcr die Gesichtskonturen und 6 kalte Steine aus wei\u00dfem Marmor.<br \/>\nAuch die 7 Chakra-Steine sind enthalten.  <\/span><\/p>\n<p><span style=\"font-size: 10pt;\">Abmessungen: 46,5 x 20 x 7,7 cm Gewicht: 7,7 kg<\/span><\/p>\n<p><span style=\"font-size: 10pt;\">Extra gro\u00dfe Steine: 2 (Kreuzbein und Solarplexus) Gro\u00dfe Steine: 14 (R\u00fccken und Oberschenkel) (H\u00e4nde, Arme, Waden, F\u00fc\u00dfe und Nacken) Kleine Steine: 7 (Stirn, Ober- und Hinterkopf) Zehensteine: 8 Steine aus tiefem Gewebe: 4 Kontursteine: 2 (f\u00fcr die Augen) Marmorsteine: 6 Chakra-Steine: 7<\/span><\/p>\n<h2>Hot Stones 18L Hot Stone Massageofen.<\/h2>\n<p><span style=\"font-size: 10pt;\"><span dir=\"ltr\" role=\"presentation\">Gro\u00dfe Steinheizung f\u00fcr<\/span><br role=\"presentation\"><span dir=\"ltr\" role=\"presentation\">Massage mit digitalem Bildschirm.<br \/>\nSie beh\u00e4lt eine <\/span><br role=\"presentation\"><span dir=\"ltr\" role=\"presentation\">konstante Temperatur zwischen 40\u00baC und 50\u00baC.<br \/>\nL\u00f6ffel <\/span><br role=\"presentation\"><span dir=\"ltr\" role=\"presentation\">Verstanden.<br \/>\nFassungsverm\u00f6gen: 18 Liter <\/span>.<\/span><\/p>\n<p><span dir=\"ltr\" role=\"presentation\">Gr\u00f6\u00dfe: 60x39x29 cm<\/span><br role=\"presentation\"><span dir=\"ltr\" role=\"presentation\">Gewicht: 7 kg<\/span><span dir=\"ltr\" role=\"presentation\">Eingangsspannung:<\/span> <span dir=\"ltr\" role=\"presentation\">220~240V<\/span><br role=\"presentation\"><span dir=\"ltr\" role=\"presentation\">Eingangsfrequenz:<\/span> <span dir=\"ltr\" role=\"presentation\">50Hz\/60Hz<\/span><br role=\"presentation\"><span dir=\"ltr\" role=\"presentation\">Arbeitstemperatur:<\/span> <span dir=\"ltr\" role=\"presentation\">40-50\u00baC<\/span><br role=\"presentation\"><span dir=\"ltr\" role=\"presentation\">Leistung: 1200W<\/span><\/p>\n<h2>Empfohlene Verwendung des Hot-Stone-Massagesets.<\/h2>\n<p><span style=\"font-size: 10pt;\">Entfernen Sie die Tropfschale und arbeiten Sie direkt in der Hauptwanne, die bis zur H\u00e4lfte der H\u00f6he mit Wasser gef\u00fcllt ist, und legen Sie die Steine dorthin.<br \/>\nPassen Sie Ihre Arbeitstemperatur an, da Sie wissen, dass das Gef\u00fchl \u00fcber 50\u00b0 unangenehm sein kann, und Sie m\u00fcssen mit dem Patienten sprechen, um die ideale Temperatur zu finden.<br \/>\nMit dem Spachtel die Steine aus dem Wasser nehmen.<br \/>\nNach Gebrauch k\u00f6nnen Sie die Steine und die Wanne mit Wasser und Sp\u00fclmittel waschen.<br \/>\nLassen Sie Ger\u00e4te und Steine trocknen, bevor Sie sie lagern.    <\/span><\/p>\n","protected":false},"excerpt":{"rendered":"<p>Kit 64 Hot Stones f\u00fcr Hot-Stone-Massagen mit Ofen mit gro\u00dfem Fassungsverm\u00f6gen. Set mit 64 Basaltsteinen. Das Set enth\u00e4lt ovale und flache Steine in verschiedenen Gr\u00f6\u00dfen: 2 extragro\u00dfe Steine (Kreuzbein und Solarplexus), 14 gro\u00dfe (R\u00fccken und Oberschenkel), 14 mittlere (H\u00e4nde, Arme, Waden, F\u00fc\u00dfe und Nacken), 7 kleine (Stirn, Sch\u00e4del und hinterer Teil des Kopfes), 8 f\u00fcr&hellip;<\/p>\n","protected":false},"featured_media":11132,"template":"","meta":{"_seopress_robots_primary_cat":"none","_seopress_titles_title":"64 Hot Stone Set f\u00fcr Massagen mit Backofen inklusive","_seopress_titles_desc":"Kit 64 Hot Stones f\u00fcr Hot-Stone-Massagen mit Ofen mit gro\u00dfem Fassungsverm\u00f6gen.\nDie Box enth\u00e4lt ovale und flache Steine in verschiedenen Gr\u00f6\u00dfen. ","_seopress_robots_index":""},"pwb-brand":[],"product_brand":[],"product_cat":[1345,1343],"product_tag":[1471,1472,1470],"product_folder":[1002,1121],"class_list":{"0":"post-15409","1":"product","2":"type-product","3":"status-publish","4":"has-post-thumbnail","6":"product_cat-alles-massagezubehor","7":"product_cat-heisse-steine","8":"product_tag-hot-stone-massage","9":"product_tag-massage-mit-heisen-steinen","10":"product_tag-steine","12":"first","13":"instock","14":"taxable","15":"shipping-taxable","16":"purchasable","17":"product-type-simple"},"exclude_global_add_ons":[],"addons":[],"brands":[],"_links":{"self":[{"href":"https:\/\/swissmassage.weprocess.dev\/de\/wp-json\/wp\/v2\/product\/15409","targetHints":{"allow":["GET"]}}],"collection":[{"href":"https:\/\/swissmassage.weprocess.dev\/de\/wp-json\/wp\/v2\/product"}],"about":[{"href":"https:\/\/swissmassage.weprocess.dev\/de\/wp-json\/wp\/v2\/types\/product"}],"wp:featuredmedia":[{"embeddable":true,"href":"https:\/\/swissmassage.weprocess.dev\/de\/wp-json\/wp\/v2\/media\/11132"}],"wp:attachment":[{"href":"https:\/\/swissmassage.weprocess.dev\/de\/wp-json\/wp\/v2\/media?parent=15409"}],"wp:term":[{"taxonomy":"pwb-brand","embeddable":true,"href":"https:\/\/swissmassage.weprocess.dev\/de\/wp-json\/wp\/v2\/pwb-brand?post=15409"},{"taxonomy":"product_brand","embeddable":true,"href":"https:\/\/swissmassage.weprocess.dev\/de\/wp-json\/wp\/v2\/product_brand?post=15409"},{"taxonomy":"product_cat","embeddable":true,"href":"https:\/\/swissmassage.weprocess.dev\/de\/wp-json\/wp\/v2\/product_cat?post=15409"},{"taxonomy":"product_tag","embeddable":true,"href":"https:\/\/swissmassage.weprocess.dev\/de\/wp-json\/wp\/v2\/product_tag?post=15409"},{"taxonomy":"product_folder","embeddable":true,"href":"https:\/\/swissmassage.weprocess.dev\/de\/wp-json\/wp\/v2\/product_folder?post=15409"}],"curies":[{"name":"wp","href":"https:\/\/api.w.org\/{rel}","templated":true}]}}