{"id":15408,"date":"2023-05-24T14:40:27","date_gmt":"2023-05-24T14:40:27","guid":{"rendered":"https:\/\/swissmassage.ch\/produit\/soft-zylinder-massagekissen-65cm-x-18cm-50\/"},"modified":"2026-01-21T18:10:30","modified_gmt":"2026-01-21T17:10:30","slug":"soft-zylinder-massagekissen-65cm-x-18cm-50","status":"publish","type":"product","link":"https:\/\/swissmassage.weprocess.dev\/de\/produits\/soft-zylinder-massagekissen-65cm-x-18cm-50\/","title":{"rendered":"Massagekissen weicher Zylinder wei\u00df"},"content":{"rendered":"<h2>Mehrzweck-Massagekissen mit weichem Zylinder f\u00fcr die Positionierung und den Komfort des Patienten.<\/h2>\n<p> Extrem weiche und starke wei\u00dfe Polyurethan-Beschichtung. Dieses Massagekissen nimmt die Form des K\u00f6rpers an.<br \/>\nIdeale Abmessungen 68 cm lang und 20 cm Durchmesser.  Unter den Knien verwenden, so dass der R\u00fccken des Patienten flach und entspannt ist. Unter den Kn\u00f6cheln f\u00fcr die Bein- und R\u00fcckenpositionierung.<br \/>\nUnter dem Pool f\u00fcr Sportmassagen.<br \/>\nUnter dem Bauch, um den R\u00fccken flach zu machen und die Massage zu erleichtern.<br \/>\nUnter dem Oberk\u00f6rper, um den Druck auf die Brust w\u00e4hrend einer Wellness-Massage zu reduzieren.   <\/p>\n","protected":false},"excerpt":{"rendered":"<p>Mehrzweck-Massagekissen mit weichem Zylinder f\u00fcr die Positionierung und den Komfort des Patienten. Extrem weiche und starke wei\u00dfe Polyurethan-Beschichtung. Dieses Massagekissen nimmt die Form des K\u00f6rpers an. Ideale Abmessungen 68 cm lang und 20 cm Durchmesser. Unter den Knien verwenden, so dass der R\u00fccken des Patienten flach und entspannt ist. Unter den Kn\u00f6cheln f\u00fcr die Bein-&hellip;<\/p>\n","protected":false},"featured_media":11114,"template":"","meta":{"_seopress_robots_primary_cat":"none","_seopress_titles_title":"","_seopress_titles_desc":"Weiches Massagekissen Zylinder, vielseitig einsetzbar f\u00fcr die Positionierung und den Komfort des Patienten. Extrem weiche und starke wei\u00dfe Polyurethan-Beschichtung.","_seopress_robots_index":""},"pwb-brand":[],"product_brand":[],"product_cat":[1345,1338],"product_tag":[1461,1397,1460],"product_folder":[1001],"class_list":{"0":"post-15408","1":"product","2":"type-product","3":"status-publish","4":"has-post-thumbnail","6":"product_cat-alles-massagezubehor","7":"product_cat-kissen-fur-massagen","8":"product_tag-beinpolster","9":"product_tag-kissen","10":"product_tag-massagekissen","12":"first","13":"instock","14":"taxable","15":"shipping-taxable","16":"purchasable","17":"product-type-simple"},"exclude_global_add_ons":[],"addons":[],"brands":[],"_links":{"self":[{"href":"https:\/\/swissmassage.weprocess.dev\/de\/wp-json\/wp\/v2\/product\/15408","targetHints":{"allow":["GET"]}}],"collection":[{"href":"https:\/\/swissmassage.weprocess.dev\/de\/wp-json\/wp\/v2\/product"}],"about":[{"href":"https:\/\/swissmassage.weprocess.dev\/de\/wp-json\/wp\/v2\/types\/product"}],"wp:featuredmedia":[{"embeddable":true,"href":"https:\/\/swissmassage.weprocess.dev\/de\/wp-json\/wp\/v2\/media\/11114"}],"wp:attachment":[{"href":"https:\/\/swissmassage.weprocess.dev\/de\/wp-json\/wp\/v2\/media?parent=15408"}],"wp:term":[{"taxonomy":"pwb-brand","embeddable":true,"href":"https:\/\/swissmassage.weprocess.dev\/de\/wp-json\/wp\/v2\/pwb-brand?post=15408"},{"taxonomy":"product_brand","embeddable":true,"href":"https:\/\/swissmassage.weprocess.dev\/de\/wp-json\/wp\/v2\/product_brand?post=15408"},{"taxonomy":"product_cat","embeddable":true,"href":"https:\/\/swissmassage.weprocess.dev\/de\/wp-json\/wp\/v2\/product_cat?post=15408"},{"taxonomy":"product_tag","embeddable":true,"href":"https:\/\/swissmassage.weprocess.dev\/de\/wp-json\/wp\/v2\/product_tag?post=15408"},{"taxonomy":"product_folder","embeddable":true,"href":"https:\/\/swissmassage.weprocess.dev\/de\/wp-json\/wp\/v2\/product_folder?post=15408"}],"curies":[{"name":"wp","href":"https:\/\/api.w.org\/{rel}","templated":true}]}}