{"id":15407,"date":"2023-05-24T14:40:26","date_gmt":"2023-05-24T12:40:26","guid":{"rendered":"https:\/\/swissmassage.ch\/produit\/papierrollen-halter-fur-massageliege\/"},"modified":"2023-05-24T14:40:26","modified_gmt":"2023-05-24T12:40:26","slug":"papierrollen-halter-fur-massageliege","status":"publish","type":"product","link":"https:\/\/swissmassage.weprocess.dev\/de\/produits\/papierrollen-halter-fur-massageliege\/","title":{"rendered":"Papierrollen Halter f\u00fcr Massageliege"},"content":{"rendered":"<h2>Papierauflage, Untersuchungsliege, Massage und Reiki<\/h2>\n<p><span style=\"font-size: 10pt;\">Kompatibel mit Standard-Kopfst\u00fctzenl\u00f6chern.<br \/>\nRohrdurchmesser 2cm Achsabstand 20,5cm Geeignet f\u00fcr Papierrollen von 40 bis 80 cm Breite.   <\/span><\/p>\n<p style=\"text-align: left;\"><span style=\"font-size: 10pt;\">In der ganzen Schweiz verf\u00fcgbar.<br \/>\nOder bringen Sie es direkt in unsere Werkstatt. <\/span><\/p>\n","protected":false},"excerpt":{"rendered":"<p>Papierauflage, Untersuchungsliege, Massage und Reiki Kompatibel mit Standard-Kopfst\u00fctzenl\u00f6chern. Rohrdurchmesser 2cm Achsabstand 20,5cm Geeignet f\u00fcr Papierrollen von 40 bis 80 cm Breite. In der ganzen Schweiz verf\u00fcgbar. Oder bringen Sie es direkt in unsere Werkstatt.<\/p>\n","protected":false},"featured_media":11108,"template":"","meta":{"_seopress_robots_primary_cat":"none","_seopress_titles_title":"","_seopress_titles_desc":"Papierrollen Halter f\u00fcr Untersuchungs- und Massageliege: ideal, um das Papier w\u00e4hrend Ihrer Sitzungen an Ort und Stelle zu halten.","_seopress_robots_index":""},"pwb-brand":[],"product_brand":[],"product_cat":[1345,1336],"product_tag":[],"product_folder":[1030],"class_list":{"0":"post-15407","1":"product","2":"type-product","3":"status-publish","4":"has-post-thumbnail","6":"product_cat-alles-massagezubehor","7":"product_cat-zubehor-fur-massageliegen","9":"first","10":"instock","11":"taxable","12":"shipping-taxable","13":"purchasable","14":"product-type-simple"},"exclude_global_add_ons":[],"addons":[],"brands":[],"_links":{"self":[{"href":"https:\/\/swissmassage.weprocess.dev\/de\/wp-json\/wp\/v2\/product\/15407","targetHints":{"allow":["GET"]}}],"collection":[{"href":"https:\/\/swissmassage.weprocess.dev\/de\/wp-json\/wp\/v2\/product"}],"about":[{"href":"https:\/\/swissmassage.weprocess.dev\/de\/wp-json\/wp\/v2\/types\/product"}],"wp:featuredmedia":[{"embeddable":true,"href":"https:\/\/swissmassage.weprocess.dev\/de\/wp-json\/wp\/v2\/media\/11108"}],"wp:attachment":[{"href":"https:\/\/swissmassage.weprocess.dev\/de\/wp-json\/wp\/v2\/media?parent=15407"}],"wp:term":[{"taxonomy":"pwb-brand","embeddable":true,"href":"https:\/\/swissmassage.weprocess.dev\/de\/wp-json\/wp\/v2\/pwb-brand?post=15407"},{"taxonomy":"product_brand","embeddable":true,"href":"https:\/\/swissmassage.weprocess.dev\/de\/wp-json\/wp\/v2\/product_brand?post=15407"},{"taxonomy":"product_cat","embeddable":true,"href":"https:\/\/swissmassage.weprocess.dev\/de\/wp-json\/wp\/v2\/product_cat?post=15407"},{"taxonomy":"product_tag","embeddable":true,"href":"https:\/\/swissmassage.weprocess.dev\/de\/wp-json\/wp\/v2\/product_tag?post=15407"},{"taxonomy":"product_folder","embeddable":true,"href":"https:\/\/swissmassage.weprocess.dev\/de\/wp-json\/wp\/v2\/product_folder?post=15407"}],"curies":[{"name":"wp","href":"https:\/\/api.w.org\/{rel}","templated":true}]}}