{"id":15406,"date":"2023-05-24T14:40:01","date_gmt":"2023-05-24T12:40:01","guid":{"rendered":"https:\/\/swissmassage.ch\/produit\/massagekissen-fur-schwangere-frauen\/"},"modified":"2026-01-05T19:52:43","modified_gmt":"2026-01-05T18:52:43","slug":"massagekissen-fur-schwangere-frauen","status":"publish","type":"product","link":"https:\/\/swissmassage.weprocess.dev\/de\/produits\/massagekissen-fur-schwangere-frauen\/","title":{"rendered":"Massagekissen f\u00fcr schwangere Frauen Modell Baby Cushion"},"content":{"rendered":"<h2 style=\"text-align: left;\">Massagekissen f\u00fcr schwangere Frauen<\/h2>\n<p>  Massagekissen f\u00fcr werdende M\u00fctter Massagekissen f\u00fcr den Po  <\/p>\n<table border=\"0\">\n<tbody>\n<tr>\n<td><span style=\"font-size: 10pt;\"><br \/>\n<img loading=\"lazy\" decoding=\"async\" style=\"margin-right: auto; margin-left: auto; display: block;\" title=\"Massagekissen f\u00fcr werdende M\u00fctter\" src=\"https:\/\/swissmassage.weprocess.dev\/wp-content\/uploads\/content\/Body-Cushion-500_7nd.jpg\" alt=\"Massagekissen f\u00fcr Schwangere\" width=\"300\" height=\"168\" longdesc=\"Coussin%20massage%20cylindre%20soft%20jambes%20swissmassage\"><br \/>\n<\/span><\/td>\n<td><img loading=\"lazy\" decoding=\"async\" style=\"margin-right: auto; margin-left: auto; display: block;\" title=\"Bauch, um Mutter zu sein\" src=\"https:\/\/swissmassage.weprocess.dev\/wp-content\/uploads\/content\/coussin-femme_7nd.jpg\" alt=\"H\u00fcbscher schwangerer Bauch\" width=\"113\" height=\"75\" longdesc=\"Coussin%20massage%20cylindre%20soft%20reflexologie%20swissmassage\"><\/td>\n<td><span style=\"font-size: 10pt;\"><br \/>\n<img loading=\"lazy\" decoding=\"async\" style=\"margin-right: auto; margin-left: auto; display: block;\" title=\"Massagekissen f\u00fcr Schwangere\" src=\"https:\/\/swissmassage.weprocess.dev\/wp-content\/uploads\/content\/coussin-massages-femmes-enceintes-2femme_9nd.jpg\" alt=\"Kissenmassagen f\u00fcr Schwangere\" width=\"300\" height=\"133\" longdesc=\"Coussin de massage Cylindre Soft fessiers Swissmassage\"><br \/>\n<\/span><\/td>\n<\/tr>\n<\/tbody>\n<\/table>\n<p>  Das bequemste Massagekissen f\u00fcr werdende M\u00fctter, Baby Cushion.<br \/>\nDank seines sehr weichen 14 cm dicken Extra-Komfortschaums, der verstellbaren Ergonomie, die sich der K\u00f6rperform der Schwangeren anpasst, der verstellbaren Kopfst\u00fctze und des Gesichtskissens ist das Body Cushion bei weitem das beste Massagekissen f\u00fcr werdende M\u00fctter.<br \/>\nEs enth\u00e4lt 5 St\u00fcck modulare Kissen, um optimalen Komfort in allen Phasen der Schwangerschaft zu erreichen.<br \/>\nKommt mit seiner Transport- und Aufbewahrungstasche.<br \/>\nIn der ganzen Schweiz verf\u00fcgbar.<br \/>\nOder bringen Sie es direkt in unsere Werkstatt.       <\/p>\n<h3>Philosophie des Baby Model Damenmassagekissens:<\/h3>\n<p>  Das Baby Cushion Massagekissen wurde speziell entwickelt, um werdenden M\u00fcttern w\u00e4hrend ihrer Schwangerschaft einen unvergleichlichen Komfort zu bieten.<br \/>\nSein ultraweicher, 14 cm dicker Schaumstoff bietet optimalen Halt, w\u00e4hrend sich die einstellbare Ergonomie perfekt an die wechselnden K\u00f6rperformen der Schwangeren anpasst.<br \/>\nMit seiner verstellbaren Kopfst\u00fctze und dem Gesichtskissen sorgt er f\u00fcr eine optimale Positionierung und v\u00f6llige Entspannung w\u00e4hrend der Massagesitzungen.<br \/>\nDas Kissen wird mit 5 modularen Teilen geliefert, mit denen Sie den Komfort an die spezifischen Bed\u00fcrfnisse jeder Schwangerschaftsphase anpassen k\u00f6nnen.<br \/>\nVon der ersten bis zur letzten Zeit begleitet er werdende M\u00fctter mit Sanftheit und Effizienz.<br \/>\nEs ist praktisch zu tragen dank seiner speziellen Tasche, die es auch leicht macht, es auf Reisen oder zu Hause zu verstauen.<br \/>\nMit einem Design und Funktionen, die f\u00fcr das Wohlbefinden werdender M\u00fctter gedacht sind, ist das Babykissen Massagekissen ein Muss f\u00fcr ein komfortables und sicheres Massageerlebnis w\u00e4hrend der Schwangerschaft.      <\/p>\n","protected":false},"excerpt":{"rendered":"<p>Massagekissen f\u00fcr schwangere Frauen Massagekissen f\u00fcr werdende M\u00fctter Massagekissen f\u00fcr den Po Das bequemste Massagekissen f\u00fcr werdende M\u00fctter, Baby Cushion. Dank seines sehr weichen 14 cm dicken Extra-Komfortschaums, der verstellbaren Ergonomie, die sich der K\u00f6rperform der Schwangeren anpasst, der verstellbaren Kopfst\u00fctze und des Gesichtskissens ist das Body Cushion bei weitem das beste Massagekissen f\u00fcr werdende&hellip;<\/p>\n","protected":false},"featured_media":11087,"template":"","meta":{"_seopress_robots_primary_cat":"355","_seopress_titles_title":"Massagekissen f\u00fcr schwangere Frauen - Swissmassage","_seopress_titles_desc":"Das Baby Cushion Massagekissen wurde speziell entwickelt, um werdenden M\u00fcttern w\u00e4hrend ihrer Schwangerschaft einen unvergleichlichen Komfort zu bieten.","_seopress_robots_index":""},"pwb-brand":[],"product_brand":[],"product_cat":[1330,1345,1338,1361],"product_tag":[1397,1460,1578],"product_folder":[998],"class_list":{"0":"post-15406","1":"product","2":"type-product","3":"status-publish","4":"has-post-thumbnail","6":"product_cat-alle-massageliegen-massage-ausstattungen","7":"product_cat-alles-massagezubehor","8":"product_cat-kissen-fur-massagen","9":"product_cat-schwangerschaftsmassage","10":"product_tag-kissen","11":"product_tag-massagekissen","12":"product_tag-werdende-mutter","14":"first","15":"instock","16":"taxable","17":"shipping-taxable","18":"purchasable","19":"product-type-simple"},"exclude_global_add_ons":[],"addons":[],"brands":[],"_links":{"self":[{"href":"https:\/\/swissmassage.weprocess.dev\/de\/wp-json\/wp\/v2\/product\/15406","targetHints":{"allow":["GET"]}}],"collection":[{"href":"https:\/\/swissmassage.weprocess.dev\/de\/wp-json\/wp\/v2\/product"}],"about":[{"href":"https:\/\/swissmassage.weprocess.dev\/de\/wp-json\/wp\/v2\/types\/product"}],"wp:featuredmedia":[{"embeddable":true,"href":"https:\/\/swissmassage.weprocess.dev\/de\/wp-json\/wp\/v2\/media\/11087"}],"wp:attachment":[{"href":"https:\/\/swissmassage.weprocess.dev\/de\/wp-json\/wp\/v2\/media?parent=15406"}],"wp:term":[{"taxonomy":"pwb-brand","embeddable":true,"href":"https:\/\/swissmassage.weprocess.dev\/de\/wp-json\/wp\/v2\/pwb-brand?post=15406"},{"taxonomy":"product_brand","embeddable":true,"href":"https:\/\/swissmassage.weprocess.dev\/de\/wp-json\/wp\/v2\/product_brand?post=15406"},{"taxonomy":"product_cat","embeddable":true,"href":"https:\/\/swissmassage.weprocess.dev\/de\/wp-json\/wp\/v2\/product_cat?post=15406"},{"taxonomy":"product_tag","embeddable":true,"href":"https:\/\/swissmassage.weprocess.dev\/de\/wp-json\/wp\/v2\/product_tag?post=15406"},{"taxonomy":"product_folder","embeddable":true,"href":"https:\/\/swissmassage.weprocess.dev\/de\/wp-json\/wp\/v2\/product_folder?post=15406"}],"curies":[{"name":"wp","href":"https:\/\/api.w.org\/{rel}","templated":true}]}}