{"id":15404,"date":"2023-05-24T14:41:43","date_gmt":"2023-05-24T12:41:43","guid":{"rendered":"https:\/\/swissmassage.ch\/produit\/hot-stones-set-64-teilig\/"},"modified":"2025-01-18T15:24:58","modified_gmt":"2025-01-18T14:24:58","slug":"hot-stones-set-64-teilig","status":"publish","type":"product","link":"https:\/\/swissmassage.weprocess.dev\/de\/produits\/hot-stones-set-64-teilig\/","title":{"rendered":"Hot Stones Set 64-teilig"},"content":{"rendered":"<h2 style=\"text-align: left;\">Set 64 Hot Stones f\u00fcr Hot Stone Massagen.<\/h2>\n<p><span style=\"font-size: 10pt;\">Set mit 64 Basaltsteinen.<br \/>\nDas Set enth\u00e4lt ovale und flache Steine in verschiedenen Gr\u00f6\u00dfen: 2 extragro\u00dfe Steine (Kreuzbein und Solarplexus), 14 gro\u00dfe (R\u00fccken und Oberschenkel), 14 mittlere (H\u00e4nde, Arme, Waden, F\u00fc\u00dfe und Nacken), 7 kleine (Stirn, Sch\u00e4del und hinterer Teil des Kopfes), 8 f\u00fcr die Zehen, 4 Mini-Steine (tiefe Gewebedruckpunkte), 2 f\u00fcr die Gesichtskonturen und 6 kalte Steine aus wei\u00dfem Marmor.<br \/>\nAuch die 7 Chakra-Steine sind enthalten.    <\/span><\/p>\n<p><span style=\"font-size: 10pt;\">Abmessungen: 46,5 x 20 x 7,7 cm Gewicht: 7,7 kg<\/span><span style=\"font-size: 10pt;\">Extra gro\u00dfe Steine: 2 (Kreuzbein und Solarplexus) Gro\u00dfe Steine: 14 (R\u00fccken und Oberschenkel) (H\u00e4nde, Arme, Waden, F\u00fc\u00dfe und Nacken) Kleine Steine: 7 (Stirn, Ober- und Hinterkopf) Zehensteine: 8 Steine aus tiefem Gewebe: 4 Kontursteine: 2 (f\u00fcr die Augen) Marmorsteine: 6 Chakra-Stein: 7<\/span><\/p>\n","protected":false},"excerpt":{"rendered":"<p>Set 64 Hot Stones f\u00fcr Hot Stone Massagen. Set mit 64 Basaltsteinen. Das Set enth\u00e4lt ovale und flache Steine in verschiedenen Gr\u00f6\u00dfen: 2 extragro\u00dfe Steine (Kreuzbein und Solarplexus), 14 gro\u00dfe (R\u00fccken und Oberschenkel), 14 mittlere (H\u00e4nde, Arme, Waden, F\u00fc\u00dfe und Nacken), 7 kleine (Stirn, Sch\u00e4del und hinterer Teil des Kopfes), 8 f\u00fcr die Zehen, 4&hellip;<\/p>\n","protected":false},"featured_media":11138,"template":"","meta":{"_seopress_robots_primary_cat":"none","_seopress_titles_title":"Set 64 Hot Stones f\u00fcr Hot Stone Massagen","_seopress_titles_desc":"Set 64 Hot Stones f\u00fcr Hot Stone Massagen.\nDie Box enth\u00e4lt ovale und flache Steine in verschiedenen Gr\u00f6\u00dfen. ","_seopress_robots_index":""},"pwb-brand":[],"product_brand":[],"product_cat":[1345,1343],"product_tag":[1471,1472,1470],"product_folder":[1002,1121],"class_list":{"0":"post-15404","1":"product","2":"type-product","3":"status-publish","4":"has-post-thumbnail","6":"product_cat-alles-massagezubehor","7":"product_cat-heisse-steine","8":"product_tag-hot-stone-massage","9":"product_tag-massage-mit-heisen-steinen","10":"product_tag-steine","12":"first","13":"instock","14":"taxable","15":"shipping-taxable","16":"purchasable","17":"product-type-simple"},"exclude_global_add_ons":[],"addons":[],"brands":[],"_links":{"self":[{"href":"https:\/\/swissmassage.weprocess.dev\/de\/wp-json\/wp\/v2\/product\/15404","targetHints":{"allow":["GET"]}}],"collection":[{"href":"https:\/\/swissmassage.weprocess.dev\/de\/wp-json\/wp\/v2\/product"}],"about":[{"href":"https:\/\/swissmassage.weprocess.dev\/de\/wp-json\/wp\/v2\/types\/product"}],"wp:featuredmedia":[{"embeddable":true,"href":"https:\/\/swissmassage.weprocess.dev\/de\/wp-json\/wp\/v2\/media\/11138"}],"wp:attachment":[{"href":"https:\/\/swissmassage.weprocess.dev\/de\/wp-json\/wp\/v2\/media?parent=15404"}],"wp:term":[{"taxonomy":"pwb-brand","embeddable":true,"href":"https:\/\/swissmassage.weprocess.dev\/de\/wp-json\/wp\/v2\/pwb-brand?post=15404"},{"taxonomy":"product_brand","embeddable":true,"href":"https:\/\/swissmassage.weprocess.dev\/de\/wp-json\/wp\/v2\/product_brand?post=15404"},{"taxonomy":"product_cat","embeddable":true,"href":"https:\/\/swissmassage.weprocess.dev\/de\/wp-json\/wp\/v2\/product_cat?post=15404"},{"taxonomy":"product_tag","embeddable":true,"href":"https:\/\/swissmassage.weprocess.dev\/de\/wp-json\/wp\/v2\/product_tag?post=15404"},{"taxonomy":"product_folder","embeddable":true,"href":"https:\/\/swissmassage.weprocess.dev\/de\/wp-json\/wp\/v2\/product_folder?post=15404"}],"curies":[{"name":"wp","href":"https:\/\/api.w.org\/{rel}","templated":true}]}}