{"id":15403,"date":"2023-05-24T14:41:43","date_gmt":"2023-05-24T12:41:43","guid":{"rendered":"https:\/\/swissmassage.ch\/produit\/massageliege-schutzpapier-fur-gesichtskissen\/"},"modified":"2026-02-03T15:08:23","modified_gmt":"2026-02-03T14:08:23","slug":"massageliege-schutzpapier-fur-gesichtskissen","status":"publish","type":"product","link":"https:\/\/swissmassage.weprocess.dev\/de\/produits\/massageliege-schutzpapier-fur-gesichtskissen\/","title":{"rendered":"Schutzpapier f\u00fcr Gesichtskissen"},"content":{"rendered":"<h2 style=\"text-align: left;\">Sehr weiche Papierschoner f\u00fcr Gesichtskissen und Kopfst\u00fctze der Massageliege<\/h2>\n<p>  Packung \u00e0 100 St\u00fcck<\/p>\n","protected":false},"excerpt":{"rendered":"<p>Sehr weiche Papierschoner f\u00fcr Gesichtskissen und Kopfst\u00fctze der Massageliege Packung \u00e0 100 St\u00fcck<\/p>\n","protected":false},"featured_media":11174,"template":"","meta":{"_seopress_robots_primary_cat":"none","_seopress_titles_title":"","_seopress_titles_desc":"Sehr weiche Papiersch\u00fctzer f\u00fcr das Gesichtskissen und die Kopfst\u00fctze der Massageliege: garantieren Sie gute Hygiene und h\u00f6chsten Komfort f\u00fcr Ihre Kunden.","_seopress_robots_index":""},"pwb-brand":[],"product_brand":[],"product_cat":[1345,1344],"product_tag":[1581,1394],"product_folder":[1017],"class_list":{"0":"post-15403","1":"product","2":"type-product","3":"status-publish","4":"has-post-thumbnail","6":"product_cat-alles-massagezubehor","7":"product_cat-schutzbezuge-fur-massageliegen","8":"product_tag-gesicht","9":"product_tag-schutz","11":"first","12":"instock","13":"taxable","14":"shipping-taxable","15":"purchasable","16":"product-type-simple"},"exclude_global_add_ons":[],"addons":[],"brands":[],"_links":{"self":[{"href":"https:\/\/swissmassage.weprocess.dev\/de\/wp-json\/wp\/v2\/product\/15403","targetHints":{"allow":["GET"]}}],"collection":[{"href":"https:\/\/swissmassage.weprocess.dev\/de\/wp-json\/wp\/v2\/product"}],"about":[{"href":"https:\/\/swissmassage.weprocess.dev\/de\/wp-json\/wp\/v2\/types\/product"}],"wp:featuredmedia":[{"embeddable":true,"href":"https:\/\/swissmassage.weprocess.dev\/de\/wp-json\/wp\/v2\/media\/11174"}],"wp:attachment":[{"href":"https:\/\/swissmassage.weprocess.dev\/de\/wp-json\/wp\/v2\/media?parent=15403"}],"wp:term":[{"taxonomy":"pwb-brand","embeddable":true,"href":"https:\/\/swissmassage.weprocess.dev\/de\/wp-json\/wp\/v2\/pwb-brand?post=15403"},{"taxonomy":"product_brand","embeddable":true,"href":"https:\/\/swissmassage.weprocess.dev\/de\/wp-json\/wp\/v2\/product_brand?post=15403"},{"taxonomy":"product_cat","embeddable":true,"href":"https:\/\/swissmassage.weprocess.dev\/de\/wp-json\/wp\/v2\/product_cat?post=15403"},{"taxonomy":"product_tag","embeddable":true,"href":"https:\/\/swissmassage.weprocess.dev\/de\/wp-json\/wp\/v2\/product_tag?post=15403"},{"taxonomy":"product_folder","embeddable":true,"href":"https:\/\/swissmassage.weprocess.dev\/de\/wp-json\/wp\/v2\/product_folder?post=15403"}],"curies":[{"name":"wp","href":"https:\/\/api.w.org\/{rel}","templated":true}]}}