{"id":15402,"date":"2023-05-24T14:41:40","date_gmt":"2023-05-24T12:41:40","guid":{"rendered":"https:\/\/swissmassage.ch\/produit\/heisse-steine-ofen-hot-stones-25l\/"},"modified":"2023-05-24T14:41:40","modified_gmt":"2023-05-24T12:41:40","slug":"heisse-steine-ofen-hot-stones-25l","status":"publish","type":"product","link":"https:\/\/swissmassage.weprocess.dev\/de\/produits\/heisse-steine-ofen-hot-stones-25l\/","title":{"rendered":"Hot Stone Massage-Ofen 18L"},"content":{"rendered":"<h2 style=\"text-align: left;\">Massageofen mit hei\u00dfen Steinen.<\/h2>\n<p><span style=\"font-size: 10pt;\"><span dir=\"ltr\" role=\"presentation\">Gro\u00dfe Steinheizung f\u00fcr  <\/span><span dir=\"ltr\" role=\"presentation\">Massage mit digitalem Bildschirm.<br \/>\nSie beh\u00e4lt eine   <\/span><span dir=\"ltr\" role=\"presentation\">konstante Temperatur zwischen 40\u00baC und 50\u00baC.<br \/>\nL\u00f6ffel   <\/span><span dir=\"ltr\" role=\"presentation\">Verstanden.<br \/>\nFassungsverm\u00f6gen: 18 Liter <\/span>.<\/span><\/p>\n<p><span style=\"font-size: 10pt;\">Eingangsspannung: 220 ~ 240 V Eingangsfrequenz: 50 Hz \/ 60 Hz Leistung: 1200 W Arbeitstemperatur: 40-50 \u00b0 C Kapazit\u00e4t: 18 l. Gr\u00f6\u00dfe: 60x39x29 cm Gewicht: 7 Kg<\/span><\/p>\n","protected":false},"excerpt":{"rendered":"<p>Massageofen mit hei\u00dfen Steinen. Gro\u00dfe Steinheizung f\u00fcr Massage mit digitalem Bildschirm. Sie beh\u00e4lt eine konstante Temperatur zwischen 40\u00baC und 50\u00baC. L\u00f6ffel Verstanden. Fassungsverm\u00f6gen: 18 Liter . Eingangsspannung: 220 ~ 240 V Eingangsfrequenz: 50 Hz \/ 60 Hz Leistung: 1200 W Arbeitstemperatur: 40-50 \u00b0 C Kapazit\u00e4t: 18 l. Gr\u00f6\u00dfe: 60x39x29 cm Gewicht: 7 Kg<\/p>\n","protected":false},"featured_media":11168,"template":"","meta":{"_seopress_robots_primary_cat":"none","_seopress_titles_title":"","_seopress_titles_desc":"Gro\u00dfes Steinerw\u00e4rmendes Ger\u00e4t f\u00fcr Massagebehandlungen mit digitalem Bildschirm.\nEs h\u00e4lt eine konstante Temperatur zwischen 40\u00baC und 50\u00baC. ","_seopress_robots_index":""},"pwb-brand":[],"product_brand":[],"product_cat":[1345,1343],"product_tag":[1471,1472,1586,1470],"product_folder":[1002,1121],"class_list":{"0":"post-15402","1":"product","2":"type-product","3":"status-publish","4":"has-post-thumbnail","6":"product_cat-alles-massagezubehor","7":"product_cat-heisse-steine","8":"product_tag-hot-stone-massage","9":"product_tag-massage-mit-heisen-steinen","10":"product_tag-ofen","11":"product_tag-steine","13":"first","14":"instock","15":"taxable","16":"shipping-taxable","17":"purchasable","18":"product-type-simple"},"exclude_global_add_ons":[],"addons":[],"brands":[],"_links":{"self":[{"href":"https:\/\/swissmassage.weprocess.dev\/de\/wp-json\/wp\/v2\/product\/15402","targetHints":{"allow":["GET"]}}],"collection":[{"href":"https:\/\/swissmassage.weprocess.dev\/de\/wp-json\/wp\/v2\/product"}],"about":[{"href":"https:\/\/swissmassage.weprocess.dev\/de\/wp-json\/wp\/v2\/types\/product"}],"wp:featuredmedia":[{"embeddable":true,"href":"https:\/\/swissmassage.weprocess.dev\/de\/wp-json\/wp\/v2\/media\/11168"}],"wp:attachment":[{"href":"https:\/\/swissmassage.weprocess.dev\/de\/wp-json\/wp\/v2\/media?parent=15402"}],"wp:term":[{"taxonomy":"pwb-brand","embeddable":true,"href":"https:\/\/swissmassage.weprocess.dev\/de\/wp-json\/wp\/v2\/pwb-brand?post=15402"},{"taxonomy":"product_brand","embeddable":true,"href":"https:\/\/swissmassage.weprocess.dev\/de\/wp-json\/wp\/v2\/product_brand?post=15402"},{"taxonomy":"product_cat","embeddable":true,"href":"https:\/\/swissmassage.weprocess.dev\/de\/wp-json\/wp\/v2\/product_cat?post=15402"},{"taxonomy":"product_tag","embeddable":true,"href":"https:\/\/swissmassage.weprocess.dev\/de\/wp-json\/wp\/v2\/product_tag?post=15402"},{"taxonomy":"product_folder","embeddable":true,"href":"https:\/\/swissmassage.weprocess.dev\/de\/wp-json\/wp\/v2\/product_folder?post=15402"}],"curies":[{"name":"wp","href":"https:\/\/api.w.org\/{rel}","templated":true}]}}