{"id":15401,"date":"2023-05-24T14:41:37","date_gmt":"2023-05-24T12:41:37","guid":{"rendered":"https:\/\/swissmassage.ch\/produit\/warmedecke-massageliege\/"},"modified":"2026-02-15T17:32:53","modified_gmt":"2026-02-15T16:32:53","slug":"warmedecke-massageliege","status":"publish","type":"product","link":"https:\/\/swissmassage.weprocess.dev\/de\/produits\/warmedecke-massageliege\/","title":{"rendered":"Heizdecke f\u00fcr Massageliege"},"content":{"rendered":"<h2 style=\"text-align: left;\">Heizdecke f\u00fcr Massageliege<\/h2>\n<p>Diese 152 cm x 90 cm gro\u00dfe Heizdecke ist so konzipiert, dass sie sich dank ihrer St\u00fctzgummis an alle Standards der Massageliege anpasst. Mit einer Leistung von 60 Watt verbreitet es eine weiche und umh\u00fcllende W\u00e4rme f\u00fcr optimalen Komfort w\u00e4hrend Ihrer Behandlungen. Es ist die ideale L\u00f6sung, um Ihren Massagesitzungen einen Hauch von Komfort zu verleihen.<\/p>\n<h3>Benutzerdefinierte Einstellungen<\/h3>\n<p>W\u00e4hlen Sie aus mehreren Temperaturstufen, um die Hitze an die Bed\u00fcrfnisse jedes Kunden anzupassen. Die Abdeckung ist au\u00dferdem mit einer automatischen Abschaltfunktion mit mehreren Einstellzeiten ausgestattet, um einen leisen Betrieb ohne \u00dcberhitzungsgefahr zu gew\u00e4hrleisten.<\/p>\n<p>Verf\u00fcgbar in der ganzen Schweiz. Oder bringen Sie es in unseren Showroom.<\/p>\n","protected":false},"excerpt":{"rendered":"<p>Heizdecke f\u00fcr Massageliege Diese 152 cm x 90 cm gro\u00dfe Heizdecke ist so konzipiert, dass sie sich dank ihrer St\u00fctzgummis an alle Standards der Massageliege anpasst. Mit einer Leistung von 60 Watt verbreitet es eine weiche und umh\u00fcllende W\u00e4rme f\u00fcr optimalen Komfort w\u00e4hrend Ihrer Behandlungen. Es ist die ideale L\u00f6sung, um Ihren Massagesitzungen einen Hauch&hellip;<\/p>\n","protected":false},"featured_media":19020,"template":"","meta":{"_seopress_robots_primary_cat":"none","_seopress_titles_title":"Heizdecke f\u00fcr Massageliege - Swissmassage","_seopress_titles_desc":"Heizdecke f\u00fcr Massageliege: sorgt f\u00fcr sanfte W\u00e4rme, optimiert den Komfort und die Entspannung Ihrer Patienten w\u00e4hrend Ihrer Sitzungen.","_seopress_robots_index":""},"pwb-brand":[],"product_brand":[],"product_cat":[1345,1340],"product_tag":[1587,1405],"product_folder":[1002,1112],"class_list":{"0":"post-15401","1":"product","2":"type-product","3":"status-publish","4":"has-post-thumbnail","6":"product_cat-alles-massagezubehor","7":"product_cat-warmelampen-und-heizdecken","8":"product_tag-heizdecke","9":"product_tag-heizung","11":"first","12":"instock","13":"taxable","14":"shipping-taxable","15":"purchasable","16":"product-type-simple"},"exclude_global_add_ons":[],"addons":[],"brands":[],"_links":{"self":[{"href":"https:\/\/swissmassage.weprocess.dev\/de\/wp-json\/wp\/v2\/product\/15401","targetHints":{"allow":["GET"]}}],"collection":[{"href":"https:\/\/swissmassage.weprocess.dev\/de\/wp-json\/wp\/v2\/product"}],"about":[{"href":"https:\/\/swissmassage.weprocess.dev\/de\/wp-json\/wp\/v2\/types\/product"}],"wp:featuredmedia":[{"embeddable":true,"href":"https:\/\/swissmassage.weprocess.dev\/de\/wp-json\/wp\/v2\/media\/19020"}],"wp:attachment":[{"href":"https:\/\/swissmassage.weprocess.dev\/de\/wp-json\/wp\/v2\/media?parent=15401"}],"wp:term":[{"taxonomy":"pwb-brand","embeddable":true,"href":"https:\/\/swissmassage.weprocess.dev\/de\/wp-json\/wp\/v2\/pwb-brand?post=15401"},{"taxonomy":"product_brand","embeddable":true,"href":"https:\/\/swissmassage.weprocess.dev\/de\/wp-json\/wp\/v2\/product_brand?post=15401"},{"taxonomy":"product_cat","embeddable":true,"href":"https:\/\/swissmassage.weprocess.dev\/de\/wp-json\/wp\/v2\/product_cat?post=15401"},{"taxonomy":"product_tag","embeddable":true,"href":"https:\/\/swissmassage.weprocess.dev\/de\/wp-json\/wp\/v2\/product_tag?post=15401"},{"taxonomy":"product_folder","embeddable":true,"href":"https:\/\/swissmassage.weprocess.dev\/de\/wp-json\/wp\/v2\/product_folder?post=15401"}],"curies":[{"name":"wp","href":"https:\/\/api.w.org\/{rel}","templated":true}]}}