{"id":15400,"date":"2023-05-24T14:41:39","date_gmt":"2023-05-24T12:41:39","guid":{"rendered":"https:\/\/swissmassage.ch\/produit\/ofen-fur-heisse-steine-medium\/"},"modified":"2023-05-24T14:41:39","modified_gmt":"2023-05-24T12:41:39","slug":"ofen-fur-heisse-steine-medium","status":"publish","type":"product","link":"https:\/\/swissmassage.weprocess.dev\/de\/produits\/ofen-fur-heisse-steine-medium\/","title":{"rendered":"Mittelhei\u00dfer Steinofen"},"content":{"rendered":"<h2 style=\"text-align: left;\">Massageofen mit hei\u00dfen Steinen.<\/h2>\n<p>  Mit digitalem Bildschirm.<br \/>\nEs h\u00e4lt eine konstante Temperatur zwischen 40\u00baC und 50\u00baC.<br \/>\nL\u00f6ffel enthalten.<br \/>\nFassungsverm\u00f6gen: 6 Liter.<br \/>\nEingangsspannung: 220 ~ 240 V Eingangsfrequenz: 50 Hz \/ 60 Hz Leistung: 750 W Arbeitstemperatur: 40-50 \u00baC Kapazit\u00e4t: 6 l.<br \/>\nGr\u00f6\u00dfe: 47&#215;29,5&#215;25 cm Gewicht: 3,7 Kg     <\/p>\n","protected":false},"excerpt":{"rendered":"<p>Massageofen mit hei\u00dfen Steinen. Mit digitalem Bildschirm. Es h\u00e4lt eine konstante Temperatur zwischen 40\u00baC und 50\u00baC. L\u00f6ffel enthalten. Fassungsverm\u00f6gen: 6 Liter. Eingangsspannung: 220 ~ 240 V Eingangsfrequenz: 50 Hz \/ 60 Hz Leistung: 750 W Arbeitstemperatur: 40-50 \u00baC Kapazit\u00e4t: 6 l. Gr\u00f6\u00dfe: 47&#215;29,5&#215;25 cm Gewicht: 3,7 Kg<\/p>\n","protected":false},"featured_media":11162,"template":"","meta":{"_seopress_robots_primary_cat":"none","_seopress_titles_title":"","_seopress_titles_desc":"Hot Stone Massageofen mit digitalem Bildschirm.\nEs h\u00e4lt eine konstante Temperatur zwischen 40\u00baC und 50\u00baC. ","_seopress_robots_index":""},"pwb-brand":[],"product_brand":[],"product_cat":[1345,1343],"product_tag":[1471,1472,1586],"product_folder":[1002,1121],"class_list":{"0":"post-15400","1":"product","2":"type-product","3":"status-publish","4":"has-post-thumbnail","6":"product_cat-alles-massagezubehor","7":"product_cat-heisse-steine","8":"product_tag-hot-stone-massage","9":"product_tag-massage-mit-heisen-steinen","10":"product_tag-ofen","12":"first","13":"instock","14":"taxable","15":"shipping-taxable","16":"purchasable","17":"product-type-simple"},"exclude_global_add_ons":[],"addons":[],"brands":[],"_links":{"self":[{"href":"https:\/\/swissmassage.weprocess.dev\/de\/wp-json\/wp\/v2\/product\/15400","targetHints":{"allow":["GET"]}}],"collection":[{"href":"https:\/\/swissmassage.weprocess.dev\/de\/wp-json\/wp\/v2\/product"}],"about":[{"href":"https:\/\/swissmassage.weprocess.dev\/de\/wp-json\/wp\/v2\/types\/product"}],"wp:featuredmedia":[{"embeddable":true,"href":"https:\/\/swissmassage.weprocess.dev\/de\/wp-json\/wp\/v2\/media\/11162"}],"wp:attachment":[{"href":"https:\/\/swissmassage.weprocess.dev\/de\/wp-json\/wp\/v2\/media?parent=15400"}],"wp:term":[{"taxonomy":"pwb-brand","embeddable":true,"href":"https:\/\/swissmassage.weprocess.dev\/de\/wp-json\/wp\/v2\/pwb-brand?post=15400"},{"taxonomy":"product_brand","embeddable":true,"href":"https:\/\/swissmassage.weprocess.dev\/de\/wp-json\/wp\/v2\/product_brand?post=15400"},{"taxonomy":"product_cat","embeddable":true,"href":"https:\/\/swissmassage.weprocess.dev\/de\/wp-json\/wp\/v2\/product_cat?post=15400"},{"taxonomy":"product_tag","embeddable":true,"href":"https:\/\/swissmassage.weprocess.dev\/de\/wp-json\/wp\/v2\/product_tag?post=15400"},{"taxonomy":"product_folder","embeddable":true,"href":"https:\/\/swissmassage.weprocess.dev\/de\/wp-json\/wp\/v2\/product_folder?post=15400"}],"curies":[{"name":"wp","href":"https:\/\/api.w.org\/{rel}","templated":true}]}}