{"id":15398,"date":"2023-05-24T14:41:49","date_gmt":"2023-05-24T12:41:49","guid":{"rendered":"https:\/\/swissmassage.ch\/produit\/tragetasche-fur-sitzenden-massagestuhl\/"},"modified":"2025-05-06T09:38:42","modified_gmt":"2025-05-06T07:38:42","slug":"tragetasche-fur-sitzenden-massagestuhl","status":"publish","type":"product","link":"https:\/\/swissmassage.weprocess.dev\/de\/produits\/tragetasche-fur-sitzenden-massagestuhl\/","title":{"rendered":"Tragetasche f\u00fcr Massagestuhl"},"content":{"rendered":"<h2>Tragetasche f\u00fcr Massagestuhl.<\/h2>\n<p> Transport- und Aufbewahrungsabdeckung f\u00fcr Massagestuhl. Mit Rei\u00dfverschluss. Schulter-Tragegurt. Seitlicher St\u00fctzgriff. Tasche f\u00fcr T\u00fccher und \u00d6l. Waschbar bei 40\u00b0 Erleichtert das Bewegen und sch\u00fctzt die Massageliege. In der ganzen Schweiz verf\u00fcgbar. Oder bringen Sie es direkt in unsere Werkstatt.       <span style=\"font-size: 10pt;\"><br \/>\n<\/span><\/p>\n","protected":false},"excerpt":{"rendered":"<p>Tragetasche f\u00fcr Massagestuhl. Transport- und Aufbewahrungsabdeckung f\u00fcr Massagestuhl. Mit Rei\u00dfverschluss. Schulter-Tragegurt. Seitlicher St\u00fctzgriff. Tasche f\u00fcr T\u00fccher und \u00d6l. Waschbar bei 40\u00b0 Erleichtert das Bewegen und sch\u00fctzt die Massageliege. In der ganzen Schweiz verf\u00fcgbar. Oder bringen Sie es direkt in unsere Werkstatt.<\/p>\n","protected":false},"featured_media":11519,"template":"","meta":{"_seopress_robots_primary_cat":"none","_seopress_titles_title":"","_seopress_titles_desc":"Transport- und Aufbewahrungsabdeckung f\u00fcr Massagesstuhl. Erleichtert das Bewegen und sch\u00fctzt die Massageliege. Mit Rei\u00dfverschluss.  ","_seopress_robots_index":""},"pwb-brand":[],"product_brand":[],"product_cat":[1345,1336],"product_tag":[1570,1569],"product_folder":[999],"class_list":{"0":"post-15398","1":"product","2":"type-product","3":"status-publish","4":"has-post-thumbnail","6":"product_cat-alles-massagezubehor","7":"product_cat-zubehor-fur-massageliegen","8":"product_tag-amma-massage","9":"product_tag-massage-im-sitzen","11":"first","12":"instock","13":"taxable","14":"shipping-taxable","15":"purchasable","16":"product-type-simple"},"exclude_global_add_ons":[],"addons":[],"brands":[],"_links":{"self":[{"href":"https:\/\/swissmassage.weprocess.dev\/de\/wp-json\/wp\/v2\/product\/15398","targetHints":{"allow":["GET"]}}],"collection":[{"href":"https:\/\/swissmassage.weprocess.dev\/de\/wp-json\/wp\/v2\/product"}],"about":[{"href":"https:\/\/swissmassage.weprocess.dev\/de\/wp-json\/wp\/v2\/types\/product"}],"wp:featuredmedia":[{"embeddable":true,"href":"https:\/\/swissmassage.weprocess.dev\/de\/wp-json\/wp\/v2\/media\/11519"}],"wp:attachment":[{"href":"https:\/\/swissmassage.weprocess.dev\/de\/wp-json\/wp\/v2\/media?parent=15398"}],"wp:term":[{"taxonomy":"pwb-brand","embeddable":true,"href":"https:\/\/swissmassage.weprocess.dev\/de\/wp-json\/wp\/v2\/pwb-brand?post=15398"},{"taxonomy":"product_brand","embeddable":true,"href":"https:\/\/swissmassage.weprocess.dev\/de\/wp-json\/wp\/v2\/product_brand?post=15398"},{"taxonomy":"product_cat","embeddable":true,"href":"https:\/\/swissmassage.weprocess.dev\/de\/wp-json\/wp\/v2\/product_cat?post=15398"},{"taxonomy":"product_tag","embeddable":true,"href":"https:\/\/swissmassage.weprocess.dev\/de\/wp-json\/wp\/v2\/product_tag?post=15398"},{"taxonomy":"product_folder","embeddable":true,"href":"https:\/\/swissmassage.weprocess.dev\/de\/wp-json\/wp\/v2\/product_folder?post=15398"}],"curies":[{"name":"wp","href":"https:\/\/api.w.org\/{rel}","templated":true}]}}