{"id":15394,"date":"2023-05-24T14:41:50","date_gmt":"2023-05-24T12:41:50","guid":{"rendered":"https:\/\/swissmassage.ch\/produit\/tragetasche-fur-massageliege\/"},"modified":"2025-07-28T14:16:20","modified_gmt":"2025-07-28T12:16:20","slug":"tragetasche-fur-massageliege","status":"publish","type":"product","link":"https:\/\/swissmassage.weprocess.dev\/de\/produits\/tragetasche-fur-massageliege\/","title":{"rendered":"Tragetasche f\u00fcr Massageliege"},"content":{"rendered":"<h2 style=\"text-align: left;\">Tragetasche f\u00fcr Massageliege<\/h2>\n<p style=\"text-align: left;\">Trage- und Aufbewahrungsabdeckung f\u00fcr Massageliege.<br \/>\nMit Rei\u00dfverschluss.<br \/>\nSchulter-Tragegurt.<br \/>\nSeitlicher St\u00fctzgriff.<br \/>\nTasche f\u00fcr T\u00fccher und \u00d6l.<br \/>\nWaschbar bei 40\u00b0 Erleichtert das Bewegen und sch\u00fctzt die Massageliege.<br \/>\nW\u00e4hlen Sie die Option Breite 68 bis 76 cm, f\u00fcr Massageliegen bis 76 cm Breite.<br \/>\nW\u00e4hlen Sie die Option Breite 76 bis 80 cm, f\u00fcr Massageliegen von 76 cm bis 80 cm Breite.<\/p>\n","protected":false},"excerpt":{"rendered":"<p>Tragetasche f\u00fcr Massageliege Trage- und Aufbewahrungsabdeckung f\u00fcr Massageliege. Mit Rei\u00dfverschluss. Schulter-Tragegurt. Seitlicher St\u00fctzgriff. Tasche f\u00fcr T\u00fccher und \u00d6l. Waschbar bei 40\u00b0 Erleichtert das Bewegen und sch\u00fctzt die Massageliege. W\u00e4hlen Sie die Option Breite 68 bis 76 cm, f\u00fcr Massageliegen bis 76 cm Breite. W\u00e4hlen Sie die Option Breite 76 bis 80 cm, f\u00fcr Massageliegen von&hellip;<\/p>\n","protected":false},"featured_media":11195,"template":"","meta":{"_seopress_robots_primary_cat":"none","_seopress_titles_title":"Tragetasche f\u00fcr klappbare Massageliege","_seopress_titles_desc":"Trage- und Aufbewahrungsabdeckung f\u00fcr Massageliege.\r\nErleichtert das Bewegen und sch\u00fctzt die Massageliege.\r\nMit Rei\u00dfverschluss.","_seopress_robots_index":""},"pwb-brand":[],"product_brand":[],"product_cat":[1345,1336],"product_tag":[1553,1585],"product_folder":[1030],"class_list":{"0":"post-15394","1":"product","2":"type-product","3":"status-publish","4":"has-post-thumbnail","6":"product_cat-alles-massagezubehor","7":"product_cat-zubehor-fur-massageliegen","8":"product_tag-klappbare-massageliegen","9":"product_tag-tragbare-massageliegen","11":"first","12":"instock","13":"taxable","14":"shipping-taxable","15":"purchasable","16":"product-type-variable"},"exclude_global_add_ons":[],"addons":[],"brands":[],"_links":{"self":[{"href":"https:\/\/swissmassage.weprocess.dev\/de\/wp-json\/wp\/v2\/product\/15394","targetHints":{"allow":["GET"]}}],"collection":[{"href":"https:\/\/swissmassage.weprocess.dev\/de\/wp-json\/wp\/v2\/product"}],"about":[{"href":"https:\/\/swissmassage.weprocess.dev\/de\/wp-json\/wp\/v2\/types\/product"}],"wp:featuredmedia":[{"embeddable":true,"href":"https:\/\/swissmassage.weprocess.dev\/de\/wp-json\/wp\/v2\/media\/11195"}],"wp:attachment":[{"href":"https:\/\/swissmassage.weprocess.dev\/de\/wp-json\/wp\/v2\/media?parent=15394"}],"wp:term":[{"taxonomy":"pwb-brand","embeddable":true,"href":"https:\/\/swissmassage.weprocess.dev\/de\/wp-json\/wp\/v2\/pwb-brand?post=15394"},{"taxonomy":"product_brand","embeddable":true,"href":"https:\/\/swissmassage.weprocess.dev\/de\/wp-json\/wp\/v2\/product_brand?post=15394"},{"taxonomy":"product_cat","embeddable":true,"href":"https:\/\/swissmassage.weprocess.dev\/de\/wp-json\/wp\/v2\/product_cat?post=15394"},{"taxonomy":"product_tag","embeddable":true,"href":"https:\/\/swissmassage.weprocess.dev\/de\/wp-json\/wp\/v2\/product_tag?post=15394"},{"taxonomy":"product_folder","embeddable":true,"href":"https:\/\/swissmassage.weprocess.dev\/de\/wp-json\/wp\/v2\/product_folder?post=15394"}],"curies":[{"name":"wp","href":"https:\/\/api.w.org\/{rel}","templated":true}]}}