{"id":15393,"date":"2023-05-24T14:41:45","date_gmt":"2023-05-24T12:41:45","guid":{"rendered":"https:\/\/swissmassage.ch\/produit\/schutzpapier-fur-massageliege-mit-gesichtsloch\/"},"modified":"2025-11-03T21:46:20","modified_gmt":"2025-11-03T20:46:20","slug":"schutzpapier-fur-massageliege-mit-gesichtsloch","status":"publish","type":"product","link":"https:\/\/swissmassage.weprocess.dev\/de\/produits\/schutzpapier-fur-massageliege-mit-gesichtsloch\/","title":{"rendered":"Schutzpapier f\u00fcr Massageliegen mit Gesichtsloch"},"content":{"rendered":"<h2 style=\"text-align: left\">Sehr weiche Papiersch\u00fctzer f\u00fcr Massageliege mit Gesichtsloch.<\/h2>\n<p>  Packung \u00e0 100 St\u00fcck<\/p>\n","protected":false},"excerpt":{"rendered":"<p>Sehr weiche Papiersch\u00fctzer f\u00fcr Massageliege mit Gesichtsloch. Packung \u00e0 100 St\u00fcck<\/p>\n","protected":false},"featured_media":11183,"template":"","meta":{"_seopress_robots_primary_cat":"none","_seopress_titles_title":"Schutzpapier f\u00fcr Massageliegen mit Gesichtsloch","_seopress_titles_desc":"Sehr weiche Papiersch\u00fctzer f\u00fcr Gesichtsl\u00f6cher auf der Massageliege: sorgen f\u00fcr Hygiene und optimalen Komfort w\u00e4hrend der Sitzungen.\nPackung mit 100 St\u00fcck. ","_seopress_robots_index":""},"pwb-brand":[],"product_brand":[],"product_cat":[1345,1344],"product_tag":[1581,1582,1394],"product_folder":[1017],"class_list":{"0":"post-15393","1":"product","2":"type-product","3":"status-publish","4":"has-post-thumbnail","6":"product_cat-alles-massagezubehor","7":"product_cat-schutzbezuge-fur-massageliegen","8":"product_tag-gesicht","9":"product_tag-loch-im-gesicht","10":"product_tag-schutz","12":"first","13":"instock","14":"taxable","15":"shipping-taxable","16":"purchasable","17":"product-type-simple"},"exclude_global_add_ons":[],"addons":[],"brands":[],"_links":{"self":[{"href":"https:\/\/swissmassage.weprocess.dev\/de\/wp-json\/wp\/v2\/product\/15393","targetHints":{"allow":["GET"]}}],"collection":[{"href":"https:\/\/swissmassage.weprocess.dev\/de\/wp-json\/wp\/v2\/product"}],"about":[{"href":"https:\/\/swissmassage.weprocess.dev\/de\/wp-json\/wp\/v2\/types\/product"}],"wp:featuredmedia":[{"embeddable":true,"href":"https:\/\/swissmassage.weprocess.dev\/de\/wp-json\/wp\/v2\/media\/11183"}],"wp:attachment":[{"href":"https:\/\/swissmassage.weprocess.dev\/de\/wp-json\/wp\/v2\/media?parent=15393"}],"wp:term":[{"taxonomy":"pwb-brand","embeddable":true,"href":"https:\/\/swissmassage.weprocess.dev\/de\/wp-json\/wp\/v2\/pwb-brand?post=15393"},{"taxonomy":"product_brand","embeddable":true,"href":"https:\/\/swissmassage.weprocess.dev\/de\/wp-json\/wp\/v2\/product_brand?post=15393"},{"taxonomy":"product_cat","embeddable":true,"href":"https:\/\/swissmassage.weprocess.dev\/de\/wp-json\/wp\/v2\/product_cat?post=15393"},{"taxonomy":"product_tag","embeddable":true,"href":"https:\/\/swissmassage.weprocess.dev\/de\/wp-json\/wp\/v2\/product_tag?post=15393"},{"taxonomy":"product_folder","embeddable":true,"href":"https:\/\/swissmassage.weprocess.dev\/de\/wp-json\/wp\/v2\/product_folder?post=15393"}],"curies":[{"name":"wp","href":"https:\/\/api.w.org\/{rel}","templated":true}]}}