{"id":15392,"date":"2023-05-24T14:41:53","date_gmt":"2023-05-24T12:41:53","guid":{"rendered":"https:\/\/swissmassage.ch\/produit\/tuchwarmer-modell-hot-cabinet\/"},"modified":"2023-05-24T14:41:53","modified_gmt":"2023-05-24T12:41:53","slug":"tuchwarmer-modell-hot-cabinet","status":"publish","type":"product","link":"https:\/\/swissmassage.weprocess.dev\/de\/produits\/tuchwarmer-modell-hot-cabinet\/","title":{"rendered":"Tuchw\u00e4rmer Sterilisator gro\u00df 16 Liter"},"content":{"rendered":"<h2>Tuchw\u00e4rmer mit gro\u00dfem Fassungsverm\u00f6gen 16 Liter<\/h2>\n<p> Tuchw\u00e4rmer mit 16 Litern Fassungsverm\u00f6gen Es ist ideal, um Massaget\u00fccher warm zu halten. Maximale Temperatur von 70\u00b0C. Abmessungen: 45x28x36 cm Kann ein 220 cm x 100 cm gro\u00dfes Massagetuch aufnehmen.  <\/p>\n","protected":false},"excerpt":{"rendered":"<p>Tuchw\u00e4rmer mit gro\u00dfem Fassungsverm\u00f6gen 16 Liter Tuchw\u00e4rmer mit 16 Litern Fassungsverm\u00f6gen Es ist ideal, um Massaget\u00fccher warm zu halten. Maximale Temperatur von 70\u00b0C. Abmessungen: 45x28x36 cm Kann ein 220 cm x 100 cm gro\u00dfes Massagetuch aufnehmen.<\/p>\n","protected":false},"featured_media":11198,"template":"","meta":{"_seopress_robots_primary_cat":"none","_seopress_titles_title":"","_seopress_titles_desc":"Tuchw\u00e4rmer mit 16 Litern Fassungsverm\u00f6gen. Es ist ideal, um Massaget\u00fccher warm zu halten. Maximale Temperatur von 70\u00b0C.  ","_seopress_robots_index":""},"pwb-brand":[],"product_brand":[],"product_cat":[1332,1355],"product_tag":[1580,1405,1531],"product_folder":[1024],"class_list":{"0":"post-15392","1":"product","2":"type-product","3":"status-publish","4":"has-post-thumbnail","6":"product_cat-alle-asthetischen-artikel","7":"product_cat-sterilisatoren-und-tuchwarmer","8":"product_tag-heiser-cabi","9":"product_tag-heizung","10":"product_tag-sterilisator","12":"first","13":"instock","14":"taxable","15":"shipping-taxable","16":"purchasable","17":"product-type-simple"},"exclude_global_add_ons":[],"addons":[],"brands":[],"_links":{"self":[{"href":"https:\/\/swissmassage.weprocess.dev\/de\/wp-json\/wp\/v2\/product\/15392","targetHints":{"allow":["GET"]}}],"collection":[{"href":"https:\/\/swissmassage.weprocess.dev\/de\/wp-json\/wp\/v2\/product"}],"about":[{"href":"https:\/\/swissmassage.weprocess.dev\/de\/wp-json\/wp\/v2\/types\/product"}],"wp:featuredmedia":[{"embeddable":true,"href":"https:\/\/swissmassage.weprocess.dev\/de\/wp-json\/wp\/v2\/media\/11198"}],"wp:attachment":[{"href":"https:\/\/swissmassage.weprocess.dev\/de\/wp-json\/wp\/v2\/media?parent=15392"}],"wp:term":[{"taxonomy":"pwb-brand","embeddable":true,"href":"https:\/\/swissmassage.weprocess.dev\/de\/wp-json\/wp\/v2\/pwb-brand?post=15392"},{"taxonomy":"product_brand","embeddable":true,"href":"https:\/\/swissmassage.weprocess.dev\/de\/wp-json\/wp\/v2\/product_brand?post=15392"},{"taxonomy":"product_cat","embeddable":true,"href":"https:\/\/swissmassage.weprocess.dev\/de\/wp-json\/wp\/v2\/product_cat?post=15392"},{"taxonomy":"product_tag","embeddable":true,"href":"https:\/\/swissmassage.weprocess.dev\/de\/wp-json\/wp\/v2\/product_tag?post=15392"},{"taxonomy":"product_folder","embeddable":true,"href":"https:\/\/swissmassage.weprocess.dev\/de\/wp-json\/wp\/v2\/product_folder?post=15392"}],"curies":[{"name":"wp","href":"https:\/\/api.w.org\/{rel}","templated":true}]}}