{"id":15391,"date":"2023-05-24T14:41:56","date_gmt":"2023-05-24T14:41:56","guid":{"rendered":"https:\/\/swissmassage.ch\/produit\/papierrolle-fur-massageliegen-60-cm-breit\/"},"modified":"2025-04-05T19:47:03","modified_gmt":"2025-04-05T17:47:03","slug":"papierrolle-fur-massageliegen-60-cm-breit","status":"publish","type":"product","link":"https:\/\/swissmassage.weprocess.dev\/de\/produits\/papierrolle-fur-massageliegen-60-cm-breit\/","title":{"rendered":"Untersuchungspapier f\u00fcr Massageliege 60 cm Packung mit 6 Rollen"},"content":{"rendered":"<h2 style=\"text-align: left;\">Spezielles Untersuchungspapier f\u00fcr Massageliegen Breite 60 cm, L\u00e4nge 100 m.<br \/>\nPackung mit 6 Rollen <span style=\"font-size: 10pt;\"><br \/>\n<\/span><\/h2>\n<p><span style=\"font-size: 10pt;\">Spezielles Massage-Untersuchungspapier, weicher und viel st\u00e4rker als herk\u00f6mmliches Papier.<br \/>\n(Abweichungen in der Breite k\u00f6nnen aufgrund von Fertigungstoleranzen von 58 cm bis 61 cm beobachtet werden.) <\/span><br \/>\n<span style=\"font-size: 10pt;\">Wirtschaftlich, schonend und angenehm.<br \/>\nMacht w\u00e4hrend des Gebrauchs keine Ger\u00e4usche. <\/span><br \/>\n<span style=\"font-size: 10pt;\">Muster zur Untersuchung zur Verf\u00fcgung, Versand per Post m\u00f6glich.<\/span><\/p>\n<p><span style=\"font-size: 10pt;\">In der ganzen Schweiz verf\u00fcgbar.<br \/>\nOder bringen Sie es direkt in unsere Werkstatt zum Einzelpreis 40.-\/St\u00fcck   <\/span><\/p>\n","protected":false},"excerpt":{"rendered":"<p>Spezielles Untersuchungspapier f\u00fcr Massageliegen Breite 60 cm, L\u00e4nge 100 m. Packung mit 6 Rollen Spezielles Massage-Untersuchungspapier, weicher und viel st\u00e4rker als herk\u00f6mmliches Papier. (Abweichungen in der Breite k\u00f6nnen aufgrund von Fertigungstoleranzen von 58 cm bis 61 cm beobachtet werden.) Wirtschaftlich, schonend und angenehm. Macht w\u00e4hrend des Gebrauchs keine Ger\u00e4usche. Muster zur Untersuchung zur Verf\u00fcgung, Versand&hellip;<\/p>\n","protected":false},"featured_media":14929,"template":"","meta":{"_seopress_robots_primary_cat":"none","_seopress_titles_title":"Untersuchungspapierrolle 60cm f\u00fcr Massageliege - 6er Pack","_seopress_titles_desc":"Spezielles Massage-Untersuchungspapier, weicher und viel st\u00e4rker als herk\u00f6mmliches Papier.\nWeich und angenehm, macht bei Gebrauch keine Ger\u00e4usche. ","_seopress_robots_index":""},"pwb-brand":[],"product_brand":[],"product_cat":[1345,1344],"product_tag":[1426,1427,1394],"product_folder":[1017],"class_list":{"0":"post-15391","1":"product","2":"type-product","3":"status-publish","4":"has-post-thumbnail","6":"product_cat-alles-massagezubehor","7":"product_cat-schutzbezuge-fur-massageliegen","8":"product_tag-papier-de","9":"product_tag-papierrolle","10":"product_tag-schutz","12":"first","13":"instock","14":"taxable","15":"shipping-taxable","16":"purchasable","17":"product-type-simple"},"exclude_global_add_ons":[],"addons":[],"brands":[],"_links":{"self":[{"href":"https:\/\/swissmassage.weprocess.dev\/de\/wp-json\/wp\/v2\/product\/15391","targetHints":{"allow":["GET"]}}],"collection":[{"href":"https:\/\/swissmassage.weprocess.dev\/de\/wp-json\/wp\/v2\/product"}],"about":[{"href":"https:\/\/swissmassage.weprocess.dev\/de\/wp-json\/wp\/v2\/types\/product"}],"wp:featuredmedia":[{"embeddable":true,"href":"https:\/\/swissmassage.weprocess.dev\/de\/wp-json\/wp\/v2\/media\/14929"}],"wp:attachment":[{"href":"https:\/\/swissmassage.weprocess.dev\/de\/wp-json\/wp\/v2\/media?parent=15391"}],"wp:term":[{"taxonomy":"pwb-brand","embeddable":true,"href":"https:\/\/swissmassage.weprocess.dev\/de\/wp-json\/wp\/v2\/pwb-brand?post=15391"},{"taxonomy":"product_brand","embeddable":true,"href":"https:\/\/swissmassage.weprocess.dev\/de\/wp-json\/wp\/v2\/product_brand?post=15391"},{"taxonomy":"product_cat","embeddable":true,"href":"https:\/\/swissmassage.weprocess.dev\/de\/wp-json\/wp\/v2\/product_cat?post=15391"},{"taxonomy":"product_tag","embeddable":true,"href":"https:\/\/swissmassage.weprocess.dev\/de\/wp-json\/wp\/v2\/product_tag?post=15391"},{"taxonomy":"product_folder","embeddable":true,"href":"https:\/\/swissmassage.weprocess.dev\/de\/wp-json\/wp\/v2\/product_folder?post=15391"}],"curies":[{"name":"wp","href":"https:\/\/api.w.org\/{rel}","templated":true}]}}