{"id":15390,"date":"2023-05-24T14:41:55","date_gmt":"2023-05-24T12:41:55","guid":{"rendered":"https:\/\/swissmassage.ch\/produit\/tuchwarmer-sterilisator\/"},"modified":"2024-09-25T11:00:59","modified_gmt":"2024-09-25T09:00:59","slug":"tuchwarmer-sterilisator","status":"publish","type":"product","link":"https:\/\/swissmassage.weprocess.dev\/de\/produits\/tuchwarmer-sterilisator\/","title":{"rendered":"Hot Cabi Sterilisator Tuchw\u00e4rmer"},"content":{"rendered":"<h2>Hei\u00dfschrank Sterilisator Tuchw\u00e4rmer.<\/h2>\n<p> Tuchw\u00e4rmer mit 7 Litern Fassungsverm\u00f6gen. Es beinhaltet ein UV-Desinfektionssystem zur Beseitigung von Bakterien und Keimen. Es ist ideal, um Servietten unter perfekten hygienischen Bedingungen aufzubewahren. Maximale Temperatur von 80\u00b0C. Abmessungen: Breite 37 cm, Tiefe 31 cm, H\u00f6he 28 cm.    <\/p>\n","protected":false},"excerpt":{"rendered":"<p>Hei\u00dfschrank Sterilisator Tuchw\u00e4rmer. Tuchw\u00e4rmer mit 7 Litern Fassungsverm\u00f6gen. Es beinhaltet ein UV-Desinfektionssystem zur Beseitigung von Bakterien und Keimen. Es ist ideal, um Servietten unter perfekten hygienischen Bedingungen aufzubewahren. Maximale Temperatur von 80\u00b0C. Abmessungen: Breite 37 cm, Tiefe 31 cm, H\u00f6he 28 cm.<\/p>\n","protected":false},"featured_media":11201,"template":"","meta":{"_seopress_robots_primary_cat":"none","_seopress_titles_title":"","_seopress_titles_desc":"Tuchw\u00e4rmer mit 7 Litern Fassungsverm\u00f6gen. Es ist ideal, um Servietten unter perfekten hygienischen Bedingungen aufzubewahren. ","_seopress_robots_index":""},"pwb-brand":[],"product_brand":[],"product_cat":[1332,1355],"product_tag":[1580,1405,1531],"product_folder":[1024],"class_list":{"0":"post-15390","1":"product","2":"type-product","3":"status-publish","4":"has-post-thumbnail","6":"product_cat-alle-asthetischen-artikel","7":"product_cat-sterilisatoren-und-tuchwarmer","8":"product_tag-heiser-cabi","9":"product_tag-heizung","10":"product_tag-sterilisator","12":"first","13":"instock","14":"taxable","15":"shipping-taxable","16":"purchasable","17":"product-type-simple"},"exclude_global_add_ons":[],"addons":[],"brands":[],"_links":{"self":[{"href":"https:\/\/swissmassage.weprocess.dev\/de\/wp-json\/wp\/v2\/product\/15390","targetHints":{"allow":["GET"]}}],"collection":[{"href":"https:\/\/swissmassage.weprocess.dev\/de\/wp-json\/wp\/v2\/product"}],"about":[{"href":"https:\/\/swissmassage.weprocess.dev\/de\/wp-json\/wp\/v2\/types\/product"}],"wp:featuredmedia":[{"embeddable":true,"href":"https:\/\/swissmassage.weprocess.dev\/de\/wp-json\/wp\/v2\/media\/11201"}],"wp:attachment":[{"href":"https:\/\/swissmassage.weprocess.dev\/de\/wp-json\/wp\/v2\/media?parent=15390"}],"wp:term":[{"taxonomy":"pwb-brand","embeddable":true,"href":"https:\/\/swissmassage.weprocess.dev\/de\/wp-json\/wp\/v2\/pwb-brand?post=15390"},{"taxonomy":"product_brand","embeddable":true,"href":"https:\/\/swissmassage.weprocess.dev\/de\/wp-json\/wp\/v2\/product_brand?post=15390"},{"taxonomy":"product_cat","embeddable":true,"href":"https:\/\/swissmassage.weprocess.dev\/de\/wp-json\/wp\/v2\/product_cat?post=15390"},{"taxonomy":"product_tag","embeddable":true,"href":"https:\/\/swissmassage.weprocess.dev\/de\/wp-json\/wp\/v2\/product_tag?post=15390"},{"taxonomy":"product_folder","embeddable":true,"href":"https:\/\/swissmassage.weprocess.dev\/de\/wp-json\/wp\/v2\/product_folder?post=15390"}],"curies":[{"name":"wp","href":"https:\/\/api.w.org\/{rel}","templated":true}]}}