{"id":15389,"date":"2023-05-24T14:41:58","date_gmt":"2023-05-24T12:41:58","guid":{"rendered":"https:\/\/swissmassage.ch\/produit\/massageliege-transportwagen\/"},"modified":"2025-09-10T10:34:55","modified_gmt":"2025-09-10T08:34:55","slug":"massageliege-transportwagen","status":"publish","type":"product","link":"https:\/\/swissmassage.weprocess.dev\/de\/produits\/massageliege-transportwagen\/","title":{"rendered":"Transportwagen f\u00fcr Massageliege"},"content":{"rendered":"<h2 style=\"text-align: left;\">Transportwagen f\u00fcr Massageliege.<\/h2>\n<p><span style=\"font-size: 10pt;\">Sehr praktischer Transportwagen f\u00fcr reisende Therapeuten.<\/span><br \/>\n<span style=\"font-size: 10pt;\">Leicht, einfach zusammenklappbar.<\/span><br \/>\n<span style=\"font-size: 10pt;\">Tr\u00e4gt 60Kg.<br \/>\n<span style=\"font-size: 10pt;\">Verf\u00fcgbar in der ganzen Schweiz. Oder bringen Sie es direkt in unseren Showroom. <\/span><br \/>\n<\/span><\/p>\n","protected":false},"excerpt":{"rendered":"<p>Transportwagen f\u00fcr Massageliege. Sehr praktischer Transportwagen f\u00fcr reisende Therapeuten. Leicht, einfach zusammenklappbar. Tr\u00e4gt 60Kg. Verf\u00fcgbar in der ganzen Schweiz. Oder bringen Sie es direkt in unseren Showroom.<\/p>\n","protected":false},"featured_media":19873,"template":"","meta":{"_seopress_robots_primary_cat":"none","_seopress_titles_title":"","_seopress_titles_desc":"Transportwagen f\u00fcr Massageliege: praktischer Sackkarren f\u00fcr reisende Therapeuten, leicht und faltbar, tr\u00e4gt bis zu 60 kg.","_seopress_robots_index":""},"pwb-brand":[],"product_brand":[],"product_cat":[1345,1336],"product_tag":[],"product_folder":[1030],"class_list":{"0":"post-15389","1":"product","2":"type-product","3":"status-publish","4":"has-post-thumbnail","6":"product_cat-alles-massagezubehor","7":"product_cat-zubehor-fur-massageliegen","9":"first","10":"instock","11":"taxable","12":"shipping-taxable","13":"purchasable","14":"product-type-simple"},"exclude_global_add_ons":[],"addons":[],"brands":[],"_links":{"self":[{"href":"https:\/\/swissmassage.weprocess.dev\/de\/wp-json\/wp\/v2\/product\/15389","targetHints":{"allow":["GET"]}}],"collection":[{"href":"https:\/\/swissmassage.weprocess.dev\/de\/wp-json\/wp\/v2\/product"}],"about":[{"href":"https:\/\/swissmassage.weprocess.dev\/de\/wp-json\/wp\/v2\/types\/product"}],"wp:featuredmedia":[{"embeddable":true,"href":"https:\/\/swissmassage.weprocess.dev\/de\/wp-json\/wp\/v2\/media\/19873"}],"wp:attachment":[{"href":"https:\/\/swissmassage.weprocess.dev\/de\/wp-json\/wp\/v2\/media?parent=15389"}],"wp:term":[{"taxonomy":"pwb-brand","embeddable":true,"href":"https:\/\/swissmassage.weprocess.dev\/de\/wp-json\/wp\/v2\/pwb-brand?post=15389"},{"taxonomy":"product_brand","embeddable":true,"href":"https:\/\/swissmassage.weprocess.dev\/de\/wp-json\/wp\/v2\/product_brand?post=15389"},{"taxonomy":"product_cat","embeddable":true,"href":"https:\/\/swissmassage.weprocess.dev\/de\/wp-json\/wp\/v2\/product_cat?post=15389"},{"taxonomy":"product_tag","embeddable":true,"href":"https:\/\/swissmassage.weprocess.dev\/de\/wp-json\/wp\/v2\/product_tag?post=15389"},{"taxonomy":"product_folder","embeddable":true,"href":"https:\/\/swissmassage.weprocess.dev\/de\/wp-json\/wp\/v2\/product_folder?post=15389"}],"curies":[{"name":"wp","href":"https:\/\/api.w.org\/{rel}","templated":true}]}}