{"id":15387,"date":"2023-05-24T14:42:05","date_gmt":"2023-05-24T12:42:05","guid":{"rendered":"https:\/\/swissmassage.ch\/produit\/vapozone-digitaldampf-und-ozon\/"},"modified":"2023-05-24T14:42:05","modified_gmt":"2023-05-24T12:42:05","slug":"vapozone-digitaldampf-und-ozon","status":"publish","type":"product","link":"https:\/\/swissmassage.weprocess.dev\/de\/produits\/vapozone-digitaldampf-und-ozon\/","title":{"rendered":"Vapozone Digital Vape und Ozon"},"content":{"rendered":"<p><span style=\"font-size: 10pt;\">Digitales High-End-Vapozone.<br \/>\nLeichtes, funktionales Design. <\/span><br \/>\n<span style=\"font-size: 10pt;\">  Schwenkbarer Kopf.  <\/span><span style=\"font-size: 10pt;\">Dampf und Ozon.  <\/span><span style=\"font-size: 10pt;\">Basierend auf R\u00e4dern.<\/span><br \/>\n<span style=\"font-size: 10pt;\"><span class=\"rouge\"><br \/>\n<\/span><\/span><span style=\"font-size: 10pt;\">\u2013 H\u00f6henverstellbar: \u00b1 37 cm<\/span><br \/>\n<span style=\"font-size: 10pt;\">\u2013 H\u00f6henverstellbar: \u00b1 37 cm<\/span><br \/>\n<span style=\"font-size: 10pt;\">\u2013 Stabile Basis mit 5 R\u00e4dern<\/span><br \/>\n<span style=\"font-size: 10pt;\">\u2013 Digitale Schnittstelle<\/span><br \/>\n<span style=\"font-size: 10pt;\">\u2013 Automatische Wasserstandserkennung<\/span><br \/>\n<span style=\"font-size: 10pt;\">\u2013 Einstellung der Dampfmenge<\/span><br \/>\n<span style=\"font-size: 10pt;\">\u2013Zeitschaltuhr<\/span><br \/>\n<span style=\"font-size: 10pt;\">\u2013 Ozon-Funktion<\/span><br \/>\n<span style=\"font-size: 10pt;\">\u2013 Funktion der \u00e4therischen \u00d6le<\/span><br \/>\n<span style=\"font-size: 10pt;\">\u2013 Pflanzliche Funktion<\/span><br \/>\n<span style=\"font-size: 10pt;\">\u2013 Arm um 140\u00ba links und rechts verstellbar<\/span><br \/>\n<span style=\"font-size: 10pt;\">\u2013 Arm um 60\u00ba vorne und hinten verstellbar<\/span><br \/>\n<span style=\"font-size: 10pt;\">\u2013 Kopf auf einen 360\u00ba-Winkel einstellbar <span style=\"font-size: 10pt;\">\u2013 Leistung 800 W <span style=\"font-size: 10pt;\">\u2013 Fassungsverm\u00f6gen 0,7 Liter <\/span><\/span><span style=\"font-size: 10pt;\">\u2013 Gewicht 5,2 kg<\/span><br \/>\n<\/span><\/p>\n","protected":false},"excerpt":{"rendered":"<p>Digitales High-End-Vapozone. Leichtes, funktionales Design. Schwenkbarer Kopf. Dampf und Ozon. Basierend auf R\u00e4dern. \u2013 H\u00f6henverstellbar: \u00b1 37 cm \u2013 H\u00f6henverstellbar: \u00b1 37 cm \u2013 Stabile Basis mit 5 R\u00e4dern \u2013 Digitale Schnittstelle \u2013 Automatische Wasserstandserkennung \u2013 Einstellung der Dampfmenge \u2013Zeitschaltuhr \u2013 Ozon-Funktion \u2013 Funktion der \u00e4therischen \u00d6le \u2013 Pflanzliche Funktion \u2013 Arm um 140\u00ba links&hellip;<\/p>\n","protected":false},"featured_media":11228,"template":"","meta":{"_seopress_robots_primary_cat":"none","_seopress_titles_title":"","_seopress_titles_desc":"Hochwertiges digitales Vapozone: leichtes und funktionales Design, schwenkbarer Kopf, Dampf- und Ozonfunktionen und Radfu\u00df f\u00fcr einfache Mobilit\u00e4t.","_seopress_robots_index":""},"pwb-brand":[],"product_brand":[],"product_cat":[1332,1357],"product_tag":[],"product_folder":[1020],"class_list":{"0":"post-15387","1":"product","2":"type-product","3":"status-publish","4":"has-post-thumbnail","6":"product_cat-alle-asthetischen-artikel","7":"product_cat-asthetik-vapozonen","9":"first","10":"instock","11":"taxable","12":"shipping-taxable","13":"purchasable","14":"product-type-simple"},"exclude_global_add_ons":[],"addons":[],"brands":[],"_links":{"self":[{"href":"https:\/\/swissmassage.weprocess.dev\/de\/wp-json\/wp\/v2\/product\/15387","targetHints":{"allow":["GET"]}}],"collection":[{"href":"https:\/\/swissmassage.weprocess.dev\/de\/wp-json\/wp\/v2\/product"}],"about":[{"href":"https:\/\/swissmassage.weprocess.dev\/de\/wp-json\/wp\/v2\/types\/product"}],"wp:featuredmedia":[{"embeddable":true,"href":"https:\/\/swissmassage.weprocess.dev\/de\/wp-json\/wp\/v2\/media\/11228"}],"wp:attachment":[{"href":"https:\/\/swissmassage.weprocess.dev\/de\/wp-json\/wp\/v2\/media?parent=15387"}],"wp:term":[{"taxonomy":"pwb-brand","embeddable":true,"href":"https:\/\/swissmassage.weprocess.dev\/de\/wp-json\/wp\/v2\/pwb-brand?post=15387"},{"taxonomy":"product_brand","embeddable":true,"href":"https:\/\/swissmassage.weprocess.dev\/de\/wp-json\/wp\/v2\/product_brand?post=15387"},{"taxonomy":"product_cat","embeddable":true,"href":"https:\/\/swissmassage.weprocess.dev\/de\/wp-json\/wp\/v2\/product_cat?post=15387"},{"taxonomy":"product_tag","embeddable":true,"href":"https:\/\/swissmassage.weprocess.dev\/de\/wp-json\/wp\/v2\/product_tag?post=15387"},{"taxonomy":"product_folder","embeddable":true,"href":"https:\/\/swissmassage.weprocess.dev\/de\/wp-json\/wp\/v2\/product_folder?post=15387"}],"curies":[{"name":"wp","href":"https:\/\/api.w.org\/{rel}","templated":true}]}}