{"id":15381,"date":"2023-05-24T14:42:04","date_gmt":"2023-05-24T12:42:04","guid":{"rendered":"https:\/\/swissmassage.ch\/produit\/vibrations-korpermassage\/"},"modified":"2023-05-24T14:42:04","modified_gmt":"2023-05-24T12:42:04","slug":"vibrations-korpermassage","status":"publish","type":"product","link":"https:\/\/swissmassage.weprocess.dev\/de\/produits\/vibrations-korpermassage\/","title":{"rendered":"Vibrierende K\u00f6rpermassage"},"content":{"rendered":"<h2>Vibrierende K\u00f6rpermassage<\/h2>\n<p>  K\u00f6rpermassagesystem mit 6 austauschbaren Vibrationsk\u00f6pfen.<br \/>\nSockel mit Rollen f\u00fcr eine einfache Bewegung des Ger\u00e4ts. <\/p>\n","protected":false},"excerpt":{"rendered":"<p>Vibrierende K\u00f6rpermassage K\u00f6rpermassagesystem mit 6 austauschbaren Vibrationsk\u00f6pfen. Sockel mit Rollen f\u00fcr eine einfache Bewegung des Ger\u00e4ts.<\/p>\n","protected":false},"featured_media":11225,"template":"","meta":{"_seopress_robots_primary_cat":"none","_seopress_titles_title":"","_seopress_titles_desc":"K\u00f6rpermassagesystem mit 6 austauschbaren Vibrationsk\u00f6pfen.\nSockel mit Rollen f\u00fcr eine einfache Bewegung des Ger\u00e4ts. ","_seopress_robots_index":""},"pwb-brand":[],"product_brand":[],"product_cat":[1332,1354],"product_tag":[],"product_folder":[1002],"class_list":{"0":"post-15381","1":"product","2":"type-product","3":"status-publish","4":"has-post-thumbnail","6":"product_cat-alle-asthetischen-artikel","7":"product_cat-beauty-ausstattung","8":"product_shipping_class-sperrige-swisspost","10":"first","11":"instock","12":"taxable","13":"shipping-taxable","14":"purchasable","15":"product-type-simple"},"exclude_global_add_ons":[],"addons":[],"brands":[],"_links":{"self":[{"href":"https:\/\/swissmassage.weprocess.dev\/de\/wp-json\/wp\/v2\/product\/15381","targetHints":{"allow":["GET"]}}],"collection":[{"href":"https:\/\/swissmassage.weprocess.dev\/de\/wp-json\/wp\/v2\/product"}],"about":[{"href":"https:\/\/swissmassage.weprocess.dev\/de\/wp-json\/wp\/v2\/types\/product"}],"wp:featuredmedia":[{"embeddable":true,"href":"https:\/\/swissmassage.weprocess.dev\/de\/wp-json\/wp\/v2\/media\/11225"}],"wp:attachment":[{"href":"https:\/\/swissmassage.weprocess.dev\/de\/wp-json\/wp\/v2\/media?parent=15381"}],"wp:term":[{"taxonomy":"pwb-brand","embeddable":true,"href":"https:\/\/swissmassage.weprocess.dev\/de\/wp-json\/wp\/v2\/pwb-brand?post=15381"},{"taxonomy":"product_brand","embeddable":true,"href":"https:\/\/swissmassage.weprocess.dev\/de\/wp-json\/wp\/v2\/product_brand?post=15381"},{"taxonomy":"product_cat","embeddable":true,"href":"https:\/\/swissmassage.weprocess.dev\/de\/wp-json\/wp\/v2\/product_cat?post=15381"},{"taxonomy":"product_tag","embeddable":true,"href":"https:\/\/swissmassage.weprocess.dev\/de\/wp-json\/wp\/v2\/product_tag?post=15381"},{"taxonomy":"product_folder","embeddable":true,"href":"https:\/\/swissmassage.weprocess.dev\/de\/wp-json\/wp\/v2\/product_folder?post=15381"}],"curies":[{"name":"wp","href":"https:\/\/api.w.org\/{rel}","templated":true}]}}