{"id":15380,"date":"2023-05-24T14:42:06","date_gmt":"2023-05-24T12:42:06","guid":{"rendered":"https:\/\/swissmassage.ch\/produit\/nageltisch-perfect-nails\/"},"modified":"2023-05-24T14:42:06","modified_gmt":"2023-05-24T12:42:06","slug":"nageltisch-perfect-nails","status":"publish","type":"product","link":"https:\/\/swissmassage.weprocess.dev\/de\/produits\/nageltisch-perfect-nails\/","title":{"rendered":"Nageltisch Modell Perfect Nails"},"content":{"rendered":"<h2><span style=\"font-size: 10pt;\">Nageltisch Perfect Nails.<\/span><\/h2>\n<p><span style=\"font-size: 10pt;\">Garantiert Ihnen gro\u00dfe Stabilit\u00e4t, einen geeigneten Arbeitsplatz, eine gro\u00dfe Speicherkapazit\u00e4t, ein standardisiertes Staubsaugersystem f\u00fcr Ihr Wohlbefinden.<\/span><span class=\"rouge\"><span class=\"rouge\"><span style=\"color: #ff0000;\"><br \/>\n<\/span><\/span> <\/span><\/p>\n","protected":false},"excerpt":{"rendered":"<p>Nageltisch Perfect Nails. Garantiert Ihnen gro\u00dfe Stabilit\u00e4t, einen geeigneten Arbeitsplatz, eine gro\u00dfe Speicherkapazit\u00e4t, ein standardisiertes Staubsaugersystem f\u00fcr Ihr Wohlbefinden.<\/p>\n","protected":false},"featured_media":11231,"template":"","meta":{"_seopress_robots_primary_cat":"none","_seopress_titles_title":"","_seopress_titles_desc":"Perfect Nails Nagel- und Manik\u00fcretisch: entwickelt f\u00fcr pr\u00e4zises und komfortables Arbeiten, ideal f\u00fcr professionelle Manik\u00fcre-Sitzungen.","_seopress_robots_index":""},"pwb-brand":[],"product_brand":[],"product_cat":[1332,1348],"product_tag":[],"product_folder":[1025],"class_list":{"0":"post-15380","1":"product","2":"type-product","3":"status-publish","4":"has-post-thumbnail","6":"product_cat-alle-asthetischen-artikel","7":"product_cat-nagelstudio-ausstattungen","9":"first","10":"instock","11":"taxable","12":"shipping-taxable","13":"purchasable","14":"product-type-simple"},"exclude_global_add_ons":[],"addons":[],"brands":[],"_links":{"self":[{"href":"https:\/\/swissmassage.weprocess.dev\/de\/wp-json\/wp\/v2\/product\/15380","targetHints":{"allow":["GET"]}}],"collection":[{"href":"https:\/\/swissmassage.weprocess.dev\/de\/wp-json\/wp\/v2\/product"}],"about":[{"href":"https:\/\/swissmassage.weprocess.dev\/de\/wp-json\/wp\/v2\/types\/product"}],"wp:featuredmedia":[{"embeddable":true,"href":"https:\/\/swissmassage.weprocess.dev\/de\/wp-json\/wp\/v2\/media\/11231"}],"wp:attachment":[{"href":"https:\/\/swissmassage.weprocess.dev\/de\/wp-json\/wp\/v2\/media?parent=15380"}],"wp:term":[{"taxonomy":"pwb-brand","embeddable":true,"href":"https:\/\/swissmassage.weprocess.dev\/de\/wp-json\/wp\/v2\/pwb-brand?post=15380"},{"taxonomy":"product_brand","embeddable":true,"href":"https:\/\/swissmassage.weprocess.dev\/de\/wp-json\/wp\/v2\/product_brand?post=15380"},{"taxonomy":"product_cat","embeddable":true,"href":"https:\/\/swissmassage.weprocess.dev\/de\/wp-json\/wp\/v2\/product_cat?post=15380"},{"taxonomy":"product_tag","embeddable":true,"href":"https:\/\/swissmassage.weprocess.dev\/de\/wp-json\/wp\/v2\/product_tag?post=15380"},{"taxonomy":"product_folder","embeddable":true,"href":"https:\/\/swissmassage.weprocess.dev\/de\/wp-json\/wp\/v2\/product_folder?post=15380"}],"curies":[{"name":"wp","href":"https:\/\/api.w.org\/{rel}","templated":true}]}}