{"id":15379,"date":"2023-05-24T14:42:28","date_gmt":"2023-05-24T12:42:28","guid":{"rendered":"https:\/\/swissmassage.ch\/produit\/tragbare-massageliege-modell-charme\/"},"modified":"2026-02-23T10:07:23","modified_gmt":"2026-02-23T09:07:23","slug":"tragbare-massageliege-modell-charme","status":"publish","type":"product","link":"https:\/\/swissmassage.weprocess.dev\/de\/produits\/tragbare-massageliege-modell-charme\/","title":{"rendered":"Tragbare Massageliege Modell Charm"},"content":{"rendered":"<h2><strong>Die tollste tragbare Massageliege, Ergo Design Charm Modell wei\u00dfe Farbe.<\/strong><\/h2>\n<p><strong>Merkmale der Massageliege Modell Charme:<\/strong> Die Massageliege Charme ist eine High-End-Behandlungsliege mit ergonomischem Design, die entwickelt wurde, um den Komfort des Patienten mit dem Komfort des Therapeuten zu verbinden, sie vereint Eleganz, Ergonomie und Tragbarkeit.<br \/>\nSein 8 cm gro\u00dfer Extra-Komfortschaum sorgt f\u00fcr maximales Wohlbefinden.<br \/>\nDie wei\u00dfe Polyurethan-Beschichtung, die f\u00fcr Geschmeidigkeit und Festigkeit steht, tr\u00e4gt zum Komfortgef\u00fchl bei, indem sie die Eigenschaften des Schaums vollst\u00e4ndig wiederherstellt.<br \/>\nSeine Abmessungen von 195 cm x 74 cm an den Schultern und 68 cm am Becken wurden f\u00fcr gro\u00dfe Patienten berechnet und erm\u00f6glichen es dem Arzt, n\u00e4her zu stehen, ohne seinen R\u00fccken zu belasten.<br \/>\nEs ist einfach zu handhaben, \u00f6ffnet oder schlie\u00dft sich m\u00fchelos in 10 Sekunden.<br \/>\nDie Kopfst\u00fctze besteht aus dem ergonomischen Gesichtskissen und seiner Armlehne, die f\u00fcr den Gesichtskomfort unerl\u00e4sslich ist.<br \/>\nEr ist verstellbar und kann auch als Kopfst\u00fctze oder als 25 cm lange Verl\u00e4ngerung verwendet werden, wodurch die Liege eine Gesamtl\u00e4nge von 220 cm hat, um auch sehr gro\u00dfe Patienten aufzunehmen.<br \/>\nDie Wahl des edlen Buchenholzes liegt auf der Hand, die harten und kompakten Fasern des Holzes erh\u00f6hen die Steifigkeit, ohne das Gesamtgewicht des Tisches von 15 kg zu belasten, und erm\u00f6glichen es ihm, das Gewicht von Personen bis zu 200 kg zu tragen.<br \/>\nDie H\u00f6he l\u00e4sst sich ganz einfach von 65cm bis 86cm verstellen.<br \/>\nDie F\u00fc\u00dfe enden in Gummiprotektoren, die den Kontakt mit dem Boden weicher machen.<br \/>\nDie Massageliege Charme ist das Ergebnis der Entwicklung und Erfahrung, die seit der Gr\u00fcndung der Firma Swissmassage durch Zuh\u00f6ren und Dialog mit den Therapeuten erworben wurde.<br \/>\nEr ist einer unserer begehrtesten Tische und eine der Annehmlichkeiten, die zu unserem hervorragenden Ruf beitragen.<br \/>\nEr zeichnet sich durch seine Formen aus, die an die des menschlichen K\u00f6rpers erinnern.<br \/>\nEs verf\u00fcgt \u00fcber Holzverst\u00e4rkungsplatten, die mit der Praxis der Fu\u00dfreflexzonenmassage kompatibel sind.<br \/>\nEs eignet sich besonders f\u00fcr Sportmassagen und klassische Massagen.<br \/>\nDie Materialien, die f\u00fcr die Herstellung und das Design verwendet werden, entsprechen der Spitze des Sortiments der Reiki-Tische.                Swissmassage ist eine eingetragene Marke, die Ihnen die Garantie f\u00fcr Seriosit\u00e4t und Nachverfolgung w\u00e4hrend Ihrer gesamten T\u00e4tigkeit bietet. Unsere Werkstatt verf\u00fcgt \u00fcber Ersatzteile.<br \/>\nIm Falle von Wartungs- oder Reparaturarbeiten stellen wir Ihnen eine weitere Massageliege zur Verf\u00fcgung.   <\/p>\n<h2>Zusammenfassung der Eigenschaften der Massageliege Modell Charme:<\/h2>\n<p> Erh\u00e4ltlich in der ganzen Schweiz, oder nach Vereinbarung in unserem Showroom zum Testen. Extrem weiche und starke wei\u00dfe Polyurethan-Beschichtung. Garantierter Schaumstoff mit hoher Dichte von <span style=\"color: #000000;\">8 cm<\/span> Dicke. Struktur aus edlem Buchenholz, leicht und massiv.<br \/>\nSein erdnussf\u00f6rmiges Design bietet maximalen Komfort sowohl f\u00fcr den Therapeuten als auch f\u00fcr den Patienten.<br \/>\nIdeale Ma\u00dfe: 195 cm lang und 68 cm breit in der Mitte, 74 cm an Schultern und Beinen.   Massageliege h\u00f6henverstellbar von 65cm bis 85cm. Gewicht Ihrer Charme-Massageliege 15 kg.<br \/>\nKomfortables Gesichtsloch mit abnehmbarer Kappe.  2 Reiki-Paneele f\u00fcr den Komfort des Therapeuten. Sehr stark auch f\u00fcr korpulente Patienten, tr\u00e4gt es 200 kg an Wirkstoffen. Einfach zu handhaben, in 10 Sekunden zu \u00f6ffnen und zu schlie\u00dfen. Tragegriffe im Koffermodus. Neigbare Kopfst\u00fctze auf 2 Achsen, auf beiden Seiten der Massageliege nutzbar.<br \/>\nSehr weiches Gesichtspolster, das auf einem Velcro montiert ist, um eine pr\u00e4zise Einstellung zu erm\u00f6glichen.<br \/>\nLegt die Arme unter die Kopfst\u00fctze, entlastet das Gesicht.   Aufbewahrung von Zubeh\u00f6r in der Massageliege. Vibrame-Gummif\u00fc\u00dfe, Garantie f\u00fcr Stabilit\u00e4t. Eingetragene Marke SWISSMASSAGE, Garantie f\u00fcr Seriosit\u00e4t und Nachverfolgung. Showroom und Werkstatt f\u00fcr die Reparatur oder Modifikation von Massageger\u00e4ten.<\/p>\n","protected":false},"excerpt":{"rendered":"<p>Die tollste tragbare Massageliege, Ergo Design Charm Modell wei\u00dfe Farbe. Merkmale der Massageliege Modell Charme: Die Massageliege Charme ist eine High-End-Behandlungsliege mit ergonomischem Design, die entwickelt wurde, um den Komfort des Patienten mit dem Komfort des Therapeuten zu verbinden, sie vereint Eleganz, Ergonomie und Tragbarkeit. Sein 8 cm gro\u00dfer Extra-Komfortschaum sorgt f\u00fcr maximales Wohlbefinden. Die&hellip;<\/p>\n","protected":false},"featured_media":22693,"template":"","meta":{"_seopress_robots_primary_cat":"none","_seopress_titles_title":"","_seopress_titles_desc":"Die Massageliege Charme ist eine ergonomisch gestaltete Behandlungsliege, die entwickelt wurde, um den Komfort des Patienten mit dem Komfort des Therapeuten zu verbinden.","_seopress_robots_index":""},"pwb-brand":[],"product_brand":[],"product_cat":[1330,1367],"product_tag":[1479,1553,1435,1443,1478],"product_folder":[993],"class_list":{"0":"post-15379","1":"product","2":"type-product","3":"status-publish","4":"has-post-thumbnail","6":"product_cat-alle-massageliegen-massage-ausstattungen","7":"product_cat-klappbare-massageliegen","8":"product_tag-klappbare-massageliege","9":"product_tag-klappbare-massageliegen","10":"product_tag-massage-de","11":"product_tag-massageliege","12":"product_tag-tragbare-massageliege","13":"product_shipping_class-sperrige-swisspost","15":"first","16":"instock","17":"sale","18":"taxable","19":"shipping-taxable","20":"purchasable","21":"product-type-simple"},"exclude_global_add_ons":false,"addons":[{"name":"Option f\u00fcr einen sch\u00fctzenden Papierspender","type":"multiple_choice","position":0,"required":false,"title_format":"label","description_enable":false,"description":null,"placeholder_enable":false,"placeholder":null,"display":"images","restrictions_type":"any_text","adjust_price":false,"price":"","price_type":"flat_fee","restrictions":false,"min":0,"max":0,"options":[{"label":"Mit sch\u00fctzendem Papierspender","price":"50","price_type":"flat_fee","image":2573}],"id":1720447992},{"name":"Option mit Tragetasche","type":"multiple_choice","position":1,"required":false,"title_format":"label","description_enable":false,"description":null,"placeholder_enable":false,"placeholder":null,"display":"images","restrictions_type":"any_text","adjust_price":false,"price":"","price_type":"flat_fee","restrictions":false,"min":0,"max":0,"options":[{"label":"Mit Transportkoffer","price":"60","price_type":"flat_fee","image":2621}],"id":1720447993}],"brands":[],"_links":{"self":[{"href":"https:\/\/swissmassage.weprocess.dev\/de\/wp-json\/wp\/v2\/product\/15379","targetHints":{"allow":["GET"]}}],"collection":[{"href":"https:\/\/swissmassage.weprocess.dev\/de\/wp-json\/wp\/v2\/product"}],"about":[{"href":"https:\/\/swissmassage.weprocess.dev\/de\/wp-json\/wp\/v2\/types\/product"}],"wp:featuredmedia":[{"embeddable":true,"href":"https:\/\/swissmassage.weprocess.dev\/de\/wp-json\/wp\/v2\/media\/22693"}],"wp:attachment":[{"href":"https:\/\/swissmassage.weprocess.dev\/de\/wp-json\/wp\/v2\/media?parent=15379"}],"wp:term":[{"taxonomy":"pwb-brand","embeddable":true,"href":"https:\/\/swissmassage.weprocess.dev\/de\/wp-json\/wp\/v2\/pwb-brand?post=15379"},{"taxonomy":"product_brand","embeddable":true,"href":"https:\/\/swissmassage.weprocess.dev\/de\/wp-json\/wp\/v2\/product_brand?post=15379"},{"taxonomy":"product_cat","embeddable":true,"href":"https:\/\/swissmassage.weprocess.dev\/de\/wp-json\/wp\/v2\/product_cat?post=15379"},{"taxonomy":"product_tag","embeddable":true,"href":"https:\/\/swissmassage.weprocess.dev\/de\/wp-json\/wp\/v2\/product_tag?post=15379"},{"taxonomy":"product_folder","embeddable":true,"href":"https:\/\/swissmassage.weprocess.dev\/de\/wp-json\/wp\/v2\/product_folder?post=15379"}],"curies":[{"name":"wp","href":"https:\/\/api.w.org\/{rel}","templated":true}]}}