{"id":15378,"date":"2023-05-24T14:42:32","date_gmt":"2023-05-24T12:42:32","guid":{"rendered":"https:\/\/swissmassage.ch\/produit\/klappbare-massageliege-modell-baby\/"},"modified":"2023-05-24T14:42:32","modified_gmt":"2023-05-24T12:42:32","slug":"klappbare-massageliege-modell-baby","status":"publish","type":"product","link":"https:\/\/swissmassage.weprocess.dev\/de\/produits\/klappbare-massageliege-modell-baby\/","title":{"rendered":"Klappbare Massageliege Modell Baby"},"content":{"rendered":"<h2>Beschreibung der Babymodell-Massageliege:<\/h2>\n<p>  Die Massageliege Modell Baby ist breiter als die Standards der Massageliegen und verf\u00fcgt \u00fcber zwei einziehbare Kissen auf einer Seite, die es erm\u00f6glichen, schwangere Frauen f\u00fcr R\u00fcckenbehandlungen zu empfangen, da sie w\u00e4hrend der Schwangerschaft besonders beansprucht wird.<br \/>\nWenn die Kissen an Ort und Stelle sind, wird sie als klassische Massageliege verwendet und bietet mit ihrer Breite von 76 cm zus\u00e4tzliche Qualit\u00e4t.<br \/>\nSie eignet sich besonders f\u00fcr die R\u00fcckenpflege von werdenden M\u00fcttern, \u00c4sthetik, Haarentfernung, klassische Massagen, Lymphdrainagen, tibetische Schalentechniken und Hot-Stone-Massagen, da sie in ihrer Breite mehr Platz bietet.<br \/>\nDie Verwendung von 8 cm dickem Schaumstoff mit hoher Dichte bietet maximalen Komfort und beh\u00e4lt gleichzeitig die notwendige Reaktion f\u00fcr die Aus\u00fcbung der Massage bei.<br \/>\nDie Polyurethan-Beschichtung zeichnet die Swissmassage-Liegen f\u00fcr ihre Flexibilit\u00e4t, Festigkeit und Zuverl\u00e4ssigkeit aus.<br \/>\nEs tr\u00e4gt zum Wohlbefinden bei, indem es die Eigenschaften des Schaums wiederherstellt.<br \/>\nSeine Abmessungen von 185 cm x 76 cm erm\u00f6glichen die Unterbringung von Patienten jeder Gr\u00f6\u00dfe und auch \u00e4lterer Menschen und bieten ihnen mehr Sicherheit.<br \/>\nEr l\u00e4sst sich in Sekundenschnelle m\u00fchelos \u00f6ffnen oder schlie\u00dfen und ist einfach zu handhaben.<br \/>\nDie Kopfst\u00fctze verf\u00fcgt \u00fcber ein ergonomisches Gesichtspolster und eine Armlehne, sie ist h\u00f6henverstellbar und verstellbar, sie kann auch als Kopfst\u00fctze oder als Verl\u00e4ngerung um 25 cm verwendet werden, um eine Gesamtl\u00e4nge von 210 cm zu erreichen.<br \/>\nDie Wahl von Buchenholz erh\u00f6ht die Steifigkeit, ohne das Gesamtgewicht des Tisches von 17 kg zu belasten, und kann bis zu 200 kg tragen.<br \/>\nDie H\u00f6he l\u00e4sst sich leicht von 65 cm bis 85 cm verstellen, die F\u00fc\u00dfe enden in Gummiprotektoren, die den Kontakt mit dem Boden weicher machen.<br \/>\nEr ist mit Holzpaneelen vom Typ Reiki ausgestattet, so dass der Therapeut auf seinem Hocker sitzen und seine Beine unter den Tisch schieben kann, um n\u00e4her am Patienten zu sein.<br \/>\nEs ist \u00e4u\u00dferst stabil in Bezug auf seine Abmessungen und Herstellungsmaterialien.<br \/>\nSwissmassage ist eine eingetragene Marke, die Ihnen die Garantie f\u00fcr Seriosit\u00e4t und Nachverfolgung w\u00e4hrend Ihrer gesamten T\u00e4tigkeit bietet.<br \/>\nWir haben Ersatzteile.<br \/>\nIm Falle von Wartungs- oder Reparaturarbeiten steht eine weitere Massageliege zur Verf\u00fcgung.<br \/>\nWir freuen uns, Sie nach Vereinbarung in unserem Showroom in Monthey begr\u00fc\u00dfen zu d\u00fcrfen, damit Sie unsere Ger\u00e4te testen und direkt kaufen k\u00f6nnen, wenn es Ihnen passt, um sie noch am selben Tag oder \u00fcber unseren Webshop abzuholen.                 Copyright \u00a9 Swissmassage S\u00e0rl <strong><br \/>\n<\/strong><\/p>\n<h2>Technische Zusammenfassung der Massageliege Modell Baby:<\/h2>\n<p>  Erh\u00e4ltlich in der ganzen Schweiz, oder zum Testen in unserem Showroom nach Vereinbarung Tel. 079 750 18 06 Extrem flexible und starke weisse Polyurethan-Beschichtung.<br \/>\nSchaumstoff garantiert zus\u00e4tzlichen Komfort mit einer Dicke von 8 cm.  Struktur aus edlem Buchenholz, leicht und massiv. Ideale Abmessungen 185 cm lang und 76 cm breit.<br \/>\nH\u00f6he der Massageliege einstellbar von 65 cm bis 85 cm.<br \/>\nGewicht der Baby-Massageliege 17 kg Leichtere Bauchlagerung f\u00fcr Schwangere dank des Bauch- und Brustpolstersystems.   2 Reiki-Paneele f\u00fcr den Komfort des Therapeuten. Sehr stark auch f\u00fcr gro\u00dfe Patienten, tr\u00e4gt es 200 kg an Wirkstoffen. Einfach zu handhaben, in 10 Sekunden zu \u00f6ffnen und zu schlie\u00dfen. Tragegriffe im Koffermodus. Neigbare Kopfst\u00fctze auf 2 Achsen, auf beiden Seiten der Massageliege nutzbar.<br \/>\nSehr weiches Gesichtspolster, das auf einem Velcro montiert ist, um eine pr\u00e4zise Einstellung zu erm\u00f6glichen.<br \/>\nLegt die Arme unter die Kopfst\u00fctze, entlastet das Gesicht.   Aufbewahrung von Zubeh\u00f6r in der Massageliege. Vibrame-Gummif\u00fc\u00dfe, Garantie f\u00fcr Stabilit\u00e4t.<\/p>\n","protected":false},"excerpt":{"rendered":"<p>Beschreibung der Babymodell-Massageliege: Die Massageliege Modell Baby ist breiter als die Standards der Massageliegen und verf\u00fcgt \u00fcber zwei einziehbare Kissen auf einer Seite, die es erm\u00f6glichen, schwangere Frauen f\u00fcr R\u00fcckenbehandlungen zu empfangen, da sie w\u00e4hrend der Schwangerschaft besonders beansprucht wird. Wenn die Kissen an Ort und Stelle sind, wird sie als klassische Massageliege verwendet und&hellip;<\/p>\n","protected":false},"featured_media":11276,"template":"","meta":{"_seopress_robots_primary_cat":"none","_seopress_titles_title":"","_seopress_titles_desc":"Die Massageliege Baby ist breiter als Standardliegen und verf\u00fcgt \u00fcber zwei einziehbare Kissen f\u00fcr die Behandlung von Schwangeren.","_seopress_robots_index":""},"pwb-brand":[],"product_brand":[],"product_cat":[1330,1367,1361],"product_tag":[1479,1553,1435,1478,1578],"product_folder":[998],"class_list":{"0":"post-15378","1":"product","2":"type-product","3":"status-publish","4":"has-post-thumbnail","6":"product_cat-alle-massageliegen-massage-ausstattungen","7":"product_cat-klappbare-massageliegen","8":"product_cat-schwangerschaftsmassage","9":"product_tag-klappbare-massageliege","10":"product_tag-klappbare-massageliegen","11":"product_tag-massage-de","12":"product_tag-tragbare-massageliege","13":"product_tag-werdende-mutter","14":"product_shipping_class-sperrige-swisspost","16":"first","17":"instock","18":"sale","19":"taxable","20":"shipping-taxable","21":"purchasable","22":"product-type-simple"},"exclude_global_add_ons":false,"addons":[{"name":"Option mit Tragetasche","type":"multiple_choice","position":0,"required":false,"title_format":"label","description_enable":false,"description":null,"placeholder_enable":false,"placeholder":null,"display":"images","restrictions_type":"any_text","adjust_price":false,"price":"","price_type":"flat_fee","restrictions":false,"min":0,"max":0,"options":[{"label":"Mit Transportkoffer","price":"60","price_type":"flat_fee","image":2621}],"id":1720448131},{"name":"Option f\u00fcr einen sch\u00fctzenden Papierspender","type":"multiple_choice","position":1,"required":false,"title_format":"label","description_enable":false,"description":null,"placeholder_enable":false,"placeholder":null,"display":"images","restrictions_type":"any_text","adjust_price":false,"price":"","price_type":"flat_fee","restrictions":false,"min":0,"max":0,"options":[{"label":"Mit sch\u00fctzendem Papierspender","price":"50","price_type":"flat_fee","image":2573}],"id":1720448132}],"brands":[],"_links":{"self":[{"href":"https:\/\/swissmassage.weprocess.dev\/de\/wp-json\/wp\/v2\/product\/15378","targetHints":{"allow":["GET"]}}],"collection":[{"href":"https:\/\/swissmassage.weprocess.dev\/de\/wp-json\/wp\/v2\/product"}],"about":[{"href":"https:\/\/swissmassage.weprocess.dev\/de\/wp-json\/wp\/v2\/types\/product"}],"wp:featuredmedia":[{"embeddable":true,"href":"https:\/\/swissmassage.weprocess.dev\/de\/wp-json\/wp\/v2\/media\/11276"}],"wp:attachment":[{"href":"https:\/\/swissmassage.weprocess.dev\/de\/wp-json\/wp\/v2\/media?parent=15378"}],"wp:term":[{"taxonomy":"pwb-brand","embeddable":true,"href":"https:\/\/swissmassage.weprocess.dev\/de\/wp-json\/wp\/v2\/pwb-brand?post=15378"},{"taxonomy":"product_brand","embeddable":true,"href":"https:\/\/swissmassage.weprocess.dev\/de\/wp-json\/wp\/v2\/product_brand?post=15378"},{"taxonomy":"product_cat","embeddable":true,"href":"https:\/\/swissmassage.weprocess.dev\/de\/wp-json\/wp\/v2\/product_cat?post=15378"},{"taxonomy":"product_tag","embeddable":true,"href":"https:\/\/swissmassage.weprocess.dev\/de\/wp-json\/wp\/v2\/product_tag?post=15378"},{"taxonomy":"product_folder","embeddable":true,"href":"https:\/\/swissmassage.weprocess.dev\/de\/wp-json\/wp\/v2\/product_folder?post=15378"}],"curies":[{"name":"wp","href":"https:\/\/api.w.org\/{rel}","templated":true}]}}