{"id":15377,"date":"2023-05-24T14:42:23","date_gmt":"2023-05-24T12:42:23","guid":{"rendered":"https:\/\/swissmassage.ch\/produit\/infrarot-heizlampe\/"},"modified":"2025-12-22T20:50:32","modified_gmt":"2025-12-22T19:50:32","slug":"infrarot-heizlampe","status":"publish","type":"product","link":"https:\/\/swissmassage.weprocess.dev\/de\/produits\/infrarot-heizlampe\/","title":{"rendered":"Infrarot-W\u00e4rmelampe"},"content":{"rendered":"<h2>275W Infrarot-W\u00e4rmelampe dimmbar.<\/h2>\n<p>Lampe mit Gelenkarm, einfache Orientierung und Befestigung.<\/p>\n","protected":false},"excerpt":{"rendered":"<p>275W Infrarot-W\u00e4rmelampe dimmbar. Lampe mit Gelenkarm, einfache Orientierung und Befestigung.<\/p>\n","protected":false},"featured_media":11258,"template":"","meta":{"_seopress_robots_primary_cat":"none","_seopress_titles_title":"","_seopress_titles_desc":"Infrarot-W\u00e4rmelampe: Ideal f\u00fcr W\u00e4rmebehandlungen, bietet sie beruhigende W\u00e4rme, die in der Intensit\u00e4t einstellbar ist.","_seopress_robots_index":""},"pwb-brand":[],"product_brand":[],"product_cat":[1332,1345,1352,1340],"product_tag":[1405,1577],"product_folder":[1002,1112],"class_list":{"0":"post-15377","1":"product","2":"type-product","3":"status-publish","4":"has-post-thumbnail","6":"product_cat-alle-asthetischen-artikel","7":"product_cat-alles-massagezubehor","8":"product_cat-asthetik-lupen-lampen","9":"product_cat-warmelampen-und-heizdecken","10":"product_tag-heizung","11":"product_tag-warmelampe","13":"first","14":"instock","15":"taxable","16":"shipping-taxable","17":"purchasable","18":"product-type-simple"},"exclude_global_add_ons":[],"addons":[],"brands":[],"_links":{"self":[{"href":"https:\/\/swissmassage.weprocess.dev\/de\/wp-json\/wp\/v2\/product\/15377","targetHints":{"allow":["GET"]}}],"collection":[{"href":"https:\/\/swissmassage.weprocess.dev\/de\/wp-json\/wp\/v2\/product"}],"about":[{"href":"https:\/\/swissmassage.weprocess.dev\/de\/wp-json\/wp\/v2\/types\/product"}],"wp:featuredmedia":[{"embeddable":true,"href":"https:\/\/swissmassage.weprocess.dev\/de\/wp-json\/wp\/v2\/media\/11258"}],"wp:attachment":[{"href":"https:\/\/swissmassage.weprocess.dev\/de\/wp-json\/wp\/v2\/media?parent=15377"}],"wp:term":[{"taxonomy":"pwb-brand","embeddable":true,"href":"https:\/\/swissmassage.weprocess.dev\/de\/wp-json\/wp\/v2\/pwb-brand?post=15377"},{"taxonomy":"product_brand","embeddable":true,"href":"https:\/\/swissmassage.weprocess.dev\/de\/wp-json\/wp\/v2\/product_brand?post=15377"},{"taxonomy":"product_cat","embeddable":true,"href":"https:\/\/swissmassage.weprocess.dev\/de\/wp-json\/wp\/v2\/product_cat?post=15377"},{"taxonomy":"product_tag","embeddable":true,"href":"https:\/\/swissmassage.weprocess.dev\/de\/wp-json\/wp\/v2\/product_tag?post=15377"},{"taxonomy":"product_folder","embeddable":true,"href":"https:\/\/swissmassage.weprocess.dev\/de\/wp-json\/wp\/v2\/product_folder?post=15377"}],"curies":[{"name":"wp","href":"https:\/\/api.w.org\/{rel}","templated":true}]}}