{"id":15376,"date":"2023-05-24T14:42:17","date_gmt":"2023-05-24T12:42:17","guid":{"rendered":"https:\/\/swissmassage.ch\/produit\/lupen-lampe-led-pro\/"},"modified":"2023-05-24T14:42:17","modified_gmt":"2023-05-24T12:42:17","slug":"lupen-lampe-led-pro","status":"publish","type":"product","link":"https:\/\/swissmassage.weprocess.dev\/de\/produits\/lupen-lampe-led-pro\/","title":{"rendered":"LED Lupen Lampe Pro"},"content":{"rendered":"<h2>Kaltlicht-LED-Lupenlampe.<\/h2>\n<p>  Gelenkarm, einfache Orientierung und Befestigung, stabiler und mobiler Einsatz.<br \/>\nLupe x5 Kaltlicht-LED-Lampe mit 5-Dioptrien-Lupe.<br \/>\nDie Intensit\u00e4t des Lichts ist einstellbar.<br \/>\nAusgestattet mit einem Gelenkarm und einer Basis mit 5 Rollen f\u00fcr gro\u00dfe Stabilit\u00e4t.<br \/>\nZeichnet sich durch sein ergonomisches Design und zwei Griffe aus, mit denen es in die gew\u00fcnschte Position ausgerichtet werden kann.      <\/p>\n<h2>Technische Details:<\/h2>\n<p>  Eingangsspannung: Eingangsfrequenz: 50Hz\/60Hz Leistung: Stufe 1: 2,5W \/ Stufe 2: 3,5 W Stufe 3: 5,0W \/ Stufe 4: 7,0W 220Vac-240Vac Reflektoren: 5 Dioptrien Lichtstrom: 170\/250\/350 420 Lumen Art der LED: SMD. LED &#8211; 20 St\u00fcck AC L\u00e4nge des Netzkabels: 1,6 m Durchmesser der Linse: 14,5 cm Durchmesser der F\u00fc\u00dfe 72 cm Farbtemperatur: 7000\/8000 k Lebensdauer: 15000 h PACKMASS 84x70x14cm N.W. kg 10 G.W. kg 12<\/p>\n","protected":false},"excerpt":{"rendered":"<p>Kaltlicht-LED-Lupenlampe. Gelenkarm, einfache Orientierung und Befestigung, stabiler und mobiler Einsatz. Lupe x5 Kaltlicht-LED-Lampe mit 5-Dioptrien-Lupe. Die Intensit\u00e4t des Lichts ist einstellbar. Ausgestattet mit einem Gelenkarm und einer Basis mit 5 Rollen f\u00fcr gro\u00dfe Stabilit\u00e4t. Zeichnet sich durch sein ergonomisches Design und zwei Griffe aus, mit denen es in die gew\u00fcnschte Position ausgerichtet werden kann. Technische&hellip;<\/p>\n","protected":false},"featured_media":11249,"template":"","meta":{"_seopress_robots_primary_cat":"none","_seopress_titles_title":"","_seopress_titles_desc":"Kaltlicht-LED-Lupen Lampe. Gelenkarm, einfache Orientierung und Befestigung, stabiler und mobiler Einsatz. ","_seopress_robots_index":""},"pwb-brand":[],"product_brand":[],"product_cat":[1332,1352],"product_tag":[],"product_folder":[1021],"class_list":{"0":"post-15376","1":"product","2":"type-product","3":"status-publish","4":"has-post-thumbnail","6":"product_cat-alle-asthetischen-artikel","7":"product_cat-asthetik-lupen-lampen","8":"product_shipping_class-sperrige-swisspost","10":"first","11":"outofstock","12":"taxable","13":"shipping-taxable","14":"purchasable","15":"product-type-simple"},"exclude_global_add_ons":[],"addons":[],"brands":[],"_links":{"self":[{"href":"https:\/\/swissmassage.weprocess.dev\/de\/wp-json\/wp\/v2\/product\/15376","targetHints":{"allow":["GET"]}}],"collection":[{"href":"https:\/\/swissmassage.weprocess.dev\/de\/wp-json\/wp\/v2\/product"}],"about":[{"href":"https:\/\/swissmassage.weprocess.dev\/de\/wp-json\/wp\/v2\/types\/product"}],"wp:featuredmedia":[{"embeddable":true,"href":"https:\/\/swissmassage.weprocess.dev\/de\/wp-json\/wp\/v2\/media\/11249"}],"wp:attachment":[{"href":"https:\/\/swissmassage.weprocess.dev\/de\/wp-json\/wp\/v2\/media?parent=15376"}],"wp:term":[{"taxonomy":"pwb-brand","embeddable":true,"href":"https:\/\/swissmassage.weprocess.dev\/de\/wp-json\/wp\/v2\/pwb-brand?post=15376"},{"taxonomy":"product_brand","embeddable":true,"href":"https:\/\/swissmassage.weprocess.dev\/de\/wp-json\/wp\/v2\/product_brand?post=15376"},{"taxonomy":"product_cat","embeddable":true,"href":"https:\/\/swissmassage.weprocess.dev\/de\/wp-json\/wp\/v2\/product_cat?post=15376"},{"taxonomy":"product_tag","embeddable":true,"href":"https:\/\/swissmassage.weprocess.dev\/de\/wp-json\/wp\/v2\/product_tag?post=15376"},{"taxonomy":"product_folder","embeddable":true,"href":"https:\/\/swissmassage.weprocess.dev\/de\/wp-json\/wp\/v2\/product_folder?post=15376"}],"curies":[{"name":"wp","href":"https:\/\/api.w.org\/{rel}","templated":true}]}}