{"id":15375,"date":"2023-05-24T14:42:10","date_gmt":"2023-05-24T12:42:10","guid":{"rendered":"https:\/\/swissmassage.ch\/produit\/tragbarer-vapozone\/"},"modified":"2023-05-24T14:42:10","modified_gmt":"2023-05-24T12:42:10","slug":"tragbarer-vapozone","status":"publish","type":"product","link":"https:\/\/swissmassage.weprocess.dev\/de\/produits\/tragbarer-vapozone\/","title":{"rendered":"Vapozon Tragbar"},"content":{"rendered":"<p>Tragbares Vapozone.<br \/>\nLeichtes, modernes und funktionales Design.<br \/>\nVerstellbarer Kopf und Flasche f\u00fcr \u00e4therische \u00d6le von Dampf und Ozon.  <\/p>\n","protected":false},"excerpt":{"rendered":"<p>Tragbares Vapozone. Leichtes, modernes und funktionales Design. Verstellbarer Kopf und Flasche f\u00fcr \u00e4therische \u00d6le von Dampf und Ozon.<\/p>\n","protected":false},"featured_media":11246,"template":"","meta":{"_seopress_robots_primary_cat":"none","_seopress_titles_title":"","_seopress_titles_desc":"Tragbares Vapozone: leichtes, modernes und funktionales Design mit Drehkopf, Flasche mit \u00e4therischen \u00d6len, Dampffunktion und Ozon f\u00fcr eine optimierte Pflege.","_seopress_robots_index":""},"pwb-brand":[],"product_brand":[],"product_cat":[1332,1357],"product_tag":[],"product_folder":[1020],"class_list":{"0":"post-15375","1":"product","2":"type-product","3":"status-publish","4":"has-post-thumbnail","6":"product_cat-alle-asthetischen-artikel","7":"product_cat-asthetik-vapozonen","9":"first","10":"instock","11":"sale","12":"taxable","13":"shipping-taxable","14":"purchasable","15":"product-type-simple"},"exclude_global_add_ons":[],"addons":[],"brands":[],"_links":{"self":[{"href":"https:\/\/swissmassage.weprocess.dev\/de\/wp-json\/wp\/v2\/product\/15375","targetHints":{"allow":["GET"]}}],"collection":[{"href":"https:\/\/swissmassage.weprocess.dev\/de\/wp-json\/wp\/v2\/product"}],"about":[{"href":"https:\/\/swissmassage.weprocess.dev\/de\/wp-json\/wp\/v2\/types\/product"}],"wp:featuredmedia":[{"embeddable":true,"href":"https:\/\/swissmassage.weprocess.dev\/de\/wp-json\/wp\/v2\/media\/11246"}],"wp:attachment":[{"href":"https:\/\/swissmassage.weprocess.dev\/de\/wp-json\/wp\/v2\/media?parent=15375"}],"wp:term":[{"taxonomy":"pwb-brand","embeddable":true,"href":"https:\/\/swissmassage.weprocess.dev\/de\/wp-json\/wp\/v2\/pwb-brand?post=15375"},{"taxonomy":"product_brand","embeddable":true,"href":"https:\/\/swissmassage.weprocess.dev\/de\/wp-json\/wp\/v2\/product_brand?post=15375"},{"taxonomy":"product_cat","embeddable":true,"href":"https:\/\/swissmassage.weprocess.dev\/de\/wp-json\/wp\/v2\/product_cat?post=15375"},{"taxonomy":"product_tag","embeddable":true,"href":"https:\/\/swissmassage.weprocess.dev\/de\/wp-json\/wp\/v2\/product_tag?post=15375"},{"taxonomy":"product_folder","embeddable":true,"href":"https:\/\/swissmassage.weprocess.dev\/de\/wp-json\/wp\/v2\/product_folder?post=15375"}],"curies":[{"name":"wp","href":"https:\/\/api.w.org\/{rel}","templated":true}]}}