{"id":15368,"date":"2023-05-24T14:42:14","date_gmt":"2023-05-24T12:42:14","guid":{"rendered":"https:\/\/swissmassage.ch\/produit\/asthetischer-rollwagen-white-glass\/"},"modified":"2023-05-24T14:42:14","modified_gmt":"2023-05-24T12:42:14","slug":"asthetischer-rollwagen-white-glass","status":"publish","type":"product","link":"https:\/\/swissmassage.weprocess.dev\/de\/produits\/asthetischer-rollwagen-white-glass\/","title":{"rendered":"3-stufiger \u00e4sthetischer Rollwagen aus wei\u00dfem Glas"},"content":{"rendered":"<h2>3-st\u00f6ckiger \u00e4sthetischer Rollwagen aus wei\u00dfem Glas.<\/h2>\n<p>  Design aus reinem wei\u00dfem Glas.<br \/>\nIdeal f\u00fcr Kosmetikerinnen, die eine Kabine mit einem modernen und reinen Look sch\u00e4tzen.<br \/>\nMa\u00dfe: H\u00f6he 80 cm, Breite 53,5 cm, Tiefe 43 cm.<br \/>\nIn der ganzen Schweiz verf\u00fcgbar.<br \/>\nOder bringen Sie es direkt in unsere Werkstatt.    <\/p>\n","protected":false},"excerpt":{"rendered":"<p>3-st\u00f6ckiger \u00e4sthetischer Rollwagen aus wei\u00dfem Glas. Design aus reinem wei\u00dfem Glas. Ideal f\u00fcr Kosmetikerinnen, die eine Kabine mit einem modernen und reinen Look sch\u00e4tzen. Ma\u00dfe: H\u00f6he 80 cm, Breite 53,5 cm, Tiefe 43 cm. In der ganzen Schweiz verf\u00fcgbar. Oder bringen Sie es direkt in unsere Werkstatt.<\/p>\n","protected":false},"featured_media":15370,"template":"","meta":{"_seopress_robots_primary_cat":"none","_seopress_titles_title":"","_seopress_titles_desc":"3-st\u00f6ckiger \u00e4sthetischer Rollwagen aus wei\u00dfem Glas. Ideal f\u00fcr Kosmetikerinnen, die eine Kabine mit einem modernen und reinen Look sch\u00e4tzen. ","_seopress_robots_index":""},"pwb-brand":[],"product_brand":[],"product_cat":[1332,1333,1351,1386],"product_tag":[1440,1442],"product_folder":[1022],"class_list":{"0":"post-15368","1":"product","2":"type-product","3":"status-publish","4":"has-post-thumbnail","6":"product_cat-alle-asthetischen-artikel","7":"product_cat-alle-spa-beauty-produkte","8":"product_cat-asthetik-beistellwagen","9":"product_cat-service-boy-spa-de","10":"product_tag-asthetisch","11":"product_tag-rollwagen","12":"product_shipping_class-sperrige-swisspost","14":"first","15":"instock","16":"taxable","17":"shipping-taxable","18":"purchasable","19":"product-type-simple"},"exclude_global_add_ons":[],"addons":[],"brands":[],"_links":{"self":[{"href":"https:\/\/swissmassage.weprocess.dev\/de\/wp-json\/wp\/v2\/product\/15368","targetHints":{"allow":["GET"]}}],"collection":[{"href":"https:\/\/swissmassage.weprocess.dev\/de\/wp-json\/wp\/v2\/product"}],"about":[{"href":"https:\/\/swissmassage.weprocess.dev\/de\/wp-json\/wp\/v2\/types\/product"}],"wp:featuredmedia":[{"embeddable":true,"href":"https:\/\/swissmassage.weprocess.dev\/de\/wp-json\/wp\/v2\/media\/15370"}],"wp:attachment":[{"href":"https:\/\/swissmassage.weprocess.dev\/de\/wp-json\/wp\/v2\/media?parent=15368"}],"wp:term":[{"taxonomy":"pwb-brand","embeddable":true,"href":"https:\/\/swissmassage.weprocess.dev\/de\/wp-json\/wp\/v2\/pwb-brand?post=15368"},{"taxonomy":"product_brand","embeddable":true,"href":"https:\/\/swissmassage.weprocess.dev\/de\/wp-json\/wp\/v2\/product_brand?post=15368"},{"taxonomy":"product_cat","embeddable":true,"href":"https:\/\/swissmassage.weprocess.dev\/de\/wp-json\/wp\/v2\/product_cat?post=15368"},{"taxonomy":"product_tag","embeddable":true,"href":"https:\/\/swissmassage.weprocess.dev\/de\/wp-json\/wp\/v2\/product_tag?post=15368"},{"taxonomy":"product_folder","embeddable":true,"href":"https:\/\/swissmassage.weprocess.dev\/de\/wp-json\/wp\/v2\/product_folder?post=15368"}],"curies":[{"name":"wp","href":"https:\/\/api.w.org\/{rel}","templated":true}]}}