{"id":15367,"date":"2023-05-24T14:42:40","date_gmt":"2023-05-24T12:42:40","guid":{"rendered":"https:\/\/swissmassage.ch\/produit\/klappbare-massageliege-modell-body\/"},"modified":"2025-12-14T18:57:30","modified_gmt":"2025-12-14T17:57:30","slug":"klappbare-massageliege-modell-body","status":"publish","type":"product","link":"https:\/\/swissmassage.weprocess.dev\/de\/produits\/klappbare-massageliege-modell-body\/","title":{"rendered":"Klappbare Massageliege Modell Body"},"content":{"rendered":"<h2>Beschreibung der Body Model Massageliege:<\/h2>\n<p><span style=\"font-size: 10pt;\">Die Massageliege Modell Body ist das Ergebnis, das alle Entwicklungen der letzten 10 Jahre an den Swissmassage-Massageliegen vereint. Jedes Element entspricht einem spezifischen Wunsch der Therapeuten, die durch ihre Erfahrung an der Entwicklung unserer Ger\u00e4te beteiligt sind. Sein Design folgt der Entwicklung der Massagetechniken und der des menschlichen K\u00f6rpers, die sich in einigen Jahren stark ver\u00e4ndert hat, insbesondere in Bezug auf die K\u00f6rpergr\u00f6\u00dfe der Menschen und die Schulterbreiten der M\u00e4nner.   <\/span><span style=\"font-size: 10pt;\">Diese Entwicklungen haben zur Verwendung von 8 cm Schaumstoff gef\u00fchrt, der maximalen Komfort bietet und gleichzeitig die Reaktion beibeh\u00e4lt, die Massagetechniken erfordern.<br \/>\nEine h\u00f6here Schaumdicke w\u00fcrde den Komfort nicht wirklich erh\u00f6hen, sondern die Arbeit des Masseurs erschweren.   <\/span><span style=\"font-size: 10pt;\">Die Verwendung der Polyurethan-Beschichtung zeichnet sich durch Flexibilit\u00e4t, Festigkeit und Zuverl\u00e4ssigkeit aus.<br \/>\nEs tr\u00e4gt zum Wohlbefinden bei, stellt die Eigenschaften des Schaums vollst\u00e4ndig wieder her und f\u00fchrt den Patienten zur Entspannung, um die Aus\u00fcbung der Massage zu erleichtern.   <\/span><span style=\"font-size: 10pt;\">Seine Abmessungen von 195\/74 cm an den Schultern und 68 cm am Becken erm\u00f6glichen die Unterbringung von Patienten aller Gr\u00f6\u00dfen, wobei der Therapeut weniger m\u00fcde wird, da er n\u00e4her am Patienten ist.  <\/span><span style=\"font-size: 10pt;\">Es \u00f6ffnet oder schlie\u00dft sich m\u00fchelos in 10 Sekunden, da es einfach zu handhaben ist.  <\/span><span style=\"font-size: 10pt;\">  Die Kopfst\u00fctze verf\u00fcgt \u00fcber ein ergonomisches Gesichtspolster und eine Armlehne, sie ist h\u00f6henverstellbar und verstellbar, sie kann auch als Kopfst\u00fctze oder als 25 cm lange Verl\u00e4ngerung verwendet werden, um eine Gesamtl\u00e4nge von 220 cm zu erreichen.  <\/span><span style=\"font-size: 10pt;\">  Die R\u00fcckenlehne kann in 10 Positionen angehoben werden, von der niedrigsten f\u00fcr die Behandlung der Beine, da sie den ven\u00f6sen R\u00fcckfluss erleichtert, \u00fcber die h\u00f6chste sitzende Position f\u00fcr die Aus\u00fcbung der Hypnose bis hin zu den Zwischenpositionen f\u00fcr die Sch\u00e4delmassage.<br \/>\nEs ist mit einem Gesichtsloch ausgestattet, das seine Vielseitigkeit f\u00fcr die Praxis von Knochensetzerbehandlungen erh\u00f6ht.   <\/span><span style=\"font-size: 10pt;\">  Die Wahl von Buchenholz ist f\u00fcr die Herstellung von Massageliegen notwendig, da die harten und kompakten Fasern des Holzes die Steifigkeit erh\u00f6hen, ohne das Gesamtgewicht der Liege von 19 kg zu belasten, sie kann bis zu 200 kg tragen.  <\/span><span style=\"font-size: 10pt;\">Die H\u00f6he der Beine kann leicht von 65 cm bis 85 cm eingestellt werden, sie enden mit Gummiprotektoren, um den Kontakt mit dem Boden zu mildern und ein Ausrutschen zu verhindern.  <\/span><span style=\"font-size: 10pt;\">  Es ist mit Holzpaneelen vom Typ Reiki ausgestattet, die mit der Praxis der Fu\u00dfreflexzonenmassage kompatibel sind.  <\/span><span style=\"font-size: 10pt;\">  Die Materialien, die f\u00fcr die Herstellung und das Design verwendet werden, entsprechen der Spitzenklasse der Massageliegen.  <\/span><span style=\"font-size: 10pt;\">Es eignet sich besonders f\u00fcr Massagen, Fu\u00dfreflexzonenmassage, Kinesiologie, Hypnose, \u00e4sthetische K\u00f6rperbehandlungen, Haarentfernung, Gesichtsbehandlungen, Lymphdrainagen.<\/span><\/p>\n<p><span style=\"font-size: 10pt;\">Swissmassage ist eine eingetragene Marke, die Ihnen die Garantie f\u00fcr Seriosit\u00e4t und Nachverfolgung w\u00e4hrend Ihrer gesamten T\u00e4tigkeit bietet.  <\/span><span style=\"font-size: 10pt;\">Unsere Werkstatt verf\u00fcgt \u00fcber Ersatzteile.<br \/>\nIm Falle von Wartungs- oder Reparaturarbeiten stellen wir Ihnen eine weitere Massageliege zur Verf\u00fcgung.<br \/>\nWir freuen uns, Sie nach Vereinbarung auf unserer Messe in Monthey begr\u00fc\u00dfen zu d\u00fcrfen, damit Sie unsere Ger\u00e4te testen und direkt zum Mitnehmen oder \u00fcber unseren Webshop kaufen k\u00f6nnen.    <\/span><\/p>\n<h2>Technische Zusammenfassung der Massageliege Modell Body.<\/h2>\n<p><span style=\"font-size: 10pt;\">Extrem weiche und starke wei\u00dfe Polyurethan-Beschichtung. <\/span><span style=\"font-size: 10pt;\">Schaumstoff garantiert zus\u00e4tzlichen Komfort <span style=\"color: #000000;\">8 cm <\/span>dick. <\/span> <span style=\"font-size: 10pt;\">Struktur aus edlem Buchenholz, leicht und massiv.  <\/span><span style=\"font-size: 10pt;\">Ideale Ma\u00dfe: L\u00e4nge 195 cm, Breite 68 cm, Mitte 74 cm an den Schultern.  <\/span><span style=\"font-size: 10pt;\">Massageliege h\u00f6henverstellbar von 65cm bis 85cm.  <\/span><span style=\"font-size: 10pt;\">Gewicht der Massageliege Body: 19,5 kg <\/span><span style=\"font-size: 10pt;\">Verstellbare R\u00fcckenlehne in 10 Positionen.  <\/span><span style=\"font-size: 10pt;\">Komfortables Gesichtsloch mit abnehmbarer Kappe.  <\/span><span style=\"font-size: 10pt;\">2 Reiki-Paneele f\u00fcr den Komfort des Therapeuten.  <\/span><span style=\"font-size: 10pt;\">Sehr stark auch f\u00fcr korpulente Patienten, tr\u00e4gt es 200 kg an Wirkstoffen.  <\/span><span style=\"font-size: 10pt;\">Einfach zu handhaben, in 10 Sekunden zu \u00f6ffnen und zu schlie\u00dfen.  <\/span><span style=\"font-size: 10pt;\">Tragegriffe im Koffermodus.  <\/span><span style=\"font-size: 10pt;\">Neigbare Kopfst\u00fctze auf 2 Achsen, auf beiden Seiten der Massageliege nutzbar.  <\/span><span style=\"font-size: 10pt;\">Sehr weiches Gesichtspolster auf Velcro f\u00fcr pr\u00e4zise Einstellung.  <\/span><span style=\"font-size: 10pt;\">Legt die Arme unter die Kopfst\u00fctze, entlastet das Gesicht.  <\/span><span style=\"font-size: 10pt;\">Aufbewahrung von Zubeh\u00f6r in der Massageliege.  <\/span><span style=\"font-size: 10pt;\">Vibrame-Gummif\u00fc\u00dfe, Garantie f\u00fcr Stabilit\u00e4t.<\/span><span style=\"font-size: 10pt;\"><br \/>\n<\/span><\/p>\n","protected":false},"excerpt":{"rendered":"<p>Beschreibung der Body Model Massageliege: Die Massageliege Modell Body ist das Ergebnis, das alle Entwicklungen der letzten 10 Jahre an den Swissmassage-Massageliegen vereint. Jedes Element entspricht einem spezifischen Wunsch der Therapeuten, die durch ihre Erfahrung an der Entwicklung unserer Ger\u00e4te beteiligt sind. Sein Design folgt der Entwicklung der Massagetechniken und der des menschlichen K\u00f6rpers, die&hellip;<\/p>\n","protected":false},"featured_media":15271,"template":"","meta":{"_seopress_robots_primary_cat":"none","_seopress_titles_title":"","_seopress_titles_desc":"In der Massageliege Modell Body sind alle Entwicklungen enthalten, die in den letzten 10 Jahren an den Massageliegen von Swissmassage gemacht wurden.","_seopress_robots_index":""},"pwb-brand":[],"product_brand":[],"product_cat":[1330,1367],"product_tag":[1479,1553,1435,1443,1478],"product_folder":[993],"class_list":{"0":"post-15367","1":"product","2":"type-product","3":"status-publish","4":"has-post-thumbnail","6":"product_cat-alle-massageliegen-massage-ausstattungen","7":"product_cat-klappbare-massageliegen","8":"product_tag-klappbare-massageliege","9":"product_tag-klappbare-massageliegen","10":"product_tag-massage-de","11":"product_tag-massageliege","12":"product_tag-tragbare-massageliege","13":"product_shipping_class-sperrige-swisspost","15":"first","16":"instock","17":"sale","18":"taxable","19":"shipping-taxable","20":"purchasable","21":"product-type-simple"},"exclude_global_add_ons":false,"addons":[{"name":"Option mit Tragetasche","type":"multiple_choice","position":0,"required":false,"title_format":"label","description_enable":false,"description":null,"placeholder_enable":false,"placeholder":null,"display":"images","restrictions_type":"any_text","adjust_price":false,"price":"","price_type":"flat_fee","restrictions":false,"min":0,"max":0,"options":[{"label":"Mit Transportkoffer","price":"60","price_type":"flat_fee","image":2621}],"id":1720447562},{"name":"Option f\u00fcr einen sch\u00fctzenden Papierspender","type":"multiple_choice","position":1,"required":false,"title_format":"label","description_enable":false,"description":null,"placeholder_enable":false,"placeholder":null,"display":"images","restrictions_type":"any_text","adjust_price":false,"price":"","price_type":"flat_fee","restrictions":false,"min":0,"max":0,"options":[{"label":"Mit sch\u00fctzendem Papierspender","price":"50","price_type":"flat_fee","image":2573}],"id":1720447563}],"brands":[],"_links":{"self":[{"href":"https:\/\/swissmassage.weprocess.dev\/de\/wp-json\/wp\/v2\/product\/15367","targetHints":{"allow":["GET"]}}],"collection":[{"href":"https:\/\/swissmassage.weprocess.dev\/de\/wp-json\/wp\/v2\/product"}],"about":[{"href":"https:\/\/swissmassage.weprocess.dev\/de\/wp-json\/wp\/v2\/types\/product"}],"wp:featuredmedia":[{"embeddable":true,"href":"https:\/\/swissmassage.weprocess.dev\/de\/wp-json\/wp\/v2\/media\/15271"}],"wp:attachment":[{"href":"https:\/\/swissmassage.weprocess.dev\/de\/wp-json\/wp\/v2\/media?parent=15367"}],"wp:term":[{"taxonomy":"pwb-brand","embeddable":true,"href":"https:\/\/swissmassage.weprocess.dev\/de\/wp-json\/wp\/v2\/pwb-brand?post=15367"},{"taxonomy":"product_brand","embeddable":true,"href":"https:\/\/swissmassage.weprocess.dev\/de\/wp-json\/wp\/v2\/product_brand?post=15367"},{"taxonomy":"product_cat","embeddable":true,"href":"https:\/\/swissmassage.weprocess.dev\/de\/wp-json\/wp\/v2\/product_cat?post=15367"},{"taxonomy":"product_tag","embeddable":true,"href":"https:\/\/swissmassage.weprocess.dev\/de\/wp-json\/wp\/v2\/product_tag?post=15367"},{"taxonomy":"product_folder","embeddable":true,"href":"https:\/\/swissmassage.weprocess.dev\/de\/wp-json\/wp\/v2\/product_folder?post=15367"}],"curies":[{"name":"wp","href":"https:\/\/api.w.org\/{rel}","templated":true}]}}