{"id":15366,"date":"2023-05-24T14:43:02","date_gmt":"2023-05-24T14:43:02","guid":{"rendered":"https:\/\/swissmassage.ch\/produit\/tragbare-massageliege-modell-relax\/"},"modified":"2023-05-24T14:43:02","modified_gmt":"2023-05-24T12:43:02","slug":"tragbare-massageliege-modell-relax","status":"publish","type":"product","link":"https:\/\/swissmassage.weprocess.dev\/de\/produits\/tragbare-massageliege-modell-relax\/","title":{"rendered":"Tragbare Massageliege Modell Relax"},"content":{"rendered":"<h2>Beschreibung der tragbaren Massageliege Modell Relax:<\/h2>\n<p>  Die tragbare Massageliege Relax ist ein High-End-Ger\u00e4t, das wie andere Swissmassage-Liegen das beste Preis-Leistungs-Verh\u00e4ltnis bietet.<br \/>\nSein n\u00fcchterner und praktischer Look vereint Eleganz, Wendigkeit und Tragbarkeit.<br \/>\nSein besonders bequemer 8-cm-Schaumstoff stellt das maximale Wohlbefinden wieder her und beh\u00e4lt gleichzeitig die Festigkeit und Reaktion, um die Massagepraxis genau auszurichten.<br \/>\nDie wei\u00dfe Polyurethan-Beschichtung ist geschmeidig und fest.<br \/>\nEs tr\u00e4gt zum Komfortgef\u00fchl bei, indem es die Eigenschaften des Schaums vollst\u00e4ndig wiederherstellt.<br \/>\nSeine Abmessungen wurden untersucht, um den Anforderungen der Therapeuten und der k\u00f6rperlichen Entwicklung der Patienten gerecht zu werden.<br \/>\nEr ist leicht zu handhaben, \u00f6ffnet oder schlie\u00dft sich m\u00fchelos in 10 Sekunden, dank seiner weichen Griffe in der Hebelarmtechnik.<br \/>\nSeine verstellbare Kopfst\u00fctze, bestehend aus dem ergonomischen Gesichtskissen und der Armlehne, die den Druck auf das Gesicht entlasten, wenn der Patient beispielsweise eine R\u00fcckenmassage erh\u00e4lt.<br \/>\nEs kann auch als Kopfst\u00fctze und als 25 cm lange Verl\u00e4ngerung f\u00fcr gro\u00dfe Patienten verwendet werden.<br \/>\nSie wird direkt im Inneren der Massageliege reduziert.<br \/>\nDas Modell Relax kann einfach in der mitgelieferten Tragetasche verstaut werden, die mit Griffen und einem verstellbaren Schultergurt f\u00fcr einen einfachen Transport ausgestattet ist.<br \/>\nDie Wahl des edlen Buchenholzes liegt auf der Hand.<br \/>\nEr strukturiert das Gestell und die Beine der Massageliege.<br \/>\nDie harten, kompakten Fasern erh\u00f6hen die Steifigkeit, ohne das Gewicht um 15 kg zu erh\u00f6hen.<br \/>\nDurch seinen Holzrahmen kann die Massageliege ein Gewicht von 200 kg tragen.<br \/>\nDie F\u00fc\u00dfe verstellen die H\u00f6he der Massageliege von 65 cm bis 86 cm, sie enden in vibramischen Gummiunterschenkeln, die auch bei einer starken Massage ein Verrutschen verhindern.<br \/>\nDie Massageliege Relax ist das Ergebnis der Entwicklung und Erfahrung, die seit der Gr\u00fcndung der Firma Swissmassage im Jahr 2005 geerbt wurde, sie ist eines der Ger\u00e4te, die zu unserem ausgezeichneten Ruf beitragen.<br \/>\nEs zeichnet sich durch seine Abmessungen 72 cm breit, 185 cm lang + 25 cm f\u00fcr die verstellbare Kopfst\u00fctze aus, die den Bed\u00fcrfnissen von Wandertherapeuten entsprechen, die Sportler verfolgen oder zu ihnen nach Hause gehen.<br \/>\nEs ist auch sehr beliebt bei Therapeuten, die in B\u00fcros praktizieren.<br \/>\nDie Materialien, die f\u00fcr die Herstellung und das Design verwendet werden, entsprechen den High-End-Standards von tragbaren Massageliegen.                    Swissmassage ist eine eingetragene Marke, die Ihnen die Garantie f\u00fcr Seriosit\u00e4t und Nachverfolgung w\u00e4hrend Ihrer gesamten T\u00e4tigkeit bietet. Unsere Werkstatt verf\u00fcgt \u00fcber alle Ersatzteile. Im Falle von Wartungs- oder Reparaturarbeiten stellen wir eine weitere Massageliege zur Verf\u00fcgung.  <\/p>\n<h2>Technische Zusammenfassung Massageliege Modell Relax:<strong><br \/>\n<\/strong><\/h2>\n<p> Extrem weiche und starke wei\u00dfe Polyurethan-Beschichtung. Schaumstoff garantiert zus\u00e4tzlichen Komfort <span style=\"color: #bc0f4d;\">8 cm<\/span> dick. Struktur aus edlem Buchenholz, leicht und massiv. Ideale Abmessungen 185 cm lang und 72 cm breit. Massageliege h\u00f6henverstellbar von 65cm bis 85cm. Gewicht der Relax-Massageliege 15 kg 2 Reiki-Platten f\u00fcr den Komfort des Therapeuten. Sehr stark auch f\u00fcr korpulente Patienten, tr\u00e4gt es 200 kg an Wirkstoffen. Einfach zu handhaben, in 10 Sekunden zu \u00f6ffnen und zu schlie\u00dfen. Tragegriffe im Koffermodus. Inklusive Tragetasche.<br \/>\nNeigbare Kopfst\u00fctze auf 2 Achsen, auf beiden Seiten der Massageliege nutzbar.<br \/>\nSehr weiches Gesichtspolster, das auf einem Velcro montiert ist, um eine pr\u00e4zise Einstellung zu erm\u00f6glichen.<br \/>\nLegt die Arme unter die Kopfst\u00fctze, entlastet das Gesicht.    Aufbewahrung von Zubeh\u00f6r in der Massageliege. Vibrame-Gummif\u00fc\u00dfe, Garantie f\u00fcr Stabilit\u00e4t.<\/p>\n","protected":false},"excerpt":{"rendered":"<p>Beschreibung der tragbaren Massageliege Modell Relax: Die tragbare Massageliege Relax ist ein High-End-Ger\u00e4t, das wie andere Swissmassage-Liegen das beste Preis-Leistungs-Verh\u00e4ltnis bietet. Sein n\u00fcchterner und praktischer Look vereint Eleganz, Wendigkeit und Tragbarkeit. Sein besonders bequemer 8-cm-Schaumstoff stellt das maximale Wohlbefinden wieder her und beh\u00e4lt gleichzeitig die Festigkeit und Reaktion, um die Massagepraxis genau auszurichten. Die wei\u00dfe&hellip;<\/p>\n","protected":false},"featured_media":11327,"template":"","meta":{"_seopress_robots_primary_cat":"none","_seopress_titles_title":"","_seopress_titles_desc":"Die tragbare Massageliege Relax ist ein High-End-Ger\u00e4t, das wie andere Swissmassage-Liegen das beste Preis-Leistungs-Verh\u00e4ltnis bietet.","_seopress_robots_index":""},"pwb-brand":[],"product_brand":[],"product_cat":[1330,1367],"product_tag":[1479,1553,1435,1443,1478],"product_folder":[993],"class_list":{"0":"post-15366","1":"product","2":"type-product","3":"status-publish","4":"has-post-thumbnail","6":"product_cat-alle-massageliegen-massage-ausstattungen","7":"product_cat-klappbare-massageliegen","8":"product_tag-klappbare-massageliege","9":"product_tag-klappbare-massageliegen","10":"product_tag-massage-de","11":"product_tag-massageliege","12":"product_tag-tragbare-massageliege","13":"product_shipping_class-sperrige-swisspost","15":"first","16":"instock","17":"sale","18":"taxable","19":"shipping-taxable","20":"purchasable","21":"product-type-simple"},"exclude_global_add_ons":[],"addons":[],"brands":[],"_links":{"self":[{"href":"https:\/\/swissmassage.weprocess.dev\/de\/wp-json\/wp\/v2\/product\/15366","targetHints":{"allow":["GET"]}}],"collection":[{"href":"https:\/\/swissmassage.weprocess.dev\/de\/wp-json\/wp\/v2\/product"}],"about":[{"href":"https:\/\/swissmassage.weprocess.dev\/de\/wp-json\/wp\/v2\/types\/product"}],"wp:featuredmedia":[{"embeddable":true,"href":"https:\/\/swissmassage.weprocess.dev\/de\/wp-json\/wp\/v2\/media\/11327"}],"wp:attachment":[{"href":"https:\/\/swissmassage.weprocess.dev\/de\/wp-json\/wp\/v2\/media?parent=15366"}],"wp:term":[{"taxonomy":"pwb-brand","embeddable":true,"href":"https:\/\/swissmassage.weprocess.dev\/de\/wp-json\/wp\/v2\/pwb-brand?post=15366"},{"taxonomy":"product_brand","embeddable":true,"href":"https:\/\/swissmassage.weprocess.dev\/de\/wp-json\/wp\/v2\/product_brand?post=15366"},{"taxonomy":"product_cat","embeddable":true,"href":"https:\/\/swissmassage.weprocess.dev\/de\/wp-json\/wp\/v2\/product_cat?post=15366"},{"taxonomy":"product_tag","embeddable":true,"href":"https:\/\/swissmassage.weprocess.dev\/de\/wp-json\/wp\/v2\/product_tag?post=15366"},{"taxonomy":"product_folder","embeddable":true,"href":"https:\/\/swissmassage.weprocess.dev\/de\/wp-json\/wp\/v2\/product_folder?post=15366"}],"curies":[{"name":"wp","href":"https:\/\/api.w.org\/{rel}","templated":true}]}}