{"id":15364,"date":"2023-05-24T14:42:49","date_gmt":"2023-05-24T12:42:49","guid":{"rendered":"https:\/\/swissmassage.ch\/produit\/klappbare-massageliege-modell-select\/"},"modified":"2025-12-09T13:23:01","modified_gmt":"2025-12-09T12:23:01","slug":"klappbare-massageliege-modell-select","status":"publish","type":"product","link":"https:\/\/swissmassage.weprocess.dev\/de\/produits\/klappbare-massageliege-modell-select\/","title":{"rendered":"Klappbare Massageliege Modell Select"},"content":{"rendered":"<h2><strong>Beschreibung der Massageliege Select Model:<\/strong><\/h2>\n<p>  Die Massageliege Select ist breiter als die Standard-Massageliegen.<br \/>\nEs eignet sich besonders f\u00fcr Fu\u00dfreflexzonenmassage, Kinesiologie, Hypnose, K\u00f6rperpflege, Haarentfernungs\u00e4sthetik, Gesichtsbehandlungen, Lymphdrainagen, klassische Massagen, tibetische Schalentechniken, da es in seiner Breite mehr Platz bietet.<br \/>\nDie Verwendung von 8 cm Schaumstoff bietet maximalen Komfort bei gleichzeitiger Beibehaltung der Reaktion, die die Massagetechniken erfordern.<br \/>\nEine h\u00f6here Dicke w\u00fcrde den Komfort des Patienten nicht erh\u00f6hen, sondern die Arbeit des Masseurs erschweren, da kein Responder vorhanden ist.<br \/>\nDie Polyurethan-Beschichtung zeichnet die Swissmassage-Liegen f\u00fcr ihre Flexibilit\u00e4t, Festigkeit und Zuverl\u00e4ssigkeit aus.<br \/>\nEs tr\u00e4gt zum Wohlbefinden bei, indem es die Eigenschaften des Schaums wiederherstellt.<br \/>\nSeine Abmessungen von 195 x 76 cm bieten Platz f\u00fcr Patienten aller Gr\u00f6\u00dfen, insbesondere f\u00fcr \u00e4ltere Menschen.<br \/>\nEs \u00f6ffnet oder schlie\u00dft sich m\u00fchelos in 10 Sekunden, da es einfach zu handhaben ist.<br \/>\nDie Kopfst\u00fctze verf\u00fcgt \u00fcber ein ergonomisches Gesichtspolster und eine Armlehne, sie ist h\u00f6henverstellbar und verstellbar, sie kann auch als Kopfst\u00fctze oder als 25 cm lange Verl\u00e4ngerung verwendet werden, um eine Gesamtl\u00e4nge von 210 cm zu erreichen.<br \/>\nDie R\u00fcckenlehne kann f\u00fcr die Behandlung der Beine auf 10 Positionen angehoben werden, da sie den ven\u00f6sen R\u00fcckfluss erleichtert, die halbsitzende Position f\u00fcr die Aus\u00fcbung von Hypnose oder Kinesiologie.<br \/>\nEs ist mit einem Gesichtsloch ausgestattet, das die Vielseitigkeit f\u00fcr die Aus\u00fcbung von R\u00fcckenbehandlungen erh\u00f6ht.<br \/>\nDie Wahl von Buchenholz erh\u00f6ht die Steifigkeit, ohne das Gesamtgewicht des Tisches von 19,5 kg zu belasten und bis zu 200 kg zu tragen.<br \/>\nDie H\u00f6he l\u00e4sst sich leicht von 65 cm bis 85 cm verstellen, die F\u00fc\u00dfe enden in Gummiprotektoren, die den Kontakt mit dem Boden weicher machen und ein Verrutschen verhindern.<br \/>\nEs ist mit Holzpaneelen vom Typ Reiki ausgestattet, die mit der Praxis der Fu\u00dfreflexzonenmassage kompatibel sind.<br \/>\nEs ist die Spitze der Massageliegen in Bezug auf seine Abmessungen und Herstellungsmaterialien.<br \/>\nSwissmassage ist eine eingetragene Marke, die Ihnen die Garantie f\u00fcr Seriosit\u00e4t und Nachverfolgung w\u00e4hrend Ihrer gesamten T\u00e4tigkeit bietet.<br \/>\nWir haben Ersatzteile.<br \/>\nIm Falle von Wartungs- oder Reparaturarbeiten steht eine weitere Massageliege zur Verf\u00fcgung.<br \/>\nWir freuen uns, Sie nach Vereinbarung in unserem Showroom in Monthey begr\u00fc\u00dfen zu d\u00fcrfen, damit Sie unsere Ger\u00e4te testen und direkt kaufen k\u00f6nnen, wenn es Ihnen passt, um sie noch am selben Tag oder \u00fcber unseren Webshop abzuholen.                    <\/p>\n<h2><span style=\"font-size: 10pt;\"><span style=\"font-size: 16px;\">Technische Zusammenfassung der Massageliege Select Model:<\/span><strong><br \/>\n<\/strong><\/span><\/h2>\n<p>  Erh\u00e4ltlich in der ganzen Schweiz, oder nach Vereinbarung in unserem Showroom zum Testen.<br \/>\nExtrem weiche und starke wei\u00dfe Polyurethan-Beschichtung.  Garantierter Schaumstoff mit hoher Dichte von<span style=\"color: #bc0f4d;\"> 8 cm<\/span> Dicke. Struktur aus edlem Buchenholz, leicht und massiv. Ideale Abmessungen 195 cm lang und 76 cm breit. Massageliege h\u00f6henverstellbar von 65cm bis 85cm. Gewicht der Select Massageliege 19,5 kg Anhebbare R\u00fcckenlehne, in 10 Positionen verstellbar.<br \/>\nKomfortables Gesichtsloch mit abnehmbarer Kappe.  2 Reiki-Paneele f\u00fcr den Komfort des Therapeuten. Sehr stark auch f\u00fcr korpulente Patienten, tr\u00e4gt es 200 kg an Wirkstoffen. Einfach zu handhaben, in 10 Sekunden zu \u00f6ffnen und zu schlie\u00dfen. Tragegriffe im Koffermodus. Neigbare Kopfst\u00fctze auf 2 Achsen, auf beiden Seiten der Massageliege nutzbar.<br \/>\nNeben der erh\u00f6hten R\u00fcckenlehne kann der Patient den Kopf auch im Sitzen ablegen.<br \/>\nSehr weiches Gesichtspolster, das auf einem Velcro montiert ist, um eine pr\u00e4zise Einstellung zu erm\u00f6glichen.<br \/>\nLegt die Arme unter die Kopfst\u00fctze, entlastet das Gesicht.    Aufbewahrung von Zubeh\u00f6r in der Massageliege. Vibrame-Gummif\u00fc\u00dfe, Garantie f\u00fcr Stabilit\u00e4t.<\/p>\n","protected":false},"excerpt":{"rendered":"<p>Beschreibung der Massageliege Select Model: Die Massageliege Select ist breiter als die Standard-Massageliegen. Es eignet sich besonders f\u00fcr Fu\u00dfreflexzonenmassage, Kinesiologie, Hypnose, K\u00f6rperpflege, Haarentfernungs\u00e4sthetik, Gesichtsbehandlungen, Lymphdrainagen, klassische Massagen, tibetische Schalentechniken, da es in seiner Breite mehr Platz bietet. Die Verwendung von 8 cm Schaumstoff bietet maximalen Komfort bei gleichzeitiger Beibehaltung der Reaktion, die die Massagetechniken erfordern.&hellip;<\/p>\n","protected":false},"featured_media":15365,"template":"","meta":{"_seopress_robots_primary_cat":"none","_seopress_titles_title":"","_seopress_titles_desc":"Die Massageliege Select ist breiter als die Standard-Massageliegen.\nEntdecken Sie es mit wenigen Klicks! ","_seopress_robots_index":""},"pwb-brand":[],"product_brand":[],"product_cat":[1330,1367,1321],"product_tag":[1479,1553,1435,1443,1478],"product_folder":[993],"class_list":{"0":"post-15364","1":"product","2":"type-product","3":"status-publish","4":"has-post-thumbnail","6":"product_cat-alle-massageliegen-massage-ausstattungen","7":"product_cat-klappbare-massageliegen","8":"product_cat-unkategorisiert","9":"product_tag-klappbare-massageliege","10":"product_tag-klappbare-massageliegen","11":"product_tag-massage-de","12":"product_tag-massageliege","13":"product_tag-tragbare-massageliege","14":"product_shipping_class-sperrige-swisspost","16":"first","17":"instock","18":"sale","19":"taxable","20":"shipping-taxable","21":"purchasable","22":"product-type-simple"},"exclude_global_add_ons":false,"addons":[{"name":"Option mit Tragetasche","type":"multiple_choice","position":0,"required":false,"title_format":"label","description_enable":false,"description":null,"placeholder_enable":false,"placeholder":null,"display":"images","restrictions_type":"any_text","adjust_price":false,"price":"","price_type":"flat_fee","restrictions":false,"min":0,"max":0,"options":[{"label":"Mit Transportkoffer","price":"60","price_type":"flat_fee","image":2621}],"id":1720447913},{"name":"Option f\u00fcr einen sch\u00fctzenden Papierspender","type":"multiple_choice","position":1,"required":false,"title_format":"label","description_enable":false,"description":null,"placeholder_enable":false,"placeholder":null,"display":"images","restrictions_type":"any_text","adjust_price":false,"price":"","price_type":"flat_fee","restrictions":false,"min":0,"max":0,"options":[{"label":"Mit sch\u00fctzendem Papierspender","price":"50","price_type":"flat_fee","image":2573}],"id":1720447914}],"brands":[],"_links":{"self":[{"href":"https:\/\/swissmassage.weprocess.dev\/de\/wp-json\/wp\/v2\/product\/15364","targetHints":{"allow":["GET"]}}],"collection":[{"href":"https:\/\/swissmassage.weprocess.dev\/de\/wp-json\/wp\/v2\/product"}],"about":[{"href":"https:\/\/swissmassage.weprocess.dev\/de\/wp-json\/wp\/v2\/types\/product"}],"wp:featuredmedia":[{"embeddable":true,"href":"https:\/\/swissmassage.weprocess.dev\/de\/wp-json\/wp\/v2\/media\/15365"}],"wp:attachment":[{"href":"https:\/\/swissmassage.weprocess.dev\/de\/wp-json\/wp\/v2\/media?parent=15364"}],"wp:term":[{"taxonomy":"pwb-brand","embeddable":true,"href":"https:\/\/swissmassage.weprocess.dev\/de\/wp-json\/wp\/v2\/pwb-brand?post=15364"},{"taxonomy":"product_brand","embeddable":true,"href":"https:\/\/swissmassage.weprocess.dev\/de\/wp-json\/wp\/v2\/product_brand?post=15364"},{"taxonomy":"product_cat","embeddable":true,"href":"https:\/\/swissmassage.weprocess.dev\/de\/wp-json\/wp\/v2\/product_cat?post=15364"},{"taxonomy":"product_tag","embeddable":true,"href":"https:\/\/swissmassage.weprocess.dev\/de\/wp-json\/wp\/v2\/product_tag?post=15364"},{"taxonomy":"product_folder","embeddable":true,"href":"https:\/\/swissmassage.weprocess.dev\/de\/wp-json\/wp\/v2\/product_folder?post=15364"}],"curies":[{"name":"wp","href":"https:\/\/api.w.org\/{rel}","templated":true}]}}