{"id":15363,"date":"2023-05-24T14:43:09","date_gmt":"2023-05-24T14:43:09","guid":{"rendered":"https:\/\/swissmassage.ch\/produit\/sitzmassagesessel-sonderangebot-360\/"},"modified":"2025-10-25T16:56:14","modified_gmt":"2025-10-25T14:56:14","slug":"massagestuhl","status":"publish","type":"product","link":"https:\/\/swissmassage.weprocess.dev\/de\/produits\/massagestuhl\/","title":{"rendered":"Massagestuhl"},"content":{"rendered":"<h2><strong>Massagestuhl f\u00fcr sitzende Massage Modell Amma.<\/strong><\/h2>\n<p>Der Massagesessel ist ideal f\u00fcr schnelle Massagen im Unternehmen oder an einem anderen Ort und erleichtert die Behandlung \u00e4lterer Menschen oder Menschen mit Atemwegsproblemen. Armlehnen f\u00f6rdern die Muskelentspannung bei Ihren Patienten. Neben dem sehr schnellen Aufbau ist der Massagesessel dank seiner Tragetasche auch leicht zu transportieren. Letzterer bietet eine hervorragende Stabilit\u00e4t, verf\u00fcgt \u00fcber eine neigbare Kopfst\u00fctze und ist h\u00f6henverstellbar.   <\/p>\n<p>Flexible und feste <strong>apfelgr\u00fcne<\/strong> Polyurethan-Beschichtung.<br \/>\nWeicher und bequemer Schaumstoff mit einer Dicke von 6 cm.<br \/>\nLeichte und starke Struktur.<br \/>\nAbmessungen h\u00f6henverstellbar.<br \/>\nSehr leicht f\u00fcr einfachen Transport Gewicht 9Kg<br \/>\nSehr solide, auch f\u00fcr korpulente Patienten, tr\u00e4gt 120Kg im Aktivzustand.<br \/>\nEinfach zu handhaben, in 10 Sekunden zu \u00f6ffnen und zu schlie\u00dfen.<br \/>\nTransportabel, f\u00fcr die Arbeit von zu Hause oder im Gesch\u00e4ft.<br \/>\nVibrame-Gummif\u00fc\u00dfe, Garantie f\u00fcr Stabilit\u00e4t.<br \/>\nNeigbare und h\u00f6henverstellbare Kopfst\u00fctze mit Gesichtspolster aus Polyurethan.<br \/>\nPositionierung der Beine in St\u00fctze oder auf dem Boden.<br \/>\nInklusive Tragetasche.<\/p>\n<h3>Philosophie des Sitzmassagestuhls Modell Amma:<\/h3>\n<p>Der Massagestuhl Modell Amma bietet eine praktische und effektive L\u00f6sung f\u00fcr schnelle Massagen im Unternehmen oder an jedem anderen Ort. Es erleichtert die Behandlung von \u00e4lteren Menschen oder Menschen mit Atemwegsproblemen und f\u00f6rdert dank seiner Armlehnen die Muskelentspannung.<br \/>\nGepolstert in weichem und einfarbigem Apfelgr\u00fcn sorgt dieser Stuhl f\u00fcr ein komfortables und hygienisches Massageerlebnis. Sein weicher, 6 cm dicker Schaumstoff bietet optimalen Halt, w\u00e4hrend seine leichte und robuste Struktur die n\u00f6tige Stabilit\u00e4t und den Komfort w\u00e4hrend der Sitzung garantiert.<br \/>\nDer Amma-Stuhl ist h\u00f6henverstellbar, um verschiedenen Benutzern gerecht zu werden, und mit einem Gewicht von nur 9 kg auch sehr leicht, wodurch er leicht zu transportieren ist und sich ideal f\u00fcr die Arbeit von zu Hause oder im Gesch\u00e4ft eignet. Trotz seiner Leichtigkeit ist es f\u00fcr eine Belastung von bis zu 120 kg im aktiven Modus ausgelegt und gew\u00e4hrleistet so die Sicherheit und den Komfort von Patienten aller K\u00f6rpertypen.<br \/>\nEr ist einfach zu handhaben und l\u00e4sst sich in nur 10 Sekunden \u00f6ffnen und schlie\u00dfen, so dass er in jeder Umgebung bequem eingesetzt werden kann. Seine Vibram-Gummif\u00fc\u00dfe garantieren optimale Stabilit\u00e4t w\u00e4hrend der Massagesitzung.<br \/>\nDer Massagesessel ist mit einer verstellbaren und h\u00f6henverstellbaren Kopfst\u00fctze ausgestattet, mit einem Gesichtskissen aus Polyurethan f\u00fcr mehr Komfort. Die Positionierung der Beine kann je nach Vorlieben des Patienten in St\u00fctzform oder auf dem Boden erfolgen.<br \/>\nDieser Massagesessel wird mit seiner Tragetasche geliefert und kann \u00fcberall dort mitgenommen werden, wo eine Massage ben\u00f6tigt wird, und gew\u00e4hrleistet so eine gro\u00dfe Flexibilit\u00e4t und Benutzerfreundlichkeit f\u00fcr reisende Praktiker.<\/p>\n","protected":false},"excerpt":{"rendered":"<p>Massagestuhl f\u00fcr sitzende Massage Modell Amma. Der Massagesessel ist ideal f\u00fcr schnelle Massagen im Unternehmen oder an einem anderen Ort und erleichtert die Behandlung \u00e4lterer Menschen oder Menschen mit Atemwegsproblemen. Armlehnen f\u00f6rdern die Muskelentspannung bei Ihren Patienten. Neben dem sehr schnellen Aufbau ist der Massagesessel dank seiner Tragetasche auch leicht zu transportieren. Letzterer bietet eine&hellip;<\/p>\n","protected":false},"featured_media":17995,"template":"","meta":{"_seopress_robots_primary_cat":"none","_seopress_titles_title":"","_seopress_titles_desc":"Der Massagestuhl Modell Amma bietet eine praktische und effektive L\u00f6sung f\u00fcr schnelle Massagen im Unternehmen oder an jedem anderen Ort.","_seopress_robots_index":""},"pwb-brand":[],"product_brand":[],"product_cat":[1330,1362],"product_tag":[1575,1435,1569,1576],"product_folder":[1005],"class_list":{"0":"post-15363","1":"product","2":"type-product","3":"status-publish","4":"has-post-thumbnail","6":"product_cat-alle-massageliegen-massage-ausstattungen","7":"product_cat-sitzmassage","8":"product_tag-amma-de","9":"product_tag-massage-de","10":"product_tag-massage-im-sitzen","11":"product_tag-massagesessel","12":"product_shipping_class-sperrige-swisspost","14":"first","15":"instock","16":"sale","17":"taxable","18":"shipping-taxable","19":"purchasable","20":"product-type-simple"},"exclude_global_add_ons":[],"addons":[],"brands":[],"_links":{"self":[{"href":"https:\/\/swissmassage.weprocess.dev\/de\/wp-json\/wp\/v2\/product\/15363","targetHints":{"allow":["GET"]}}],"collection":[{"href":"https:\/\/swissmassage.weprocess.dev\/de\/wp-json\/wp\/v2\/product"}],"about":[{"href":"https:\/\/swissmassage.weprocess.dev\/de\/wp-json\/wp\/v2\/types\/product"}],"wp:featuredmedia":[{"embeddable":true,"href":"https:\/\/swissmassage.weprocess.dev\/de\/wp-json\/wp\/v2\/media\/17995"}],"wp:attachment":[{"href":"https:\/\/swissmassage.weprocess.dev\/de\/wp-json\/wp\/v2\/media?parent=15363"}],"wp:term":[{"taxonomy":"pwb-brand","embeddable":true,"href":"https:\/\/swissmassage.weprocess.dev\/de\/wp-json\/wp\/v2\/pwb-brand?post=15363"},{"taxonomy":"product_brand","embeddable":true,"href":"https:\/\/swissmassage.weprocess.dev\/de\/wp-json\/wp\/v2\/product_brand?post=15363"},{"taxonomy":"product_cat","embeddable":true,"href":"https:\/\/swissmassage.weprocess.dev\/de\/wp-json\/wp\/v2\/product_cat?post=15363"},{"taxonomy":"product_tag","embeddable":true,"href":"https:\/\/swissmassage.weprocess.dev\/de\/wp-json\/wp\/v2\/product_tag?post=15363"},{"taxonomy":"product_folder","embeddable":true,"href":"https:\/\/swissmassage.weprocess.dev\/de\/wp-json\/wp\/v2\/product_folder?post=15363"}],"curies":[{"name":"wp","href":"https:\/\/api.w.org\/{rel}","templated":true}]}}